{"id":13294,"date":"2023-10-02T06:15:42","date_gmt":"2023-10-02T03:15:42","guid":{"rendered":"https:\/\/dreamfiregrill.com\/zubehoer\/"},"modified":"2023-10-02T06:15:43","modified_gmt":"2023-10-02T03:15:43","slug":"zubehoer","status":"publish","type":"page","link":"https:\/\/dreamfiregrill.com\/de\/zubehoer\/","title":{"rendered":"Zubeh\u00f6r"},"content":{"rendered":"\t\t<div data-elementor-type=\"wp-page\" data-elementor-id=\"13294\" class=\"elementor elementor-13294 elementor-832\" data-elementor-post-type=\"page\">\n\t\t\t\t\t\t<section class=\"elementor-section elementor-top-section elementor-element elementor-element-665354da elementor-section-boxed elementor-section-height-default elementor-section-height-default\" data-id=\"665354da\" data-element_type=\"section\" data-e-type=\"section\">\n\t\t\t\t\t\t<div class=\"elementor-container elementor-column-gap-default\">\n\t\t\t\t\t<div class=\"elementor-column elementor-col-100 elementor-top-column elementor-element elementor-element-17a0ca15\" data-id=\"17a0ca15\" data-element_type=\"column\" data-e-type=\"column\">\n\t\t\t<div class=\"elementor-widget-wrap elementor-element-populated\">\n\t\t\t\t\t\t<div class=\"elementor-element elementor-element-c2c1cfb elementor-widget elementor-widget-heading\" data-id=\"c2c1cfb\" data-element_type=\"widget\" data-e-type=\"widget\" data-widget_type=\"heading.default\">\n\t\t\t\t<div class=\"elementor-widget-container\">\n\t\t\t\t\t<h1 class=\"elementor-heading-title elementor-size-default\">Ein Dreamfire. Unendliche M\u00f6glichkeiten.<\/h1>\t\t\t\t<\/div>\n\t\t\t\t<\/div>\n\t\t\t\t<div class=\"elementor-element elementor-element-c909af0 gallery-spacing-custom elementor-widget elementor-widget-image-gallery\" data-id=\"c909af0\" data-element_type=\"widget\" data-e-type=\"widget\" data-widget_type=\"image-gallery.default\">\n\t\t\t\t<div class=\"elementor-widget-container\">\n\t\t\t\t\t\t\t<div class=\"elementor-image-gallery\">\n\t\t\t<div id='gallery-1' class='gallery galleryid-13294 gallery-columns-3 gallery-size-medium'><figure class='gallery-item'>\n\t\t\t<div class='gallery-icon landscape'>\n\t\t\t\t<a data-elementor-open-lightbox=\"yes\" data-elementor-lightbox-slideshow=\"c909af0\" data-e-action-hash=\"#elementor-action%3Aaction%3Dlightbox%26settings%3DeyJpZCI6MTMyOTUsInVybCI6Imh0dHBzOlwvXC9kcmVhbWZpcmVncmlsbC5jb21cL3dwLWNvbnRlbnRcL3VwbG9hZHNcLzIwMTlcLzA0XC9ERjE1NzMxLmpwZyIsInNsaWRlc2hvdyI6ImM5MDlhZjAifQ%3D%3D\" href='https:\/\/dreamfiregrill.com\/wp-content\/uploads\/2019\/04\/DF15731.jpg'><img fetchpriority=\"high\" decoding=\"async\" width=\"300\" height=\"225\" src=\"https:\/\/dreamfiregrill.com\/wp-content\/uploads\/2019\/04\/DF15731-300x225.jpg\" class=\"attachment-medium size-medium\" alt=\"\" srcset=\"https:\/\/dreamfiregrill.com\/wp-content\/uploads\/2019\/04\/DF15731-300x225.jpg 300w, https:\/\/dreamfiregrill.com\/wp-content\/uploads\/2019\/04\/DF15731-500x374.jpg 500w, https:\/\/dreamfiregrill.com\/wp-content\/uploads\/2019\/04\/DF15731-700x524.jpg 700w, https:\/\/dreamfiregrill.com\/wp-content\/uploads\/2019\/04\/DF15731-200x150.jpg 200w, https:\/\/dreamfiregrill.com\/wp-content\/uploads\/2019\/04\/DF15731-400x299.jpg 400w, https:\/\/dreamfiregrill.com\/wp-content\/uploads\/2019\/04\/DF15731-600x449.jpg 600w, https:\/\/dreamfiregrill.com\/wp-content\/uploads\/2019\/04\/DF15731.jpg 720w\" sizes=\"(max-width: 300px) 100vw, 300px\" title=\"\"><\/a>\n\t\t\t<\/div><\/figure><figure class='gallery-item'>\n\t\t\t<div class='gallery-icon landscape'>\n\t\t\t\t<a data-elementor-open-lightbox=\"yes\" data-elementor-lightbox-slideshow=\"c909af0\" data-e-action-hash=\"#elementor-action%3Aaction%3Dlightbox%26settings%3DeyJpZCI6MTMyOTYsInVybCI6Imh0dHBzOlwvXC9kcmVhbWZpcmVncmlsbC5jb21cL3dwLWNvbnRlbnRcL3VwbG9hZHNcLzIwMTlcLzA0XC9HcmlsbC05Ni1zY2FsZWQuanBnIiwic2xpZGVzaG93IjoiYzkwOWFmMCJ9\" href='https:\/\/dreamfiregrill.com\/wp-content\/uploads\/2019\/04\/Grill-96-scaled.jpg'><img decoding=\"async\" width=\"300\" height=\"300\" src=\"https:\/\/dreamfiregrill.com\/wp-content\/uploads\/2019\/04\/Grill-96-300x300.jpg\" class=\"attachment-medium size-medium\" alt=\"\" srcset=\"https:\/\/dreamfiregrill.com\/wp-content\/uploads\/2019\/04\/Grill-96-300x300.jpg 300w, https:\/\/dreamfiregrill.com\/wp-content\/uploads\/2019\/04\/Grill-96-500x500.jpg 500w, https:\/\/dreamfiregrill.com\/wp-content\/uploads\/2019\/04\/Grill-96-100x100.jpg 100w, https:\/\/dreamfiregrill.com\/wp-content\/uploads\/2019\/04\/Grill-96-700x700.jpg 700w, https:\/\/dreamfiregrill.com\/wp-content\/uploads\/2019\/04\/Grill-96-150x150.jpg 150w, https:\/\/dreamfiregrill.com\/wp-content\/uploads\/2019\/04\/Grill-96-768x768.jpg 768w, https:\/\/dreamfiregrill.com\/wp-content\/uploads\/2019\/04\/Grill-96-1024x1024.jpg 1024w, https:\/\/dreamfiregrill.com\/wp-content\/uploads\/2019\/04\/Grill-96-66x66.jpg 66w, https:\/\/dreamfiregrill.com\/wp-content\/uploads\/2019\/04\/Grill-96-200x200.jpg 200w, https:\/\/dreamfiregrill.com\/wp-content\/uploads\/2019\/04\/Grill-96-400x400.jpg 400w, https:\/\/dreamfiregrill.com\/wp-content\/uploads\/2019\/04\/Grill-96-600x600.jpg 600w, https:\/\/dreamfiregrill.com\/wp-content\/uploads\/2019\/04\/Grill-96-800x800.jpg 800w, https:\/\/dreamfiregrill.com\/wp-content\/uploads\/2019\/04\/Grill-96-1200x1200.jpg 1200w\" sizes=\"(max-width: 300px) 100vw, 300px\" title=\"\"><\/a>\n\t\t\t<\/div><\/figure><figure class='gallery-item'>\n\t\t\t<div class='gallery-icon landscape'>\n\t\t\t\t<a data-elementor-open-lightbox=\"yes\" data-elementor-lightbox-slideshow=\"c909af0\" data-e-action-hash=\"#elementor-action%3Aaction%3Dlightbox%26settings%3DeyJpZCI6MTIwNzgsInVybCI6Imh0dHBzOlwvXC9kcmVhbWZpcmVncmlsbC5jb21cL3dwLWNvbnRlbnRcL3VwbG9hZHNcLzIwMTlcLzA0XC9ERjE1NzIzLTFfZml4ZWQuanBnIiwic2xpZGVzaG93IjoiYzkwOWFmMCJ9\" data-elementor-lightbox-title=\"Dreamfire Grillerweiterung\" href='https:\/\/dreamfiregrill.com\/wp-content\/uploads\/2019\/04\/DF15723-1_fixed.jpg'><img decoding=\"async\" width=\"300\" height=\"300\" src=\"https:\/\/dreamfiregrill.com\/wp-content\/uploads\/2019\/04\/DF15723-1_fixed-300x300.jpg\" class=\"attachment-medium size-medium\" alt=\"Dreamfire Grillerweiterung\" srcset=\"https:\/\/dreamfiregrill.com\/wp-content\/uploads\/2019\/04\/DF15723-1_fixed-300x300.jpg 300w, https:\/\/dreamfiregrill.com\/wp-content\/uploads\/2019\/04\/DF15723-1_fixed-500x500.jpg 500w, https:\/\/dreamfiregrill.com\/wp-content\/uploads\/2019\/04\/DF15723-1_fixed-100x100.jpg 100w, https:\/\/dreamfiregrill.com\/wp-content\/uploads\/2019\/04\/DF15723-1_fixed-700x700.jpg 700w, https:\/\/dreamfiregrill.com\/wp-content\/uploads\/2019\/04\/DF15723-1_fixed-150x150.jpg 150w, https:\/\/dreamfiregrill.com\/wp-content\/uploads\/2019\/04\/DF15723-1_fixed-66x66.jpg 66w, https:\/\/dreamfiregrill.com\/wp-content\/uploads\/2019\/04\/DF15723-1_fixed-200x200.jpg 200w, https:\/\/dreamfiregrill.com\/wp-content\/uploads\/2019\/04\/DF15723-1_fixed-400x400.jpg 400w, https:\/\/dreamfiregrill.com\/wp-content\/uploads\/2019\/04\/DF15723-1_fixed-600x600.jpg 600w, https:\/\/dreamfiregrill.com\/wp-content\/uploads\/2019\/04\/DF15723-1_fixed.jpg 746w\" sizes=\"(max-width: 300px) 100vw, 300px\" title=\"\"><\/a>\n\t\t\t<\/div><\/figure><figure class='gallery-item'>\n\t\t\t<div class='gallery-icon landscape'>\n\t\t\t\t<a data-elementor-open-lightbox=\"yes\" data-elementor-lightbox-slideshow=\"c909af0\" data-e-action-hash=\"#elementor-action%3Aaction%3Dlightbox%26settings%3DeyJpZCI6MTEyNDIsInVybCI6Imh0dHBzOlwvXC9kcmVhbWZpcmVncmlsbC5jb21cL3dwLWNvbnRlbnRcL3VwbG9hZHNcLzIwMjBcLzAyXC9kcmVhbWZpcmVfbWVhdHNwb3R0ZXIxMDAtMS5qcGciLCJzbGlkZXNob3ciOiJjOTA5YWYwIn0%3D\" data-elementor-lightbox-title=\"dreamfire_meatspotter100\" href='https:\/\/dreamfiregrill.com\/wp-content\/uploads\/2020\/02\/dreamfire_meatspotter100-1.jpg'><img loading=\"lazy\" decoding=\"async\" width=\"300\" height=\"280\" src=\"https:\/\/dreamfiregrill.com\/wp-content\/uploads\/2020\/02\/dreamfire_meatspotter100-1-300x280.jpg\" class=\"attachment-medium size-medium\" alt=\"\" srcset=\"https:\/\/dreamfiregrill.com\/wp-content\/uploads\/2020\/02\/dreamfire_meatspotter100-1-300x280.jpg 300w, https:\/\/dreamfiregrill.com\/wp-content\/uploads\/2020\/02\/dreamfire_meatspotter100-1-500x466.jpg 500w, https:\/\/dreamfiregrill.com\/wp-content\/uploads\/2020\/02\/dreamfire_meatspotter100-1-200x187.jpg 200w, https:\/\/dreamfiregrill.com\/wp-content\/uploads\/2020\/02\/dreamfire_meatspotter100-1-400x373.jpg 400w, https:\/\/dreamfiregrill.com\/wp-content\/uploads\/2020\/02\/dreamfire_meatspotter100-1.jpg 581w\" sizes=\"(max-width: 300px) 100vw, 300px\" title=\"\"><\/a>\n\t\t\t<\/div><\/figure><figure class='gallery-item'>\n\t\t\t<div class='gallery-icon landscape'>\n\t\t\t\t<a data-elementor-open-lightbox=\"yes\" data-elementor-lightbox-slideshow=\"c909af0\" data-e-action-hash=\"#elementor-action%3Aaction%3Dlightbox%26settings%3DeyJpZCI6MTMyOTAsInVybCI6Imh0dHBzOlwvXC9kcmVhbWZpcmVncmlsbC5jb21cL3dwLWNvbnRlbnRcL3VwbG9hZHNcLzIwMTlcLzA0XC9ERjE1NzMyLXNjYWxlZC5qcGciLCJzbGlkZXNob3ciOiJjOTA5YWYwIn0%3D\" data-elementor-lightbox-title=\"dreamfire_meatspotter100\" href='https:\/\/dreamfiregrill.com\/wp-content\/uploads\/2019\/04\/DF15732-scaled.jpg'><img loading=\"lazy\" decoding=\"async\" width=\"300\" height=\"300\" src=\"https:\/\/dreamfiregrill.com\/wp-content\/uploads\/2019\/04\/DF15732-300x300.jpg\" class=\"attachment-medium size-medium\" alt=\"\" srcset=\"https:\/\/dreamfiregrill.com\/wp-content\/uploads\/2019\/04\/DF15732-300x300.jpg 300w, https:\/\/dreamfiregrill.com\/wp-content\/uploads\/2019\/04\/DF15732-500x500.jpg 500w, https:\/\/dreamfiregrill.com\/wp-content\/uploads\/2019\/04\/DF15732-100x100.jpg 100w, https:\/\/dreamfiregrill.com\/wp-content\/uploads\/2019\/04\/DF15732-700x700.jpg 700w, https:\/\/dreamfiregrill.com\/wp-content\/uploads\/2019\/04\/DF15732-150x150.jpg 150w, https:\/\/dreamfiregrill.com\/wp-content\/uploads\/2019\/04\/DF15732-768x768.jpg 768w, https:\/\/dreamfiregrill.com\/wp-content\/uploads\/2019\/04\/DF15732-1024x1024.jpg 1024w, https:\/\/dreamfiregrill.com\/wp-content\/uploads\/2019\/04\/DF15732-66x66.jpg 66w, https:\/\/dreamfiregrill.com\/wp-content\/uploads\/2019\/04\/DF15732-200x200.jpg 200w, https:\/\/dreamfiregrill.com\/wp-content\/uploads\/2019\/04\/DF15732-400x400.jpg 400w, https:\/\/dreamfiregrill.com\/wp-content\/uploads\/2019\/04\/DF15732-600x600.jpg 600w, https:\/\/dreamfiregrill.com\/wp-content\/uploads\/2019\/04\/DF15732-800x800.jpg 800w, https:\/\/dreamfiregrill.com\/wp-content\/uploads\/2019\/04\/DF15732-1200x1200.jpg 1200w\" sizes=\"(max-width: 300px) 100vw, 300px\" title=\"\"><\/a>\n\t\t\t<\/div><\/figure><figure class='gallery-item'>\n\t\t\t<div class='gallery-icon portrait'>\n\t\t\t\t<a data-elementor-open-lightbox=\"yes\" data-elementor-lightbox-slideshow=\"c909af0\" data-e-action-hash=\"#elementor-action%3Aaction%3Dlightbox%26settings%3DeyJpZCI6MTEyNDcsInVybCI6Imh0dHBzOlwvXC9kcmVhbWZpcmVncmlsbC5jb21cL3dwLWNvbnRlbnRcL3VwbG9hZHNcLzIwMjBcLzAyXC9kcmVhbWZpcmUtYmJxLWdsb3ZlLTEuanBnIiwic2xpZGVzaG93IjoiYzkwOWFmMCJ9\" data-elementor-lightbox-title=\"dreamfire kuumakindel grillimise kinnas\" href='https:\/\/dreamfiregrill.com\/wp-content\/uploads\/2020\/02\/dreamfire-bbq-glove-1.jpg'><img loading=\"lazy\" decoding=\"async\" width=\"225\" height=\"300\" src=\"https:\/\/dreamfiregrill.com\/wp-content\/uploads\/2020\/02\/dreamfire-bbq-glove-1-225x300.jpg\" class=\"attachment-medium size-medium\" alt=\"dreamfire bbq glove\" srcset=\"https:\/\/dreamfiregrill.com\/wp-content\/uploads\/2020\/02\/dreamfire-bbq-glove-1-225x300.jpg 225w, https:\/\/dreamfiregrill.com\/wp-content\/uploads\/2020\/02\/dreamfire-bbq-glove-1-200x267.jpg 200w, https:\/\/dreamfiregrill.com\/wp-content\/uploads\/2020\/02\/dreamfire-bbq-glove-1-400x534.jpg 400w, https:\/\/dreamfiregrill.com\/wp-content\/uploads\/2020\/02\/dreamfire-bbq-glove-1.jpg 448w\" sizes=\"(max-width: 225px) 100vw, 225px\" title=\"\"><\/a>\n\t\t\t<\/div><\/figure><figure class='gallery-item'>\n\t\t\t<div class='gallery-icon landscape'>\n\t\t\t\t<a data-elementor-open-lightbox=\"yes\" data-elementor-lightbox-slideshow=\"c909af0\" data-e-action-hash=\"#elementor-action%3Aaction%3Dlightbox%26settings%3DeyJpZCI6MTE4MDAsInVybCI6Imh0dHBzOlwvXC9kcmVhbWZpcmVncmlsbC5jb21cL3dwLWNvbnRlbnRcL3VwbG9hZHNcLzIwMTlcLzA0XC9ERjE1NzE3LXNjYWxlZC5qcGciLCJzbGlkZXNob3ciOiJjOTA5YWYwIn0%3D\" data-elementor-lightbox-title=\"Dreamfire Rippchenhalter\" href='https:\/\/dreamfiregrill.com\/wp-content\/uploads\/2019\/04\/DF15717-scaled.jpg'><img loading=\"lazy\" decoding=\"async\" width=\"300\" height=\"300\" src=\"https:\/\/dreamfiregrill.com\/wp-content\/uploads\/2019\/04\/DF15717-300x300.jpg\" class=\"attachment-medium size-medium\" alt=\"Dreamfire Rippchenhalter\" srcset=\"https:\/\/dreamfiregrill.com\/wp-content\/uploads\/2019\/04\/DF15717-300x300.jpg 300w, https:\/\/dreamfiregrill.com\/wp-content\/uploads\/2019\/04\/DF15717-500x500.jpg 500w, https:\/\/dreamfiregrill.com\/wp-content\/uploads\/2019\/04\/DF15717-100x100.jpg 100w, https:\/\/dreamfiregrill.com\/wp-content\/uploads\/2019\/04\/DF15717-700x700.jpg 700w, https:\/\/dreamfiregrill.com\/wp-content\/uploads\/2019\/04\/DF15717-150x150.jpg 150w, https:\/\/dreamfiregrill.com\/wp-content\/uploads\/2019\/04\/DF15717-768x768.jpg 768w, https:\/\/dreamfiregrill.com\/wp-content\/uploads\/2019\/04\/DF15717-1024x1024.jpg 1024w, https:\/\/dreamfiregrill.com\/wp-content\/uploads\/2019\/04\/DF15717-66x66.jpg 66w, https:\/\/dreamfiregrill.com\/wp-content\/uploads\/2019\/04\/DF15717-200x200.jpg 200w, https:\/\/dreamfiregrill.com\/wp-content\/uploads\/2019\/04\/DF15717-400x400.jpg 400w, https:\/\/dreamfiregrill.com\/wp-content\/uploads\/2019\/04\/DF15717-600x600.jpg 600w, https:\/\/dreamfiregrill.com\/wp-content\/uploads\/2019\/04\/DF15717-800x800.jpg 800w, https:\/\/dreamfiregrill.com\/wp-content\/uploads\/2019\/04\/DF15717-1200x1200.jpg 1200w\" sizes=\"(max-width: 300px) 100vw, 300px\" title=\"\"><\/a>\n\t\t\t<\/div><\/figure>\n\t\t<\/div>\n\t\t<\/div>\n\t\t\t\t\t\t<\/div>\n\t\t\t\t<\/div>\n\t\t\t\t<div class=\"elementor-element elementor-element-15d1e1af elementor-widget elementor-widget-text-editor\" data-id=\"15d1e1af\" data-element_type=\"widget\" data-e-type=\"widget\" data-widget_type=\"text-editor.default\">\n\t\t\t\t<div class=\"elementor-widget-container\">\n\t\t\t\t\t\t\t\t\t<p>St\u00f6bern Sie in allen Zubeh\u00f6rteilen:<\/p>\n\t\t\t\t\t\t\t\t<\/div>\n\t\t\t\t<\/div>\n\t\t\t\t\t<\/div>\n\t\t<\/div>\n\t\t\t\t\t<\/div>\n\t\t<\/section>\n\t\t\t\t<\/div>\n\t\t","protected":false},"excerpt":{"rendered":"<p>Ein Dreamfire. Unendliche M\u00f6glichkeiten. St\u00f6bern Sie in allen Zubeh\u00f6rteilen:<\/p>\n","protected":false},"author":2,"featured_media":0,"parent":0,"menu_order":0,"comment_status":"closed","ping_status":"closed","template":"elementor_header_footer","meta":{"footnotes":""},"class_list":["post-13294","page","type-page","status-publish","hentry"],"blocksy_meta":{"styles_descriptor":{"styles":{"desktop":"","tablet":"","mobile":""},"google_fonts":[],"version":6}},"_links":{"self":[{"href":"https:\/\/dreamfiregrill.com\/de\/wp-json\/wp\/v2\/pages\/13294","targetHints":{"allow":["GET"]}}],"collection":[{"href":"https:\/\/dreamfiregrill.com\/de\/wp-json\/wp\/v2\/pages"}],"about":[{"href":"https:\/\/dreamfiregrill.com\/de\/wp-json\/wp\/v2\/types\/page"}],"author":[{"embeddable":true,"href":"https:\/\/dreamfiregrill.com\/de\/wp-json\/wp\/v2\/users\/2"}],"replies":[{"embeddable":true,"href":"https:\/\/dreamfiregrill.com\/de\/wp-json\/wp\/v2\/comments?post=13294"}],"version-history":[{"count":1,"href":"https:\/\/dreamfiregrill.com\/de\/wp-json\/wp\/v2\/pages\/13294\/revisions"}],"predecessor-version":[{"id":13298,"href":"https:\/\/dreamfiregrill.com\/de\/wp-json\/wp\/v2\/pages\/13294\/revisions\/13298"}],"wp:attachment":[{"href":"https:\/\/dreamfiregrill.com\/de\/wp-json\/wp\/v2\/media?parent=13294"}],"curies":[{"name":"wp","href":"https:\/\/api.w.org\/{rel}","templated":true}]}}