{"id":13308,"date":"2023-10-02T08:45:14","date_gmt":"2023-10-02T05:45:14","guid":{"rendered":"https:\/\/dreamfiregrill.com\/handbuecher\/"},"modified":"2023-10-02T08:45:15","modified_gmt":"2023-10-02T05:45:15","slug":"handbuecher","status":"publish","type":"page","link":"https:\/\/dreamfiregrill.com\/de\/handbuecher\/","title":{"rendered":"Handb\u00fccher"},"content":{"rendered":"\t\t<div data-elementor-type=\"wp-page\" data-elementor-id=\"13308\" class=\"elementor elementor-13308 elementor-11644\" data-elementor-post-type=\"page\">\n\t\t\t\t\t\t<section class=\"elementor-section elementor-top-section elementor-element elementor-element-b88bc28 elementor-section-boxed elementor-section-height-default elementor-section-height-default\" data-id=\"b88bc28\" data-element_type=\"section\" data-e-type=\"section\">\n\t\t\t\t\t\t<div class=\"elementor-container elementor-column-gap-default\">\n\t\t\t\t\t<div class=\"elementor-column elementor-col-100 elementor-top-column elementor-element elementor-element-9038a94\" data-id=\"9038a94\" data-element_type=\"column\" data-e-type=\"column\">\n\t\t\t<div class=\"elementor-widget-wrap elementor-element-populated\">\n\t\t\t\t\t\t<div class=\"elementor-element elementor-element-84a4583 elementor-toc--minimized-on-tablet elementor-widget elementor-widget-table-of-contents\" data-id=\"84a4583\" data-element_type=\"widget\" data-e-type=\"widget\" data-settings=\"{&quot;exclude_headings_by_selector&quot;:[],&quot;headings_by_tags&quot;:[&quot;h2&quot;,&quot;h3&quot;,&quot;h4&quot;,&quot;h5&quot;,&quot;h6&quot;],&quot;marker_view&quot;:&quot;numbers&quot;,&quot;no_headings_message&quot;:&quot;No headings were found on this page.&quot;,&quot;minimize_box&quot;:&quot;yes&quot;,&quot;minimized_on&quot;:&quot;tablet&quot;,&quot;hierarchical_view&quot;:&quot;yes&quot;,&quot;min_height&quot;:{&quot;unit&quot;:&quot;px&quot;,&quot;size&quot;:&quot;&quot;,&quot;sizes&quot;:[]},&quot;min_height_tablet&quot;:{&quot;unit&quot;:&quot;px&quot;,&quot;size&quot;:&quot;&quot;,&quot;sizes&quot;:[]},&quot;min_height_mobile&quot;:{&quot;unit&quot;:&quot;px&quot;,&quot;size&quot;:&quot;&quot;,&quot;sizes&quot;:[]}}\" data-widget_type=\"table-of-contents.default\">\n\t\t\t\t<div class=\"elementor-widget-container\">\n\t\t\t\t\t\t\t\t\t<div class=\"elementor-toc__header\">\n\t\t\t\t\t\t<h3 class=\"elementor-toc__header-title\">\n\t\t\t\tSprachen\t\t\t<\/h3>\n\t\t\t\t\t\t\t\t\t\t<div class=\"elementor-toc__toggle-button elementor-toc__toggle-button--expand\" role=\"button\" tabindex=\"0\" aria-controls=\"elementor-toc__84a4583\" aria-expanded=\"true\" aria-label=\"Open table of contents\"><i aria-hidden=\"true\" class=\"fas fa-chevron-down\"><\/i><\/div>\n\t\t\t\t<div class=\"elementor-toc__toggle-button elementor-toc__toggle-button--collapse\" role=\"button\" tabindex=\"0\" aria-controls=\"elementor-toc__84a4583\" aria-expanded=\"true\" aria-label=\"Close table of contents\"><i aria-hidden=\"true\" class=\"fas fa-chevron-up\"><\/i><\/div>\n\t\t\t\t\t<\/div>\n\t\t\t\t<div id=\"elementor-toc__84a4583\" class=\"elementor-toc__body\">\n\t\t\t<div class=\"elementor-toc__spinner-container\">\n\t\t\t\t<i class=\"elementor-toc__spinner eicon-animation-spin eicon-loading\" aria-hidden=\"true\"><\/i>\t\t\t<\/div>\n\t\t<\/div>\n\t\t\t\t\t\t<\/div>\n\t\t\t\t<\/div>\n\t\t\t\t\t<\/div>\n\t\t<\/div>\n\t\t\t\t\t<\/div>\n\t\t<\/section>\n\t\t\t\t<section class=\"elementor-section elementor-top-section elementor-element elementor-element-11557fd elementor-section-boxed elementor-section-height-default elementor-section-height-default\" data-id=\"11557fd\" data-element_type=\"section\" data-e-type=\"section\">\n\t\t\t\t\t\t<div class=\"elementor-container elementor-column-gap-default\">\n\t\t\t\t\t<div class=\"elementor-column elementor-col-100 elementor-top-column elementor-element elementor-element-c9fe3d1\" data-id=\"c9fe3d1\" data-element_type=\"column\" data-e-type=\"column\">\n\t\t\t<div class=\"elementor-widget-wrap elementor-element-populated\">\n\t\t\t\t\t\t<div class=\"elementor-element elementor-element-b858967 elementor-widget__width-initial elementor-widget elementor-widget-text-editor\" data-id=\"b858967\" data-element_type=\"widget\" data-e-type=\"widget\" data-widget_type=\"text-editor.default\">\n\t\t\t\t<div class=\"elementor-widget-container\">\n\t\t\t\t\t\t\t\t\tDeutsch\r\nBitte bewahren Sie die Bedienungsanleitung auf.\r\nAchtung \u2013 entfernen Sie vorsichtig die Verpackung um den Ofen herum, aber bewahren Sie die Gebrauchsanweisung auf. Bitte beachten Sie alle Sicherheitsvorkehrungen, die in der Gebrauchsanweisung angegeben sind. Bitte lesen Sie die Bedienungsanleitung sorgf\u00e4ltig durch und bewahren Sie sie f\u00fcr die Zukunft auf.\r\n\r\nWarnungen !\r\n\r\nDiese Kamado ist nur f\u00fcr den Au\u00dfenbereich bestimmt. NICHT in Innenr\u00e4umen oder auf einem Balkon, Boot oder einem anderen geschlossenen Raum verwenden.\r\n\u2022 Halten Sie Kinder und Haustiere immer in sicherem Abstand zum Kamado, wenn der Grill hei\u00df ist.\r\n\u2022 Lassen Sie ein brennendes Feuer niemals unbeaufsichtigt.\r\n\u2022 Brandgefahr \u2013 w\u00e4hrend des Gebrauchs k\u00f6nnen hei\u00dfe Kohlen freigesetzt werden.\r\n\u2022 VORSICHT \u2013 Verwenden Sie KEIN Benzin, Lackbenzin, Z\u00fcndfl\u00fcssigkeit, Alkohol oder andere Chemikalien zum Z\u00fcnden.\r\n\r\nDiese Art von Fl\u00fcssigkeit dringt in den Keramikk\u00f6rper ein und hinterl\u00e4sst einen Geschmack in den im Kamado zubereiteten Speisen und kann gesundheitssch\u00e4dlich sein. Verwenden Sie nur Kochz\u00fcndquellen, um den Grill zu entz\u00fcnden.\r\n\u2022 Es wird empfohlen, in Kamado Holzkohle zu verwenden. Grillkohle brennt l\u00e4nger und produziert weniger Asche &#8211; \u00fcbersch\u00fcssige Asche schr\u00e4nkt den Luftstrom ein. Verwenden Sie keine Heizbriketts, \u00d6lschiefer oder Kohle.\r\n\u2022 WICHTIG: Beim \u00d6ffnen des Deckels bei hohen Temperaturen ist es wichtig, den Deckel nur leicht anzuheben, damit die Luft langsam und sicher eindringen kann. Wird der Deckel schnell ge\u00f6ffnet, besteht die Gefahr, dass die Flamme pl\u00f6tzlich aus dem Grill aufsteigt und Verletzungen verursachen kann.\r\n\u2022 Verwenden Sie Kamado NICHT auf einer Holzterrasse oder anderen brennbaren Oberfl\u00e4chen wie trockenem Gras, Holzsp\u00e4nen, Bl\u00e4ttern oder dekorativer Rinde.\r\n\r\n\u2022 Stellen Sie sicher, dass Kamado mindestens 3 Meter von allen brennbaren Gegenst\u00e4nden entfernt ist. Verwenden Sie den Grill immer gem\u00e4\u00df allen geltenden \u00f6rtlichen Brandschutzvorschriften.\r\n\u2022 Halten Sie den Feuerl\u00f6scher immer griffbereit, w\u00e4hrend Sie Kamado verwenden.\r\n\u2022 Verwenden Sie Kamado nicht als Ofen\/Kamin oder M\u00f6bel.\r\n\u2022 Bewegen Sie den Kamado niemals, wenn er in Gebrauch oder hei\u00df ist. Der Keramikk\u00f6rper wird w\u00e4hrend des Kochens hei\u00df und es kann bis zu 12 Stunden dauern, bis der Kamado abgek\u00fchlt ist.\r\n\r\n\u2022 Verwenden Sie beim Umgang mit hei\u00dfer Keramik, Backfl\u00e4chen und beim Entfernen von Lebensmitteln immer hitzebest\u00e4ndige Handschuhe.\r\n\u2022 Die L\u00fcftungsschlitze sind w\u00e4hrend des Kamado-Gebrauchs und auch nach dem Grillen hei\u00df. Tragen Sie hitzebest\u00e4ndige Handschuhe, um Verbrennungen zu vermeiden.\r\n\u2022 Lassen Sie das Ger\u00e4t vollst\u00e4ndig abk\u00fchlen, bevor Sie es bewegen oder lagern.\r\n\u2022 Schieben Sie den Kamado niemals vor sich her &#8211; da der Schwerpunkt des Kamados hoch liegt, reicht nur ein kleiner Stein oder ein anderes Hindernis vor dem Kamado-Rad aus, damit es umf\u00e4llt.\r\n\r\n\u2022 \u00dcberpr\u00fcfen Sie den Kamado vor dem Gebrauch immer auf Besch\u00e4digungen und ersetzen Sie gegebenenfalls die besch\u00e4digten Teile.\r\n\u2022 Wenn Kamado l\u00e4ngere Zeit nicht benutzt wird, empfehlen wir, Holzseitenbrette zu entfernen \u2013 sie k\u00f6nnen durch Regen, starken Wind, Feuchtigkeit, direkte Sonneneinstrahlung usw. besch\u00e4digt werden.\r\n\u2022 Wir empfehlen die Verwendung eines speziellen Dreamfire Kamado-Regenschutzes, um Kamado vor Witterungseinfl\u00fcssen zu sch\u00fctzen. Achten Sie darauf, dass der Regen nicht unter 5 Grad Celsius in den Keramikk\u00f6rper f\u00e4llt.\r\n\r\nFeuchtigkeit kann in das gegossene Keramikgeh\u00e4use eindringen und gefrieren, was zu Mikrorissen im Keramikk\u00f6rper f\u00fchren kann. Wenn Wasser in das Keramikgeh\u00e4use gelangt, wischen Sie es mit einem trockenen Tuch ab und heizen Sie den Grill bei niedriger Temperatur auf, bis das Wasser verdunstet ist.\r\n\u2022 Legen Sie niemals einen Regenschutz auf einen hei\u00dfen oder warmen Grill!\r\n\u2022 Verriegeln Sie Ihre Kamado-R\u00e4der immer. Starke Winde k\u00f6nnen Ihren Kamado bewegen. Dies ist wahrscheinlicher, wenn Sie eine Regenh\u00fclle verwenden, auch wenn die R\u00e4der blockiert sind.\r\n\r\nLagern Sie Kamado nicht am Rand der Terrasse oder bei nassem Wetter auf einer rutschigen Terrasse mit starkem Wind.\r\n\u2022 Verwenden Sie Kamado nicht als Kamin oder Kamin \u2013 dies kann die Filzdichtung besch\u00e4digen.\r\n\u2022 Dieser Kamado ist NICHT f\u00fcr den kommerziellen Gebrauch bestimmt.\r\n\u2022 Erw\u00e4rmen Sie Kamado w\u00e4hrend des ersten Garens nicht \u00fcber 170-180 Grad Celsius. Lassen Sie das Feuer 30 Minuten lang brennen, bevor Sie das Grillgut w\u00e4hrend des ersten Garens auf den Grill legen.\r\n\r\n\u2022 Verwenden Sie nicht zu viel Holzkohle gleichzeitig \u2013 zu starkes Feuer kann Kamado besch\u00e4digen.\r\n\u2022 Verwenden Sie den Grill nur auf einer ebenen, nicht brennbaren und stabilen Oberfl\u00e4che. Bewegen Sie den Grill nicht auf einer unebenen Oberfl\u00e4che.\r\n\u2022 \u00dcberpr\u00fcfen Sie nach dem ersten Gebrauch den festen Sitz aller Befestigungselemente. Der Metallg\u00fcrtel, der Ihren Deckel mit dem Boden verbindet, dehnt sich bei Hitze aus und seine Spannung kann abnehmen. Es wird empfohlen, den Gurt zu inspizieren und gegebenenfalls zu straffen.\r\n\r\n\u2022 So l\u00f6schen Sie Kamado \u2013 H\u00f6ren Sie auf, Kraftstoff nachzuf\u00fcllen, und schlie\u00dfen Sie alle L\u00fcftungsschlitze und den Deckel, damit das Licht auf nat\u00fcrliche Weise erl\u00f6schen kann. Verwenden Sie KEIN Wasser, um die Holzkohle zu l\u00f6schen, da dies ein Fettfeuer provozieren oder den Kamado besch\u00e4digen kann.\r\n\r\nVersammlung\r\nBevor Sie den Dreamfire Kamado-Grill zusammenbauen, lesen Sie diese Anleitung.\r\n\r\nInstallieren Sie den Grill auf einer weichen Oberfl\u00e4che, um ihn vor versehentlichen Besch\u00e4digungen (z. B. Kratzern) zu sch\u00fctzen. Bewahren Sie diese Anleitung mit dem Grill auf.\r\nWarnung! Ziehen Sie die Schrauben und Muttern nicht zu fest an, da Sie sie sonst brechen oder den Keramikk\u00f6rper besch\u00e4digen k\u00f6nnen. Sie sollten so verklebt sein, dass sie sich nicht manuell l\u00f6sen, aber nicht viel mehr.\r\n\r\n\u00dcberpr\u00fcfen Sie regelm\u00e4\u00dfig die Schrauben \/ Muttern am Grill (mindestens 2 Mal im Jahr).\r\nWarnung \u2013 Entfernen Sie vorsichtig die Verpackung um den Dreamfire Kamado. Werfen Sie die Gebrauchsanweisung nicht weg. Behalten\r\nKamado-Deckel w\u00e4hrend des Zusammenbaus geschlossen. Entfernen und packen Sie alles aus dem Inneren des Kamados und der Verpackung aus, bevor Sie mit dem Zusammenbau beginnen.1 Montage des Fu\u00dfrahmens\r\nF\u00fcr eine einfache Montage drehen Sie den Fu\u00dfrahmen auf den Kopf. Montieren Sie den Fu\u00dfrahmen, indem Sie zwei Metallkreuze in die Enden der Beine stecken. Schrauben Sie sie mit den im Lieferumfang enthaltenen Schrauben zusammen. Wir empfehlen, die Schrauben festzuziehen, wenn sich alle Schrauben in ihrem Schlitz befinden. Befestigen Sie 8 selbstklebende Polsterpolster an Ihren F\u00fc\u00dfen, wie auf dem Bild gezeigt. Stecken Sie die R\u00e4der durch die L\u00f6cher an den Enden der Beine. Verwenden Sie Muttern und Unterlegscheiben und ziehen Sie die Radschrauben fest.Die feststellbaren R\u00e4der sollten nebeneinander liegen und sich an der Vorderseite des Grills befinden.\r\n\r\n2 seitliche Halterungen f\u00fcr die Ablage\r\nSchrauben Sie die Muttern an den Seiten des Metallbandes an der Unterseite des Geh\u00e4uses des Keramikgrills ab. Platzieren Sie die Rackhalterungen auf den Stiften. Achten Sie darauf, dass die Befestigungs\u00f6ffnungen aus Metall nach oben zeigen. Bringen Sie die Muttern an jedem Gewindestift an und ziehen Sie sie mit dem mitgelieferten Schraubenschl\u00fcssel fest.\r\n\r\n3 Montage des Kamins (je nach Modell &#8211; bei einem einteiligen Kamin fahren Sie mit Punkt 4 fort)\r\n\r\n1. Befestigen Sie die Bodenplatte mit 5 Schrauben an den f\u00fcnf St\u00fctzbeinen wie in Bild 1 gezeigt und stellen Sie sicher, dass alle Schrauben vollst\u00e4ndig verschraubt sind.\r\n\r\n2. Befestigen Sie den oberen Metallring mit f\u00fcnf Schrauben und einer Mutter an den St\u00fctzbeinen, wie in Bild 2 gezeigt. Lassen Sie diese f\u00fcnf N\u00fcsse ohne Abseihen.\r\n\r\n3. Setzen Sie die neun Keramikteile des Kamins wie in Abbildung 3 gezeigt in den Metallrahmen ein.\r\n\r\n4. Befestigen Sie die Spannschraube und die Mutter wie im 4. Bild gezeigt am oberen Ring und ziehen Sie sie fest. Es m\u00fcssen gen\u00fcgend Anstrengungen unternommen werden, damit die Steine in der Feuerstelle fixiert sind, aber nicht in starker Spannung. Wenn sich Keramiksteine ausdehnen k\u00f6nnen, verringert sich die Bruchgefahr. Ziehen Sie 5 Muttern fest, die in Schritt 2 installiert wurden.\r\n\r\nEndmontage\r\nNehmen Sie alle Teile des Dreamfire Kamado-Koffers heraus, bevor Sie ihn auf den Fu\u00dfrahmen heben.\r\n\r\nKamado ist schwer und braucht zwei Personen zum Heben. Verwenden Sie zum Anheben Sideboard-Halterungen (alternativ k\u00f6nnen der untere Teil des hinteren Scharniers und der untere D\u00e4mpfer verwendet werden &#8211; achten Sie in diesem Fall darauf, dass der Kamado beim Anheben ausbalanciert ist) und heben Sie den Kamado auf dem Fu\u00dfrahmen an. Achten Sie beim Anheben auf den Fu\u00dfrahmen darauf, dass sich die feststellbaren R\u00e4der vorne am Grill befinden und sich der untere D\u00e4mpfer in der Mitte der Beine befindet.\r\n\r\nSchlie\u00dfen Sie die Kuppel des Kamados und installieren Sie den oberen D\u00e4mpfer. Montieren Sie den Griff am Deckel (auf der gegen\u00fcberliegenden Seite des Scharniers &#8211; an der Vorderseite des Geh\u00e4uses).\r\n\r\nPlatzieren Sie ein Feuer (entweder ein mehrteiliges Feuer oder einen Feuerring und einen Feuerring) im Kamado.\r\n\r\nStellen Sie den Kohlekorb in den Kamin.\r\n\r\nStellen Sie das mehrstufige Kochsystem LUX auf den Kamin.\r\n\r\nLegen Sie die W\u00e4rmediffusoren und Grillroste in das LUX-Kochsystem.\r\n\r\n&nbsp;\r\n\r\n&nbsp;\r\n\r\n&nbsp;\t\t\t\t\t\t\t\t<\/div>\n\t\t\t\t<\/div>\n\t\t\t\t\t<\/div>\n\t\t<\/div>\n\t\t\t\t\t<\/div>\n\t\t<\/section>\n\t\t\t\t<\/div>\n\t\t","protected":false},"excerpt":{"rendered":"<p>Sprachen Deutsch Bitte bewahren Sie die Bedienungsanleitung auf. Achtung \u2013 entfernen Sie vorsichtig die Verpackung um den Ofen herum, aber bewahren Sie die Gebrauchsanweisung auf. Bitte beachten Sie alle Sicherheitsvorkehrungen, die in der Gebrauchsanweisung angegeben sind. Bitte lesen Sie die Bedienungsanleitung sorgf\u00e4ltig durch und bewahren Sie sie f\u00fcr die Zukunft auf. Warnungen ! Diese Kamado [&hellip;]<\/p>\n","protected":false},"author":28,"featured_media":0,"parent":0,"menu_order":0,"comment_status":"closed","ping_status":"closed","template":"","meta":{"footnotes":""},"class_list":["post-13308","page","type-page","status-publish","hentry"],"blocksy_meta":{"styles_descriptor":{"styles":{"desktop":"","tablet":"","mobile":""},"google_fonts":[],"version":6}},"_links":{"self":[{"href":"https:\/\/dreamfiregrill.com\/de\/wp-json\/wp\/v2\/pages\/13308","targetHints":{"allow":["GET"]}}],"collection":[{"href":"https:\/\/dreamfiregrill.com\/de\/wp-json\/wp\/v2\/pages"}],"about":[{"href":"https:\/\/dreamfiregrill.com\/de\/wp-json\/wp\/v2\/types\/page"}],"author":[{"embeddable":true,"href":"https:\/\/dreamfiregrill.com\/de\/wp-json\/wp\/v2\/users\/28"}],"replies":[{"embeddable":true,"href":"https:\/\/dreamfiregrill.com\/de\/wp-json\/wp\/v2\/comments?post=13308"}],"version-history":[{"count":1,"href":"https:\/\/dreamfiregrill.com\/de\/wp-json\/wp\/v2\/pages\/13308\/revisions"}],"predecessor-version":[{"id":13309,"href":"https:\/\/dreamfiregrill.com\/de\/wp-json\/wp\/v2\/pages\/13308\/revisions\/13309"}],"wp:attachment":[{"href":"https:\/\/dreamfiregrill.com\/de\/wp-json\/wp\/v2\/media?parent=13308"}],"curies":[{"name":"wp","href":"https:\/\/api.w.org\/{rel}","templated":true}]}}