{"id":13339,"date":"2023-10-04T13:07:29","date_gmt":"2023-10-04T10:07:29","guid":{"rendered":"https:\/\/dreamfiregrill.com\/allgemeine-geschaeftsbedingungen\/"},"modified":"2025-05-29T12:58:57","modified_gmt":"2025-05-29T09:58:57","slug":"allgemeine-geschaeftsbedingungen","status":"publish","type":"page","link":"https:\/\/dreamfiregrill.com\/de\/allgemeine-geschaeftsbedingungen\/","title":{"rendered":"Allgemeine Gesch\u00e4ftsbedingungen"},"content":{"rendered":"\t\t<div data-elementor-type=\"wp-page\" data-elementor-id=\"13339\" class=\"elementor elementor-13339 elementor-1118\" data-elementor-post-type=\"page\">\n\t\t\t\t\t\t<section class=\"elementor-section elementor-top-section elementor-element elementor-element-d5508b2 elementor-section-boxed elementor-section-height-default elementor-section-height-default\" data-id=\"d5508b2\" data-element_type=\"section\" data-e-type=\"section\">\n\t\t\t\t\t\t<div class=\"elementor-container elementor-column-gap-default\">\n\t\t\t\t\t<div class=\"elementor-column elementor-col-100 elementor-top-column elementor-element elementor-element-5ce46348\" data-id=\"5ce46348\" data-element_type=\"column\" data-e-type=\"column\">\n\t\t\t<div class=\"elementor-widget-wrap elementor-element-populated\">\n\t\t\t\t\t\t<div class=\"elementor-element elementor-element-f8341f2 elementor-widget elementor-widget-text-editor\" data-id=\"f8341f2\" data-element_type=\"widget\" data-e-type=\"widget\" data-widget_type=\"text-editor.default\">\n\t\t\t\t<div class=\"elementor-widget-container\">\n\t\t\t\t\t\t\t\t\t<p>Der Inhaber des Online-Shops DREAMFIREGRILL.COM (im Folgenden als Online-Shop bezeichnet) ist Arras O\u00dc<br \/>(Registrierungscode 10553332), mit Sitz in Valli tee 17, Vaela k\u00fcla, 75413 Kiili vald, Harju maakond, Estland.<\/p><p>G\u00fcltigkeit des Kaufvertrages, Produkt- und Preisinformationen<\/p><p>Die Verkaufsbedingungen gelten f\u00fcr den Kauf von Waren im Online-Shop.<\/p><p>Die Preise der im Online-Shop verkauften Produkte sind neben den Produkten angegeben. Eine Geb\u00fchr f\u00fcr<br \/>Der Versand wird w\u00e4hrend des Bestellvorgangs zum Preis hinzugef\u00fcgt.<\/p><p>Die Versandkosten h\u00e4ngen vom Standort des K\u00e4ufers und der Versandart ab. Das<br \/>Die Versandart kann ausgew\u00e4hlt werden und die Kosten werden angezeigt, wenn der K\u00e4ufer die Bestellung aufgibt.<\/p><p>Produktinformationen werden direkt neben dem Produkt im Online-Shop bereitgestellt.<\/p><p>Wie kaufe ich?<\/p><p>Legen Sie Ihre gew\u00fcnschten Produkte in den Warenkorb.<br \/>Wenn Sie mit der Auswahl der Produkte fertig sind, fahren Sie mit dem Warenkorb fort. Im Warenkorb sehen Sie alle Artikel in einer Tabelle. Sie k\u00f6nnen die Mengen Ihrer Artikel \u00e4ndern und sie ganz entfernen. Unter &#8222;Warenkorbsummen&#8220; sehen Sie:<br \/>&#8222;Zwischensumme&#8220;, d. h. die Summe aller Artikel, die Sie in Ihren Warenkorb gelegt haben, einschlie\u00dflich der anfallenden Steuern.&#8220;Versand&#8220;, wo Sie eine der Ihnen zur Verf\u00fcgung stehenden Versandarten ausw\u00e4hlen k\u00f6nnen.<br \/>(Detaillierte Informationen hierzu finden Sie im Abschnitt &#8222;Versand&#8220;.)<br \/>&#8222;Gesamt&#8220;, wo Sie die Gesamtkosten Ihrer Bestellung mit allen Steuern und Versandkosten sehen k\u00f6nnen.<br \/>Klicken Sie auf den Button &#8222;Zur Kasse gehen&#8220;.<br \/>Sie werden nach Ihren Rechnungs- und Versandinformationen gefragt, bitte f\u00fcllen Sie die erforderlichen Felder aus.<\/p><p>Sie k\u00f6nnen Ihre Bestellung mit allen Kosten noch einmal \u00fcberpr\u00fcfen. Wenn Ihre Versandart der Versand an ein Paketterminal war, k\u00f6nnen Sie das Terminal ausw\u00e4hlen, an dem Sie Ihre Bestellung abholen m\u00f6chten.<br \/>Als n\u00e4chstes w\u00e4hlen Sie bitte eine geeignete Zahlungsmethode aus. Sie k\u00f6nnen zwischen Sofort\u00fcberweisung (auch bekannt als Bank\u00fcberweisung, bacs) und Zahlungsmethoden w\u00e4hlen, die von unserem Dienstleister Maksekeskus AS bereitgestellt werden: Banklinks der beliebtesten estnischen Banken.Bitte stellen Sie sicher, dass Sie die Datenschutzrichtlinie und die Allgemeinen Gesch\u00e4ftsbedingungen, die Ihnen an der Kasse angezeigt werden, gelesen und akzeptiert haben.<br \/>Wenn Sie feststellen, dass Ihre Bestellung abgeschlossen ist und alles in Ordnung ist, klicken Sie bitte auf &#8222;Bestellung aufgeben&#8220;. Falls es Fehler in Ihrer Bestellung gibt, werden Ihnen oben auf der Seite Richtlinien angezeigt, wie Sie diese beheben k\u00f6nnen.<br \/>Der Vertrag kommt zustande, wenn der zu zahlende Betrag auf das Bankkonto des Online-Shops \u00fcberwiesen wird.<\/p><p>Please see the next paragraph \u201cHow to pay\u201d for direct guidelines.<\/p><p>If we cannot deliver the ordered goods due to stock running out or for any other reason, the purchaser will be informed as soon as possible and the money paid (including the shipping cost) will be refunded promptly, but no later than within 14 days of receiving the notification.<\/p><p><strong>How to pay<\/strong><\/p><p>If you have placed your order during checkout, you can proceed to paying for the order:<\/p><p>Wenn Sie als Zahlungsart &#8222;Sofort\u00fcberweisung&#8220; gew\u00e4hlt haben, leisten Sie bitte Zahlungen an unsere Bankverbindung, die Ihnen nach Abgabe der Bestellung auf der Best\u00e4tigungsseite sowie in der von uns an die von Ihnen angegebene E-Mail-Adresse gesendeten Bestellbest\u00e4tigungs-E-Mail angezeigt wird. Zahlungen per Bank\u00fcberweisung werden so schnell wie m\u00f6glich, sp\u00e4testens jedoch innerhalb von 2 Werktagen nach der Bestellung best\u00e4tigt.<br \/>Wenn Sie sich f\u00fcr eine Zahlungsoption entschieden haben, die von unserem Dienstleister Maksekeskus AS bereitgestellt wird, Sie werden auf die Webseite Ihrer Bank weitergeleitet, wo Sie durch die Zahlung gef\u00fchrt werden. Nachdem Sie die Zahlung get\u00e4tigt haben, w\u00e4hlen Sie bitte immer &#8222;Zur\u00fcck zum H\u00e4ndler&#8220;, dies garantiert, dass die Best\u00e4tigung Ihrer Zahlung sofort in unseren Systemen ankommt und wir die Bestellung so schnell wie m\u00f6glich bearbeiten k\u00f6nnen.<br \/>Alle Zahlungen werden in Euro (EUR) akzeptiert.<\/p><p>Versand<\/p><p>Die Waren werden derzeit in folgende L\u00e4nder geliefert: Estland.<\/p><p>Der K\u00e4ufer tr\u00e4gt die Versandkosten und die jeweiligen Preisinformationen werden neben der Versandart angezeigt.<\/p><p>Es gibt verschiedene Versandarten, die Ihnen je nach Standort, Verf\u00fcgbarkeit und Inhalt Ihres Warenkorbs angezeigt werden:<\/p><p>Wenn Grills oder Au\u00dfenschornsteine in Ihrem Warenkorb enthalten sind, k\u00f6nnen Sie nur die Transportmethode &#8222;Kurier (Estland)&#8220; verwenden, die von unserem Transportpartner OSC Transport O\u00dc bereitgestellt wird.der sich per Telefonnummer mit Ihnen in Verbindung setzt, um den Zeitpunkt der Zustellung der gro\u00dfen Sendung zu vereinbaren.<br \/>Wenn sich nur Zubeh\u00f6r in Ihrem Warenkorb befindet, k\u00f6nnen Sie zus\u00e4tzlich zwischen &#8222;Smartpost Estonia pakiautomaat&#8220; w\u00e4hlen, mit dem Sie Ihre Bestellung am Paketterminal unseres Partners Itella Estonia O\u00dc abholen k\u00f6nnen, oder &#8222;Omniva Estonia pakiautomaat&#8220;, mit dem Sie Ihre Bestellung am Paketterminal unseres Partners AS Eesti Post abholen k\u00f6nnen.<\/p><p>Sie erhalten eine SMS auf Ihr Handy, wenn Ihre Bestellung am Paketterminal eingetroffen ist.<br \/>Alle Sendungen innerhalb Estlands kommen in der Regel innerhalb von 3-7 Werktagen nach Inkrafttreten des Kaufvertrags an dem vom K\u00e4ufer angegebenen Bestimmungsort an.<\/p><p>Wir sind berechtigt, Waren in Ausnahmef\u00e4llen innerhalb von bis zu 45 Kalendertagen zu versenden.<\/p><p>Widerrufsrecht<\/p><p>Nach Erhalt der Bestellung hat der K\u00e4ufer das Recht, innerhalb von 14 Tagen von dem mit dem E-Shop geschlossenen Vertrag zur\u00fcckzutreten.<\/p><p>Das Widerrufsrecht besteht nicht, wenn der K\u00e4ufer eine juristische Person ist.<\/p><p>Um das 14-t\u00e4gige Widerrufsrecht auszu\u00fcben, d\u00fcrfen Sie die bestellte Ware nicht anderweitig verwenden<br \/>als erforderlich ist, um die Art, die Eigenschaften und die Funktionsweise der Waren in derselben<br \/>Auf diese Weise d\u00fcrfen Sie die Waren in einem tats\u00e4chlichen Gesch\u00e4ft testen.<\/p><p>Wenn die Waren f\u00fcr einen anderen Zweck verwendet wurden, als dies zur Gew\u00e4hrleistung der Beschaffenheit erforderlich ist,<br \/>Eigenschaften und Funktionsweise der Ware oder wenn Gebrauchsspuren oder Abnutzungserscheinungen vorhanden sind, hat der Online-Shop das Recht, den zur\u00fcckgegebenen Betrag entsprechend der Wertminderung der Ware zu senken.<\/p><p>Um die Waren zur\u00fcckzusenden, m\u00fcssen Sie eine Widerrufserkl\u00e4rung abgeben (das Formular kann<br \/>B. Widerrufserkl\u00e4rung) innerhalb von 14 Tagen nach<br \/>Entgegennahme der Ware.<\/p><p>Der K\u00e4ufer tr\u00e4gt die Kosten f\u00fcr die R\u00fccksendung der Ware, es sei denn, der Grund f\u00fcr die R\u00fccksendung liegt in der Tatsache, dass ein erstattungsf\u00e4higes Produkt nicht der Bestellung entspricht (z. B. ein falsches oder defektes Produkt).<\/p><p>Der K\u00e4ufer muss die Ware innerhalb von 14 Tagen nach Abgabe der Erkl\u00e4rung \u00fcber die<br \/>R\u00fccktritt oder den Nachweis erbringen, dass sie die Ware innerhalb der<br \/>vorgenannten Zeitraum.<\/p><p>Nach Erhalt der zur\u00fcckgesandten Ware erstattet der Online-Shop dem K\u00e4ufer unverz\u00fcglich, sp\u00e4testens jedoch nach 14 Tagen, alle vom K\u00e4ufer aufgrund des Vertrags erhaltenen Zahlungen.<\/p><p>Der Online-Shop hat das Recht, die R\u00fcckerstattung zu verweigern, bis die zur\u00fcckgegebene Ware<br \/>erhalten oder bis der K\u00e4ufer den Nachweis \u00fcber die R\u00fccksendung der Produkte erbracht hat, je nachdem, was zuerst eintritt.<\/p><p>Wenn der K\u00e4ufer eindeutig eine andere Versandart als die billigste \u00fcbliche Versandart gew\u00e4hlt hat,<br \/>Versand vom Online-Shop angeboten, ist der Shop nicht verpflichtet, die Kosten zu erstatten, die \u00fcber die \u00fcblichen Versandkosten hinausgehen.<\/p><p>Der Online-Shop hat das Recht, vom Verkauf zur\u00fcckzutreten und die R\u00fcckgabe der Ware durch den K\u00e4ufer zu verlangen, wenn der angegebene Preis der Ware im Online-Shop aufgrund eines Fehlers deutlich unter dem Marktpreis der Ware liegt.<\/p><p>Mangelhafte Ware<\/p><p>Der Online-Shop ist verantwortlich f\u00fcr die Nicht\u00fcbereinstimmung der an einen K\u00e4ufer verkauften Waren mit den<br \/>Vertragsbedingungen oder f\u00fcr M\u00e4ngel, die bereits zum Zeitpunkt der Vertragserf\u00fcllung<br \/>Lieferung und die innerhalb von zwei Jahren nach Ablieferung der Ware an den K\u00e4ufer erfolgen. Innerhalb der ersten sechs Monate nach Lieferung wird davon ausgegangen, dass der Mangel zum Zeitpunkt der Lieferung vorhanden war. Es liegt in der Verantwortung des Online-Shops, das Gegenteil zu beweisen.<\/p><p>Der K\u00e4ufer hat das Recht, sich innerhalb von zwei Monaten nach Auftreten eines Mangels per E-Mail an info@dreamfiregrill.com oder telefonisch unter +372 53 269 289 an den Online-Shop zu wenden.<\/p><p>Der Online-Shop haftet nicht f\u00fcr M\u00e4ngel, die nach der Lieferung der Ware an den K\u00e4ufer auftreten.<\/p><p>Wenn im Online-Shop gekaufte Waren M\u00e4ngel aufweisen, f\u00fcr die der Online-Shop verantwortlich ist, repariert oder ersetzt der Online-Shop die defekte Ware. Wenn die Ware nicht repariert werden kann oder<br \/>ersetzt wird, erstattet der Online-Shop dem K\u00e4ufer alle Zahlungen, die mit der<br \/>Kaufvertrag.<\/p><p>Der Online-Shop antwortet auf die Beschwerde des Verbrauchers in schriftlicher Form oder in einer Form, die<br \/>erm\u00f6glicht die schriftliche Wiedergabe innerhalb von 15 Tagen.<\/p><p>Direktmarketing und Verarbeitung personenbezogener Daten<\/p><p>Der Online-Shop verwendet nur die vom K\u00e4ufer eingegebenen personenbezogenen Daten (einschlie\u00dflich Name, Telefonnummer<br \/>B. Nummer, Adresse, E-Mail-Adresse und Bankverbindung) zur Abwicklung der Bestellung und zum Versand der Ware an die<br \/>K\u00e4ufer. Der Online-Shop gibt personenbezogene Daten an den Transportdienstleister weiter, um<br \/>Liefern Sie die Ware.<\/p><p>Der Online-Shop versendet Newsletter und Angebote nur dann an die E-Mail-Adresse des K\u00e4ufers, wenn die<br \/>Der K\u00e4ufer hat seinen Wunsch, sie zu erhalten, durch Eingabe seiner E-Mail-Adresse auf der<br \/>Website und geben an, dass sie Direktwerbung erhalten m\u00f6chten.<\/p><p>Der K\u00e4ufer kann sich jederzeit von Angeboten und Newslettern abmelden, die an seine E-Mail-Adresse gesendet werden, indem er uns dies per E-Mail mitteilt oder den Anweisungen in einer E-Mail mit einem Angebot folgt.<\/p><p>Beilegung von Streitigkeiten<\/p><p>Alle Beschwerden, die ein K\u00e4ufer \u00fcber den Online-Shop vorbringt, m\u00fcssen per E-Mail an info@dreamfiregrill.com oder<br \/>Eingereicht unter der Telefonnummer +372 53 269 289.<\/p><p>Wenn der K\u00e4ufer und der Online-Shop nicht in der Lage sind, die Streitigkeit einvernehmlich beizulegen, kann sich der K\u00e4ufer an den Verbraucherstreitbeilegungsausschuss wenden. Der Verbraucherstreitbeilegungsausschuss ist f\u00fcr die Beilegung von Streitigkeiten zust\u00e4ndig, die sich aus einem Vertrag zwischen einem K\u00e4ufer und dem Online-Shop ergeben.<\/p><p>Die Beilegung von Streitigkeiten durch den Verbraucherstreitbeilegungsausschuss ist f\u00fcr den K\u00e4ufer kostenlos.<\/p><p>Ein K\u00e4ufer kann sich auch an die Streitbeilegungsstellen der Europ\u00e4ischen Union wenden.<\/p><p>\u00a0<\/p><p>\u00a0<\/p>\t\t\t\t\t\t\t\t<\/div>\n\t\t\t\t<\/div>\n\t\t\t\t\t<\/div>\n\t\t<\/div>\n\t\t\t\t\t<\/div>\n\t\t<\/section>\n\t\t\t\t<\/div>\n\t\t","protected":false},"excerpt":{"rendered":"<p>Der Inhaber des Online-Shops DREAMFIREGRILL.COM (im Folgenden als Online-Shop bezeichnet) ist Arras O\u00dc(Registrierungscode 10553332), mit Sitz in Valli tee 17, Vaela k\u00fcla, 75413 Kiili vald, Harju maakond, Estland. G\u00fcltigkeit des Kaufvertrages, Produkt- und Preisinformationen Die Verkaufsbedingungen gelten f\u00fcr den Kauf von Waren im Online-Shop. Die Preise der im Online-Shop verkauften Produkte sind neben den Produkten [&hellip;]<\/p>\n","protected":false},"author":2,"featured_media":0,"parent":0,"menu_order":0,"comment_status":"closed","ping_status":"closed","template":"elementor_header_footer","meta":{"footnotes":""},"class_list":["post-13339","page","type-page","status-publish","hentry"],"blocksy_meta":{"styles_descriptor":{"styles":{"desktop":"","tablet":"","mobile":""},"google_fonts":[],"version":6}},"_links":{"self":[{"href":"https:\/\/dreamfiregrill.com\/de\/wp-json\/wp\/v2\/pages\/13339","targetHints":{"allow":["GET"]}}],"collection":[{"href":"https:\/\/dreamfiregrill.com\/de\/wp-json\/wp\/v2\/pages"}],"about":[{"href":"https:\/\/dreamfiregrill.com\/de\/wp-json\/wp\/v2\/types\/page"}],"author":[{"embeddable":true,"href":"https:\/\/dreamfiregrill.com\/de\/wp-json\/wp\/v2\/users\/2"}],"replies":[{"embeddable":true,"href":"https:\/\/dreamfiregrill.com\/de\/wp-json\/wp\/v2\/comments?post=13339"}],"version-history":[{"count":4,"href":"https:\/\/dreamfiregrill.com\/de\/wp-json\/wp\/v2\/pages\/13339\/revisions"}],"predecessor-version":[{"id":15379,"href":"https:\/\/dreamfiregrill.com\/de\/wp-json\/wp\/v2\/pages\/13339\/revisions\/15379"}],"wp:attachment":[{"href":"https:\/\/dreamfiregrill.com\/de\/wp-json\/wp\/v2\/media?parent=13339"}],"curies":[{"name":"wp","href":"https:\/\/api.w.org\/{rel}","templated":true}]}}