{"id":16218,"date":"2026-04-29T16:25:33","date_gmt":"2026-04-29T13:25:33","guid":{"rendered":"https:\/\/dreamfiregrill.com\/garantiebedingungen\/"},"modified":"2026-05-06T13:39:12","modified_gmt":"2026-05-06T10:39:12","slug":"garantiebedingungen","status":"publish","type":"page","link":"https:\/\/dreamfiregrill.com\/de\/garantiebedingungen\/","title":{"rendered":"Garantiebedingungen"},"content":{"rendered":"\t\t<div data-elementor-type=\"wp-page\" data-elementor-id=\"16218\" class=\"elementor elementor-16218 elementor-16210\" data-elementor-post-type=\"page\">\n\t\t\t\t\t\t<section class=\"elementor-section elementor-top-section elementor-element elementor-element-bedb64a elementor-section-boxed elementor-section-height-default elementor-section-height-default\" data-id=\"bedb64a\" data-element_type=\"section\" data-e-type=\"section\">\n\t\t\t\t\t\t<div class=\"elementor-container elementor-column-gap-default\">\n\t\t\t\t\t<div class=\"elementor-column elementor-col-100 elementor-top-column elementor-element elementor-element-a9fc10e\" data-id=\"a9fc10e\" data-element_type=\"column\" data-e-type=\"column\">\n\t\t\t<div class=\"elementor-widget-wrap elementor-element-populated\">\n\t\t\t\t\t\t<div class=\"elementor-element elementor-element-5b9909c elementor-widget elementor-widget-text-editor\" data-id=\"5b9909c\" data-element_type=\"widget\" data-e-type=\"widget\" data-widget_type=\"text-editor.default\">\n\t\t\t\t<div class=\"elementor-widget-container\">\n\t\t\t\t\t\t\t\t\t<p>Wir m\u00f6chten, dass Ihr Dreamfire Kamado Grill viele Jahre h\u00e4lt.<br data-start=\"62\" data-end=\"65\" \/>Im Folgenden finden Sie eine klare \u00dcbersicht dar\u00fcber, wie unsere Garantie funktioniert und was sie abdeckt.<\/p>\n\t\t\t\t\t\t\t\t<\/div>\n\t\t\t\t<\/div>\n\t\t\t\t\t<\/div>\n\t\t<\/div>\n\t\t\t\t\t<\/div>\n\t\t<\/section>\n\t\t\t\t<section class=\"elementor-section elementor-top-section elementor-element elementor-element-bdc4cc7 elementor-section-boxed elementor-section-height-default elementor-section-height-default\" data-id=\"bdc4cc7\" data-element_type=\"section\" data-e-type=\"section\">\n\t\t\t\t\t\t<div class=\"elementor-container elementor-column-gap-default\">\n\t\t\t\t\t<div class=\"elementor-column elementor-col-100 elementor-top-column elementor-element elementor-element-65c58fa\" data-id=\"65c58fa\" data-element_type=\"column\" data-e-type=\"column\">\n\t\t\t<div class=\"elementor-widget-wrap elementor-element-populated\">\n\t\t\t\t\t\t<div class=\"elementor-element elementor-element-661033a elementor-widget elementor-widget-heading\" data-id=\"661033a\" data-element_type=\"widget\" data-e-type=\"widget\" data-widget_type=\"heading.default\">\n\t\t\t\t<div class=\"elementor-widget-container\">\n\t\t\t\t\t<h2 class=\"elementor-heading-title elementor-size-default\">Garantie\u00fcbersicht<\/h2>\t\t\t\t<\/div>\n\t\t\t\t<\/div>\n\t\t\t\t<div class=\"elementor-element elementor-element-cc31fae elementor-widget elementor-widget-text-editor\" data-id=\"cc31fae\" data-element_type=\"widget\" data-e-type=\"widget\" data-widget_type=\"text-editor.default\">\n\t\t\t\t<div class=\"elementor-widget-container\">\n\t\t\t\t\t\t\t\t\t<ul>\n<li>Die Garantie gilt nur f\u00fcr Privatkunden und den urspr\u00fcnglichen K\u00e4ufer<\/li>\n<li>Zur Aktivierung der Garantie muss das Produkt innerhalb von 30 Tagen unter <a href=\"https:\/\/dreamfiregrill.com\/de\/registrieren-sie-ihren-dreamfire-grill\/\">https:\/\/dreamfiregrill.com\/de\/registrieren-sie-ihren-dreamfire-grill\/<\/a> registriert werden<\/li>\n<li>Keramikkorpus: eingeschr\u00e4nkte lebenslange Garantie<\/li>\n<li>Andere Teile: 2 Jahre (Feuerbox, Deflektorplatten), 1 Jahr (Thermometer, Dichtung, Holzteile), 180 Tage (Metallteile)<\/li>\n<li>Die Garantie deckt Material- und Herstellungsfehler bei normalem Gebrauch ab<\/li>\n<li>Die Garantie deckt keinen Verschlei\u00df, Missbrauch, witterungsbedingte Sch\u00e4den oder Rost ab<\/li>\n<li>Die Garantie ist nicht g\u00fcltig, wenn das Produkt bei einem nicht autorisierten H\u00e4ndler gekauft wurde<\/li>\n<li>F\u00fcr einen Garantieanspruch sind ein Kaufnachweis sowie nach M\u00f6glichkeit Fotos des Defekts erforderlich<\/li>\n<\/ul>\n\t\t\t\t\t\t\t\t<\/div>\n\t\t\t\t<\/div>\n\t\t\t\t\t<\/div>\n\t\t<\/div>\n\t\t\t\t\t<\/div>\n\t\t<\/section>\n\t\t\t\t<section class=\"elementor-section elementor-top-section elementor-element elementor-element-b032b95 elementor-section-boxed elementor-section-height-default elementor-section-height-default\" data-id=\"b032b95\" data-element_type=\"section\" data-e-type=\"section\">\n\t\t\t\t\t\t<div class=\"elementor-container elementor-column-gap-default\">\n\t\t\t\t\t<div class=\"elementor-column elementor-col-100 elementor-top-column elementor-element elementor-element-8723b38\" data-id=\"8723b38\" data-element_type=\"column\" data-e-type=\"column\">\n\t\t\t<div class=\"elementor-widget-wrap elementor-element-populated\">\n\t\t\t\t\t\t<div class=\"elementor-element elementor-element-9fce3fd elementor-widget elementor-widget-spacer\" data-id=\"9fce3fd\" data-element_type=\"widget\" data-e-type=\"widget\" data-widget_type=\"spacer.default\">\n\t\t\t\t<div class=\"elementor-widget-container\">\n\t\t\t\t\t\t\t<div class=\"elementor-spacer\">\n\t\t\t<div class=\"elementor-spacer-inner\"><\/div>\n\t\t<\/div>\n\t\t\t\t\t\t<\/div>\n\t\t\t\t<\/div>\n\t\t\t\t<div class=\"elementor-element elementor-element-f8f6794 elementor-widget elementor-widget-heading\" data-id=\"f8f6794\" data-element_type=\"widget\" data-e-type=\"widget\" data-widget_type=\"heading.default\">\n\t\t\t\t<div class=\"elementor-widget-container\">\n\t\t\t\t\t<h2 class=\"elementor-heading-title elementor-size-default\">Garantiebedingungen (im Detail)<\/h2>\t\t\t\t<\/div>\n\t\t\t\t<\/div>\n\t\t\t\t<div class=\"elementor-element elementor-element-7196231 elementor-widget elementor-widget-text-editor\" data-id=\"7196231\" data-element_type=\"widget\" data-e-type=\"widget\" data-widget_type=\"text-editor.default\">\n\t\t\t\t<div class=\"elementor-widget-container\">\n\t\t\t\t\t\t\t\t\t<h3 data-section-id=\"1osmrn4\" data-start=\"73\" data-end=\"90\">Garantieumfang<\/h3>\n<p><\/p>\n<p data-start=\"92\" data-end=\"521\">F\u00fcr Dreamfire Kamado Grills gilt eine eingeschr\u00e4nkte Garantie unter den folgenden Bedingungen. Dreamfire garantiert, dass seine keramischen Grills und Smoker frei von Material- und Herstellungsfehlern sind, wenn sie bestimmungsgem\u00e4\u00df, unter normalen Bedingungen und mit ordnungsgem\u00e4\u00dfer Wartung verwendet werden. Die Garantie gilt nur f\u00fcr Privatkunden und den urspr\u00fcnglichen K\u00e4ufer und erstreckt sich nicht auf gewerbliche Nutzung.<\/p>\n<p><\/p>\n<p data-start=\"523\" data-end=\"843\">Die Garantie deckt Material- und Herstellungsfehler ab, die bei normalem Gebrauch auftreten. Dreamfire repariert oder ersetzt defekte Teile nach eigenem Ermessen. Die Garantie umfasst keine Versand-, Arbeits-, Verpackungs- oder sonstigen Kosten, es sei denn, dies wurde von Dreamfire ausdr\u00fccklich schriftlich vereinbart.<\/p>\n<p><\/p>\n<hr data-start=\"845\" data-end=\"848\" \/>\n<h3 data-section-id=\"1mg1wqe\" data-start=\"850\" data-end=\"877\">Aktivierung der Garantie<\/h3>\n<p><\/p>\n<p data-start=\"879\" data-end=\"1188\">Die Garantie wird wirksam, wenn Sie Ihren Kamado-Grill innerhalb von 30 Tagen nach dem Kaufdatum unter <a class=\"decorated-link\" href=\"https:\/\/dreamfiregrill.com\/de\/registrieren-sie-ihren-dreamfire-grill\/\" target=\"_new\" rel=\"noopener\" data-start=\"982\" data-end=\"1039\">https:\/\/dreamfiregrill.com\/register-your-dreamfire-grill\/<\/a> registrieren und ein Foto oder eine Kopie des Kaufbelegs hochladen. Falls das Hochladen nicht m\u00f6glich ist, muss der Originalbeleg aufbewahrt werden.<\/p>\n<p><\/p>\n<hr data-start=\"1190\" data-end=\"1193\" \/>\n<h3 data-section-id=\"gcctnz\" data-start=\"1195\" data-end=\"1215\">Garantiezeitr\u00e4ume<\/h3>\n<p><\/p>\n<p data-start=\"1217\" data-end=\"1556\">Die Garantie gilt wie folgt: F\u00fcr den keramischen Korpus gilt eine eingeschr\u00e4nkte lebenslange Garantie; f\u00fcr die keramische Feuerbox und die Deflektorplatten gilt eine Garantie von zwei Jahren; f\u00fcr das Deckelthermometer, die Dichtung und die Holzteile gilt eine Garantie von einem Jahr; f\u00fcr alle Metallteile gilt eine Garantie von 180 Tagen.<\/p>\n<p><\/p>\n<hr data-start=\"1558\" data-end=\"1561\" \/>\n<h3 data-section-id=\"1x3fwga\" data-start=\"1563\" data-end=\"1589\">Was nicht abgedeckt ist<\/h3>\n<p><\/p>\n<p data-start=\"1591\" data-end=\"1975\">Die Garantie gilt nicht f\u00fcr normalen Verschlei\u00df (z. B. Kratzer, Dellen oder optische Ver\u00e4nderungen), die die Funktion nicht beeintr\u00e4chtigen. Sie deckt auch keine Sch\u00e4den ab, die durch Missbrauch, unsachgem\u00e4\u00dfe Verwendung, fehlerhafte Montage, Wartung oder Installation, unsachgem\u00e4\u00dfe Lagerung, Naturereignisse, Transportsch\u00e4den oder nicht autorisierte \u00c4nderungen oder Zubeh\u00f6r entstehen.<\/p>\n<p><\/p>\n<p data-start=\"1977\" data-end=\"2342\">Die Garantie ist nicht g\u00fcltig, wenn das Produkt durch \u00fcberm\u00e4\u00dfige Feuchtigkeit, ungeeignete Umgebungsbedingungen besch\u00e4digt wurde oder wenn der Grill auf einer brennbaren Oberfl\u00e4che platziert wurde. Ebenso gilt die Garantie nicht, wenn ungeeignete Brennstoffe oder Fl\u00fcssigkeiten verwendet wurden (z. B. Anz\u00fcndfl\u00fcssigkeit, Chemikalien oder andere ungeeignete Stoffe).<\/p>\n<p><\/p>\n<p data-start=\"2344\" data-end=\"2634\">Witterungsbedingte Sch\u00e4den an Holzteilen (z. B. Risse, Verf\u00e4rbungen oder Schimmel) sind nicht abgedeckt. Oxidation, Rost oder Verf\u00e4rbungen von Metallteilen sind ebenfalls nicht abgedeckt. Geringf\u00fcgige optische M\u00e4ngel, die die Funktion nicht beeintr\u00e4chtigen, fallen nicht unter die Garantie.<\/p>\n<p><\/p>\n<hr data-start=\"2636\" data-end=\"2639\" \/>\n<h3 data-section-id=\"1j7qn3s\" data-start=\"2641\" data-end=\"2667\">Garantieeinschr\u00e4nkungen<\/h3>\n<p><\/p>\n<p data-start=\"2669\" data-end=\"3009\">Die Garantie erlischt, wenn der Benutzer den Verk\u00e4ufer nach Feststellung eines Mangels nicht unverz\u00fcglich informiert und das Produkt weiterverwendet. Sie ist ebenfalls nicht g\u00fcltig f\u00fcr Produkte, die bei nicht autorisierten H\u00e4ndlern oder Dritten erworben wurden. Die Garantie gilt nur f\u00fcr den urspr\u00fcnglichen K\u00e4ufer und ist nicht \u00fcbertragbar.<\/p>\n<p><\/p>\n<p data-start=\"3011\" data-end=\"3390\">Dreamfire haftet nicht f\u00fcr indirekte, zuf\u00e4llige oder Folgesch\u00e4den, einschlie\u00dflich Nutzungsausfall oder Unannehmlichkeiten. Dreamfire \u00fcbernimmt auch keine Verantwortung f\u00fcr Verz\u00f6gerungen, die durch Umst\u00e4nde au\u00dferhalb seiner Kontrolle verursacht werden, einschlie\u00dflich h\u00f6herer Gewalt, Krieg, beh\u00f6rdlicher Beschr\u00e4nkungen, Streiks, Feuer, \u00dcberschwemmungen oder Lieferkettenst\u00f6rungen.<\/p>\n<p><\/p>\n<hr data-start=\"3392\" data-end=\"3395\" \/>\n<h3 data-section-id=\"nvfx4a\" data-start=\"3397\" data-end=\"3417\">Garantieanspr\u00fcche<\/h3>\n<p><\/p>\n<p data-start=\"3419\" data-end=\"3627\">Sichtbare M\u00e4ngel zum Zeitpunkt des Kaufs m\u00fcssen im Kaufdokument vermerkt werden. Bei der Geltendmachung eines Garantieanspruchs ist ein Kaufnachweis sowie nach M\u00f6glichkeit Fotomaterial des Defekts vorzulegen.<\/p>\n<p><\/p>\n<p data-start=\"3629\" data-end=\"3944\">Um den Garantieservice in Anspruch zu nehmen, wenden Sie sich bitte an Ihren lokalen H\u00e4ndler oder an den H\u00e4ndler im Land, in dem das Produkt gekauft wurde. Halten Sie vor der Kontaktaufnahme bitte folgende Informationen bereit: Modellbezeichnung, Farbe, Kaufnachweis, Kaufdatum sowie eine Beschreibung des Problems.<\/p>\n\t\t\t\t\t\t\t\t<\/div>\n\t\t\t\t<\/div>\n\t\t\t\t\t<\/div>\n\t\t<\/div>\n\t\t\t\t\t<\/div>\n\t\t<\/section>\n\t\t\t\t<\/div>\n\t\t","protected":false},"excerpt":{"rendered":"<p>Wir m\u00f6chten, dass Ihr Dreamfire Kamado Grill viele Jahre h\u00e4lt.Im Folgenden finden Sie eine klare \u00dcbersicht dar\u00fcber, wie unsere Garantie funktioniert und was sie abdeckt. Garantie\u00fcbersicht Die Garantie gilt nur f\u00fcr Privatkunden und den urspr\u00fcnglichen K\u00e4ufer Zur Aktivierung der Garantie muss das Produkt innerhalb von 30 Tagen unter https:\/\/dreamfiregrill.com\/de\/registrieren-sie-ihren-dreamfire-grill\/ registriert werden Keramikkorpus: eingeschr\u00e4nkte lebenslange Garantie [&hellip;]<\/p>\n","protected":false},"author":51,"featured_media":0,"parent":0,"menu_order":0,"comment_status":"closed","ping_status":"closed","template":"","meta":{"footnotes":""},"class_list":["post-16218","page","type-page","status-publish","hentry"],"blocksy_meta":[],"_links":{"self":[{"href":"https:\/\/dreamfiregrill.com\/de\/wp-json\/wp\/v2\/pages\/16218","targetHints":{"allow":["GET"]}}],"collection":[{"href":"https:\/\/dreamfiregrill.com\/de\/wp-json\/wp\/v2\/pages"}],"about":[{"href":"https:\/\/dreamfiregrill.com\/de\/wp-json\/wp\/v2\/types\/page"}],"author":[{"embeddable":true,"href":"https:\/\/dreamfiregrill.com\/de\/wp-json\/wp\/v2\/users\/51"}],"replies":[{"embeddable":true,"href":"https:\/\/dreamfiregrill.com\/de\/wp-json\/wp\/v2\/comments?post=16218"}],"version-history":[{"count":3,"href":"https:\/\/dreamfiregrill.com\/de\/wp-json\/wp\/v2\/pages\/16218\/revisions"}],"predecessor-version":[{"id":16273,"href":"https:\/\/dreamfiregrill.com\/de\/wp-json\/wp\/v2\/pages\/16218\/revisions\/16273"}],"wp:attachment":[{"href":"https:\/\/dreamfiregrill.com\/de\/wp-json\/wp\/v2\/media?parent=16218"}],"curies":[{"name":"wp","href":"https:\/\/api.w.org\/{rel}","templated":true}]}}