{"id":13196,"date":"2021-04-22T16:32:26","date_gmt":"2021-04-22T13:32:26","guid":{"rendered":"https:\/\/dreamfiregrill.com\/product\/dreamfire-kamado-comfy-blau\/"},"modified":"2023-10-01T09:36:59","modified_gmt":"2023-10-01T06:36:59","slug":"dreamfire-kamado-comfy-blau","status":"publish","type":"product","link":"https:\/\/dreamfiregrill.com\/de\/produkt\/dreamfire-kamado-comfy-blau\/","title":{"rendered":"Dreamfire\u00ae Kamado Comfy Blau"},"content":{"rendered":"<p>Mit seinem exklusiven sechseckigen Au\u00dfendesign und der fesselnden Farbe ist dieser Grill ebenso stilvoll wie funktional. Der Comfy verf\u00fcgt \u00fcber eine Reihe herausragender Funktionen, darunter:<\/p>\n<p><strong>V\u00f6llig neues, exklusives, sechseckiges Au\u00dfendesign \u2013 jetzt mit mehr Farboptionen als je zuvor!<\/strong><\/p>\n<p>Gib dich nicht mit langweiligen Looks zufrieden. Mit den Comfy-Modellen k\u00f6nnen Sie sicher sein, dass Sie ein einzigartiges Design erhalten, ohne Kompromisse bei der Funktionalit\u00e4t oder Qualit\u00e4t einzugehen.<\/p>\n<p><strong>Zweistufiges Kochsystem LUX<\/strong>: Erschlie\u00dfen Sie sich mit dem zweistufigen Kochsystem eine Welt voller kulinarischer M\u00f6glichkeiten. Ausgestattet mit vier robusten Halbmond-Edelstahlrosten und zwei Keramik-Halbmond-W\u00e4rmeabweisern haben Sie die Freiheit, mit verschiedenen Garmethoden zu experimentieren und k\u00f6stliche Gerichte zu kreieren. Das LUX-System verf\u00fcgt au\u00dferdem \u00fcber komfortable Griffe zum einfachen Anheben.<\/p>\n<p><strong>Aschekorb<\/strong>: Halten Sie Ihren Grill sauber und optimieren Sie die Luftzirkulation mit dem mitgelieferten Aschekorb. Entfernen Sie m\u00fchelos Asche und Kohlereste und sorgen Sie f\u00fcr eine effiziente Holzkohleverbrennung f\u00fcr eine gleichbleibende Kochleistung.<\/p>\n<p><strong>Neues FeatherTouch-Scharnier<\/strong> \u2013 ein innovatives Design, mit dem Sie den Deckel Ihres Dreamfire Kamado Comfy-Grills m\u00fchelos mit der leichtesten Ber\u00fchrung \u00f6ffnen k\u00f6nnen.<\/p>\n<p><strong>Dreamfire Meatspotter 100 Bluetooth-Thermometer im Lieferumfang enthalten<\/strong>: \u00dcbernehmen Sie die Kontrolle \u00fcber Ihr Grillen mit dem Meatspotter 100 Thermometer. Bleiben Sie \u00fcber die benutzerfreundliche App und den gro\u00dfen, hintergrundbeleuchteten Bildschirm mit Ihrem Grill und Ihrer Grilltemperatur in Verbindung.<\/p>\n<p><strong>Dicke Edelstahlroste<\/strong>: Genie\u00dfen Sie au\u00dfergew\u00f6hnliche W\u00e4rmespeicherung und Haltbarkeit mit den dicken Edelstahlrosten. Sie sind so konzipiert, dass sie hohen Temperaturen standhalten und ein gleichm\u00e4\u00dfiges Garen und eine einfache Wartung gew\u00e4hrleisten.<\/p>\n<p><strong>Innovatives oberes Bel\u00fcftungselement aus Edelstahl <\/strong>\u2013 Dreamfire Kamado Comfy ist jetzt mit einem brandneuen oberen Bel\u00fcftungsdesign ausgestattet, das Eindringen von Regen verhindert und gleichzeitig allen Mitbewerbern eine \u00fcberlegene Kontrolle bietet. Die Bel\u00fcftung wird mit einem hitzebest\u00e4ndigen Griff f\u00fcr eine sorgenfreie W\u00e4rmeregulierung geliefert.<\/p>\n<p><strong>\u00a0Regenschutz<\/strong>: Sch\u00fctzen Sie Ihre Investition mit dem hochwertigen Regenschutz, der im Lieferumfang des Comfy Classic enthalten ist. Sch\u00fctzen Sie Ihren Kamado vor Regen, UV-Strahlung und Pollen und sorgen Sie daf\u00fcr, dass er in makellosem Zustand bleibt.<\/p>\n<p><strong>Dreamfire-Ascheschaber<\/strong>\u2013 Macht das Entfernen der Asche aus der untersten Schublade zum Kinderspiel. Auch ideal zum Anordnen von angez\u00fcndeter Holzkohle um den Feuerraum.<\/p>\n<p><strong>Seitenbretten aus Holz mit Haken:<\/strong> Die abnehmbaren Seitenbrette aus Holz bieten eine praktische Arbeitsfl\u00e4che f\u00fcr Ihre Grillutensilien, w\u00e4hrend die Haken eine einfache Aufbewahrung von Grillzangen, Aschewerkzeugen und B\u00fcrsten erm\u00f6glichen.<\/p>\n<p><strong>Edelstahlwagen: <\/strong>Der robuste Edelstahlwagen bietet Stabilit\u00e4t und Mobilit\u00e4t f\u00fcr Ihren Combequem. Es wurde entwickelt, um rauen Wetterbedingungen standzuhalten, und sorgt f\u00fcr eine lange Haltbarkeit und bequeme Man\u00f6vrierf\u00e4higkeit.<\/p>\n<p><strong>Details aus rostfreiem Stahl<\/strong> \u2013 Der Comfy Classic ist mit hochwertigen Details aus Edelstahl (304) ausgestattet, darunter L\u00fcftungsschlitze, Wagen, Griff und Metallg\u00fcrtel. Verabschieden Sie sich von der Sorge um rostende Metalldetails.<\/p>\n<p><strong>Extra dicke Abdichtung zwischen Korpus und Deckel<\/strong>: Die hochwertige dicke Versiegelung garantiert eine luftdichte Abdichtung f\u00fcr eine effiziente W\u00e4rmespeicherung und sorgt daf\u00fcr, dass Ihre Holzkohle schnell erlischt, wenn die L\u00fcftungsschlitze geschlossen sind.Die luftdichte Dichtung garantiert eine pr\u00e4zise Temperaturregelung, so dass Sie jedes Mal gleichbleibende Ergebnisse erzielen k\u00f6nnen. In Verbindung mit dem dicken Keramikk\u00f6rper speichert der Comfy die W\u00e4rme au\u00dfergew\u00f6hnlich gut, sorgt f\u00fcr Kraftstoffeffizienz, reduziert den Holzkohleverbrauch und macht den Grill au\u00dfergew\u00f6hnlich einfach zu steuern.<\/p>\n<p><strong>Extra dicke und dichte Keramik:<\/strong> Der extra dicke und dichte Keramikk\u00f6rper sorgt f\u00fcr au\u00dfergew\u00f6hnliche Haltbarkeit und hervorragende W\u00e4rmespeicherung, wodurch der Comfy sicherer und effizienter ist als Metallgrills.<\/p>\n<p><strong>Eingeschr\u00e4nkte lebenslange Garantie f\u00fcr das Keramikgeh\u00e4use<\/strong>: Genie\u00dfen Sie die eingeschr\u00e4nkte lebenslange Garantie, die den Keramikk\u00f6rper Ihres Comfy Classic abdeckt, beruhigt.<\/p>\n<p>&nbsp;<\/p>\n<p><strong>Leistungsbeschreibung:<\/strong><\/p>\n<ul>\n<li>Farben: Schwarz; Blau;&#8220; Ziegel&#8220;; Grau<\/li>\n<li>Au\u00dfendurchmesser: 56,5 cm (22&#8243;)<\/li>\n<li>Innendurchmesser: 50 cm (20&#8243;)<\/li>\n<li>Durchmesser des Grillrostes: 47 cm(19&#8243;)<\/li>\n<li>Gesamtgrillfl\u00e4che auf einer Ebene 1735 cm2; mit zwei Ebenen des LUX-Systems 3470 cm2<\/li>\n<li>Eingeschr\u00e4nkte lebenslange Garantie<\/li>\n<li>Exklusives Design<\/li>\n<\/ul>\n","protected":false},"excerpt":{"rendered":"<p><strong>Dreamfire Kamado Comfy Blau<\/strong>\u2013 Dieser Kamado-Grill wurde entwickelt, um Ihre Gartenk\u00fcche zu verbessern, und verf\u00fcgt \u00fcber ein modernes sechseckiges Au\u00dfendesign und au\u00dfergew\u00f6hnliche F\u00e4higkeiten. Grillen, r\u00e4uchern, schmoren und backen Sie perfekt mit dem Comfy Classic, wo saftiges Fleisch, karamellisiertes Gem\u00fcse, ger\u00e4ucherter Schinken und knuspriges Geb\u00e4ck nur der Anfang sind. Mit seinen exklusiven Funktionen, darunter das zweist\u00f6ckige Garsystem LUX, das Bluetooth-Thermometer Meatspotter 100 und dicke Edelstahlroste, definiert der Comfy Classic das Grillen im Freien neu. Erleben Sie kulinarische Exzellenz mit diesem stilvollen und vielseitigen Kamado-Grill.<\/p>\n","protected":false},"featured_media":12485,"template":"","meta":[],"product_brand":[],"product_cat":[145],"product_tag":[],"class_list":{"0":"post-13196","1":"product","2":"type-product","3":"status-publish","4":"has-post-thumbnail","6":"product_cat-grills-de","8":"first","9":"instock","10":"taxable","11":"shipping-taxable","12":"purchasable","13":"product-type-simple"},"_links":{"self":[{"href":"https:\/\/dreamfiregrill.com\/de\/wp-json\/wp\/v2\/product\/13196","targetHints":{"allow":["GET"]}}],"collection":[{"href":"https:\/\/dreamfiregrill.com\/de\/wp-json\/wp\/v2\/product"}],"about":[{"href":"https:\/\/dreamfiregrill.com\/de\/wp-json\/wp\/v2\/types\/product"}],"wp:featuredmedia":[{"embeddable":true,"href":"https:\/\/dreamfiregrill.com\/de\/wp-json\/wp\/v2\/media\/12485"}],"wp:attachment":[{"href":"https:\/\/dreamfiregrill.com\/de\/wp-json\/wp\/v2\/media?parent=13196"}],"wp:term":[{"taxonomy":"product_brand","embeddable":true,"href":"https:\/\/dreamfiregrill.com\/de\/wp-json\/wp\/v2\/product_brand?post=13196"},{"taxonomy":"product_cat","embeddable":true,"href":"https:\/\/dreamfiregrill.com\/de\/wp-json\/wp\/v2\/product_cat?post=13196"},{"taxonomy":"product_tag","embeddable":true,"href":"https:\/\/dreamfiregrill.com\/de\/wp-json\/wp\/v2\/product_tag?post=13196"}],"curies":[{"name":"wp","href":"https:\/\/api.w.org\/{rel}","templated":true}]}}