{"id":13197,"date":"2023-08-28T10:34:11","date_gmt":"2023-08-28T07:34:11","guid":{"rendered":"https:\/\/dreamfiregrill.com\/product\/dreamfire-avocadobaum-raeucherchips\/"},"modified":"2023-09-25T11:15:45","modified_gmt":"2023-09-25T08:15:45","slug":"dreamfire-avocadobaum-raeucherchips","status":"publish","type":"product","link":"https:\/\/dreamfiregrill.com\/de\/produkt\/dreamfire-avocadobaum-raeucherchips\/","title":{"rendered":"Dreamfire Avocadobaum R\u00e4ucherchips"},"content":{"rendered":"<p>Dreamfire Avocadobaum R\u00e4ucherchips \u2013 eine au\u00dfergew\u00f6hnliche Erg\u00e4nzung, um Ihre Grillabenteuer zu verbessern. Verleihen Sie Ihren Gerichten das zarte, verlockende Aroma von Avocado, perfekt f\u00fcr Gefl\u00fcgel, Meeresfr\u00fcchte und sogar Gem\u00fcse. Diese Pommes Frites wurden entwickelt, um Ihre kulinarischen Kreationen zu verfeinern, und sind ein Muss f\u00fcr jeden Grillbegeisterten.<\/p>\n<p>Packungsgr\u00f6\u00dfe: 340g.<\/p>\n","protected":false},"excerpt":{"rendered":"<p>Dreamfire Avocadobaum R\u00e4ucherchips \u2013 eine au\u00dfergew\u00f6hnliche Erg\u00e4nzung, um Ihre Grillabenteuer zu verbessern. Verleihen Sie Ihren Gerichten das zarte, verlockende Aroma von Avocado, perfekt f\u00fcr Gefl\u00fcgel, Meeresfr\u00fcchte und sogar Gem\u00fcse. Diese Pommes Frites wurden entwickelt, um Ihre kulinarischen Kreationen zu verfeinern, und sind ein Muss f\u00fcr jeden Grillbegeisterten.<\/p>\n<p>Packungsgr\u00f6\u00dfe: 340g.<\/p>\n","protected":false},"featured_media":12945,"template":"","meta":[],"product_brand":[],"product_cat":[144],"product_tag":[],"class_list":{"0":"post-13197","1":"product","2":"type-product","3":"status-publish","4":"has-post-thumbnail","6":"product_cat-holzkohle-und-rauch","8":"first","9":"instock","10":"taxable","11":"shipping-taxable","12":"purchasable","13":"product-type-simple"},"_links":{"self":[{"href":"https:\/\/dreamfiregrill.com\/de\/wp-json\/wp\/v2\/product\/13197","targetHints":{"allow":["GET"]}}],"collection":[{"href":"https:\/\/dreamfiregrill.com\/de\/wp-json\/wp\/v2\/product"}],"about":[{"href":"https:\/\/dreamfiregrill.com\/de\/wp-json\/wp\/v2\/types\/product"}],"wp:featuredmedia":[{"embeddable":true,"href":"https:\/\/dreamfiregrill.com\/de\/wp-json\/wp\/v2\/media\/12945"}],"wp:attachment":[{"href":"https:\/\/dreamfiregrill.com\/de\/wp-json\/wp\/v2\/media?parent=13197"}],"wp:term":[{"taxonomy":"product_brand","embeddable":true,"href":"https:\/\/dreamfiregrill.com\/de\/wp-json\/wp\/v2\/product_brand?post=13197"},{"taxonomy":"product_cat","embeddable":true,"href":"https:\/\/dreamfiregrill.com\/de\/wp-json\/wp\/v2\/product_cat?post=13197"},{"taxonomy":"product_tag","embeddable":true,"href":"https:\/\/dreamfiregrill.com\/de\/wp-json\/wp\/v2\/product_tag?post=13197"}],"curies":[{"name":"wp","href":"https:\/\/api.w.org\/{rel}","templated":true}]}}