{"id":13199,"date":"2023-08-25T15:16:36","date_gmt":"2023-08-25T12:16:36","guid":{"rendered":"https:\/\/dreamfiregrill.com\/product\/13199\/"},"modified":"2023-09-25T12:24:40","modified_gmt":"2023-09-25T09:24:40","slug":"dreamfire-whiskey-barrel-smoking-raucherchips","status":"publish","type":"product","link":"https:\/\/dreamfiregrill.com\/de\/produkt\/dreamfire-whiskey-barrel-smoking-raucherchips\/","title":{"rendered":"Dreamfire Whiskey Barrel R\u00e4ucherchips"},"content":{"rendered":"<p>Dreamfire Whiskey Barrel Smoking Chips: Verleihen Sie Ihrem Grillen die reichen und unverwechselbaren Aromen von Whiskey Barrel Oak. Diese Chips werden aus authentischen Whiskeyf\u00e4ssern hergestellt und verleihen Ihrer Outdoor-K\u00fcche eine einzigartige Note. Sie sind ideal f\u00fcr eine Vielzahl von Fleischsorten und verleihen Ihren Gerichten Tiefe und einen robusten Charakter. Entfesseln Sie die aromatische Essenz der Whiskeyfasseiche und verbessern Sie Ihr Grillerlebnis.<\/p>\n<p>Packungsgr\u00f6\u00dfe: 340g.<\/p>\n","protected":false},"excerpt":{"rendered":"<p>Dreamfire Whiskey Barrel Smoking Chips: Verleihen Sie Ihrem Grillen die reichen und unverwechselbaren Aromen von Whiskey Barrel Oak. Diese Chips werden aus authentischen Whiskeyf\u00e4ssern hergestellt und verleihen Ihrer Outdoor-K\u00fcche eine einzigartige Note. Sie sind ideal f\u00fcr eine Vielzahl von Fleischsorten und verleihen Ihren Gerichten Tiefe und einen robusten Charakter. Entfesseln Sie die aromatische Essenz der Whiskeyfasseiche und verbessern Sie Ihr Grillerlebnis.<\/p>\n<p>Packungsgr\u00f6\u00dfe: 340g.<\/p>\n","protected":false},"featured_media":12932,"template":"","meta":[],"product_brand":[],"product_cat":[144],"product_tag":[],"class_list":{"0":"post-13199","1":"product","2":"type-product","3":"status-publish","4":"has-post-thumbnail","6":"product_cat-holzkohle-und-rauch","8":"first","9":"instock","10":"taxable","11":"shipping-taxable","12":"purchasable","13":"product-type-simple"},"_links":{"self":[{"href":"https:\/\/dreamfiregrill.com\/de\/wp-json\/wp\/v2\/product\/13199","targetHints":{"allow":["GET"]}}],"collection":[{"href":"https:\/\/dreamfiregrill.com\/de\/wp-json\/wp\/v2\/product"}],"about":[{"href":"https:\/\/dreamfiregrill.com\/de\/wp-json\/wp\/v2\/types\/product"}],"wp:featuredmedia":[{"embeddable":true,"href":"https:\/\/dreamfiregrill.com\/de\/wp-json\/wp\/v2\/media\/12932"}],"wp:attachment":[{"href":"https:\/\/dreamfiregrill.com\/de\/wp-json\/wp\/v2\/media?parent=13199"}],"wp:term":[{"taxonomy":"product_brand","embeddable":true,"href":"https:\/\/dreamfiregrill.com\/de\/wp-json\/wp\/v2\/product_brand?post=13199"},{"taxonomy":"product_cat","embeddable":true,"href":"https:\/\/dreamfiregrill.com\/de\/wp-json\/wp\/v2\/product_cat?post=13199"},{"taxonomy":"product_tag","embeddable":true,"href":"https:\/\/dreamfiregrill.com\/de\/wp-json\/wp\/v2\/product_tag?post=13199"}],"curies":[{"name":"wp","href":"https:\/\/api.w.org\/{rel}","templated":true}]}}