{"id":13200,"date":"2023-08-25T15:07:59","date_gmt":"2023-08-25T12:07:59","guid":{"rendered":"https:\/\/dreamfiregrill.com\/product\/13200\/"},"modified":"2023-10-01T08:37:32","modified_gmt":"2023-10-01T05:37:32","slug":"dreamfire-weinfass-raucherchips","status":"publish","type":"product","link":"https:\/\/dreamfiregrill.com\/de\/produkt\/dreamfire-weinfass-raucherchips\/","title":{"rendered":"Dreamfire Weinfass R\u00e4ucherchips"},"content":{"rendered":"<p>Dreamfire Wine Barrel R\u00e4ucherchips: Verleihen Sie Ihrem Grillen die reichen und komplexen Aromen von Rotweinfass-Eiche. Diese Chips werden aus echten Rotweinf\u00e4ssern hergestellt und verleihen Ihrer Outdoor-K\u00fcche eine unverwechselbare Note. Diese Chips eignen sich perfekt f\u00fcr eine Vielzahl von Fleischsorten und verleihen Ihren Gerichten einen tiefen und robusten Charakter. Entfesseln Sie die aromatische Essenz der Weinfasseiche und steigern Sie Ihr Grillerlebnis. Jede Packung enth\u00e4lt 340 g Weinfass-R\u00e4ucherchips und bietet reichlich Gelegenheit, sich diesem einzigartigen Geschmack hinzugeben.<\/p>\n<p>Packungsgr\u00f6\u00dfe: 340g.<\/p>\n","protected":false},"excerpt":{"rendered":"<p>Dreamfire Wine Barrel R\u00e4ucherchips: Verleihen Sie Ihrem Grillen die reichen und komplexen Aromen von Rotweinfass-Eiche. Diese Chips werden aus echten Rotweinf\u00e4ssern hergestellt und verleihen Ihrer Outdoor-K\u00fcche eine unverwechselbare Note. Diese Chips eignen sich perfekt f\u00fcr eine Vielzahl von Fleischsorten und verleihen Ihren Gerichten einen tiefen und robusten Charakter. Entfesseln Sie die aromatische Essenz der Weinfasseiche und steigern Sie Ihr Grillerlebnis.Jede Packung enth\u00e4lt 340 g Weinfass-R\u00e4ucherchips und bietet reichlich Gelegenheit, sich diesem einzigartigen Geschmack hinzugeben.<\/p>\n<p>Packungsgr\u00f6\u00dfe: 340g<\/p>\n","protected":false},"featured_media":12922,"template":"","meta":[],"product_brand":[],"product_cat":[144],"product_tag":[],"class_list":{"0":"post-13200","1":"product","2":"type-product","3":"status-publish","4":"has-post-thumbnail","6":"product_cat-holzkohle-und-rauch","8":"first","9":"instock","10":"taxable","11":"shipping-taxable","12":"purchasable","13":"product-type-simple"},"_links":{"self":[{"href":"https:\/\/dreamfiregrill.com\/de\/wp-json\/wp\/v2\/product\/13200","targetHints":{"allow":["GET"]}}],"collection":[{"href":"https:\/\/dreamfiregrill.com\/de\/wp-json\/wp\/v2\/product"}],"about":[{"href":"https:\/\/dreamfiregrill.com\/de\/wp-json\/wp\/v2\/types\/product"}],"wp:featuredmedia":[{"embeddable":true,"href":"https:\/\/dreamfiregrill.com\/de\/wp-json\/wp\/v2\/media\/12922"}],"wp:attachment":[{"href":"https:\/\/dreamfiregrill.com\/de\/wp-json\/wp\/v2\/media?parent=13200"}],"wp:term":[{"taxonomy":"product_brand","embeddable":true,"href":"https:\/\/dreamfiregrill.com\/de\/wp-json\/wp\/v2\/product_brand?post=13200"},{"taxonomy":"product_cat","embeddable":true,"href":"https:\/\/dreamfiregrill.com\/de\/wp-json\/wp\/v2\/product_cat?post=13200"},{"taxonomy":"product_tag","embeddable":true,"href":"https:\/\/dreamfiregrill.com\/de\/wp-json\/wp\/v2\/product_tag?post=13200"}],"curies":[{"name":"wp","href":"https:\/\/api.w.org\/{rel}","templated":true}]}}