{"id":13201,"date":"2023-08-25T14:57:35","date_gmt":"2023-08-25T11:57:35","guid":{"rendered":"https:\/\/dreamfiregrill.com\/product\/dreamfire-orangenbaum-rauchchips\/"},"modified":"2023-10-01T08:52:29","modified_gmt":"2023-10-01T05:52:29","slug":"dreamfire-orangenbaum-raucherchips","status":"publish","type":"product","link":"https:\/\/dreamfiregrill.com\/de\/produkt\/dreamfire-orangenbaum-raucherchips\/","title":{"rendered":"Dreamfire Orangenbaum R\u00e4ucherchips"},"content":{"rendered":"<p>Dreamfire Orangenbaum R\u00e4ucherchips : Verleihen Sie Ihrem Grillen die k\u00f6stliche Essenz der Orange und verleihen Sie Ihren Lieblingsgerichten einen Hauch von Zitruss\u00fc\u00dfe. Diese Chips sind ideal, um die Aromen von Gefl\u00fcgel, Schweinefleisch, Meeresfr\u00fcchten und sogar Gem\u00fcse zu verbessern. Veredeln Sie Ihre kulinarischen Kreationen mit dem reichen Aroma von Orange und verleihen Sie Ihrer Outdoor-K\u00fcche eine einzigartige Note.<\/p>\n<p>Jede Packung enth\u00e4lt 340 g Orangenbaum-R\u00e4ucherchips, so dass Sie viele M\u00f6glichkeiten haben, mit diesem verlockenden Geschmack zu experimentieren.<\/p>\n<p>Packungsgr\u00f6\u00dfe: 340g.<\/p>\n","protected":false},"excerpt":{"rendered":"<p>Dreamfire Orangenbaum R\u00e4ucherchips: Verleihen Sie Ihrem Grillen die k\u00f6stliche Essenz der Orange und verleihen Sie Ihren Lieblingsgerichten einen Hauch von Zitruss\u00fc\u00dfe. Diese Chips sind ideal, um die Aromen von Gefl\u00fcgel, Schweinefleisch, Meeresfr\u00fcchten und sogar Gem\u00fcse zu verbessern. Veredeln Sie Ihre kulinarischen Kreationen mit dem reichen Aroma von Orange und verleihen Sie Ihrer Outdoor-K\u00fcche eine einzigartige Note.<\/p>\n<p>Jede Packung enth\u00e4lt 340 g Orangenbaum-R\u00e4ucherchips, so dass Sie viele M\u00f6glichkeiten haben, mit diesem verlockenden Geschmack zu experimentieren.<\/p>\n<p>Packungsgr\u00f6\u00dfe: 340g.<\/p>\n","protected":false},"featured_media":12908,"template":"","meta":[],"product_brand":[],"product_cat":[144],"product_tag":[],"class_list":{"0":"post-13201","1":"product","2":"type-product","3":"status-publish","4":"has-post-thumbnail","6":"product_cat-holzkohle-und-rauch","8":"first","9":"instock","10":"taxable","11":"shipping-taxable","12":"purchasable","13":"product-type-simple"},"_links":{"self":[{"href":"https:\/\/dreamfiregrill.com\/de\/wp-json\/wp\/v2\/product\/13201","targetHints":{"allow":["GET"]}}],"collection":[{"href":"https:\/\/dreamfiregrill.com\/de\/wp-json\/wp\/v2\/product"}],"about":[{"href":"https:\/\/dreamfiregrill.com\/de\/wp-json\/wp\/v2\/types\/product"}],"wp:featuredmedia":[{"embeddable":true,"href":"https:\/\/dreamfiregrill.com\/de\/wp-json\/wp\/v2\/media\/12908"}],"wp:attachment":[{"href":"https:\/\/dreamfiregrill.com\/de\/wp-json\/wp\/v2\/media?parent=13201"}],"wp:term":[{"taxonomy":"product_brand","embeddable":true,"href":"https:\/\/dreamfiregrill.com\/de\/wp-json\/wp\/v2\/product_brand?post=13201"},{"taxonomy":"product_cat","embeddable":true,"href":"https:\/\/dreamfiregrill.com\/de\/wp-json\/wp\/v2\/product_cat?post=13201"},{"taxonomy":"product_tag","embeddable":true,"href":"https:\/\/dreamfiregrill.com\/de\/wp-json\/wp\/v2\/product_tag?post=13201"}],"curies":[{"name":"wp","href":"https:\/\/api.w.org\/{rel}","templated":true}]}}