{"id":13202,"date":"2023-08-25T14:52:45","date_gmt":"2023-08-25T11:52:45","guid":{"rendered":"https:\/\/dreamfiregrill.com\/product\/dreamfire-zitrus-raeucherchips\/"},"modified":"2023-10-01T08:54:09","modified_gmt":"2023-10-01T05:54:09","slug":"dreamfire-zitrus-raeucherchips","status":"publish","type":"product","link":"https:\/\/dreamfiregrill.com\/de\/produkt\/dreamfire-zitrus-raeucherchips\/","title":{"rendered":"Dreamfire Zitrus R\u00e4ucherchips"},"content":{"rendered":"<p>Dreamfire Zitrus R\u00e4ucherchips : Tauchen Sie beim Grillen in die erfrischende Verschmelzung von Orange und Zitrone ein und kreieren Sie eine pikante und aromatische Symphonie der Aromen. Diese Chips verleihen Ihren Lieblingsfleischsorten, Meeresfr\u00fcchten und Gem\u00fcse einen Hauch von Zitrusfr\u00fcchten. Sie sind auf Vielseitigkeit ausgelegt und eignen sich besonders hervorragend f\u00fcr Fisch, Gefl\u00fcgel und Schweinefleisch. Steigern Sie Ihr kulinarisches Erlebnis mit einem Hauch von w\u00fcrziger und lebendiger Zitrusessenz.<\/p>\n<p>Jede Packung enth\u00e4lt 340 g Zitrus-R\u00e4ucherchips, so dass Sie viele M\u00f6glichkeiten haben, mit diesem verlockenden Geschmack zu experimentieren.<\/p>\n<p>Packungsgr\u00f6\u00dfe: 340g.<\/p>\n","protected":false},"excerpt":{"rendered":"<p>Dreamfire Zitrus R\u00e4ucherchips: Tauchen Sie beim Grillen in die erfrischende Verschmelzung von Orange und Zitrone ein und kreieren Sie eine pikante und aromatische Symphonie der Aromen. Diese Chips verleihen Ihren Lieblingsfleischsorten, Meeresfr\u00fcchten und Gem\u00fcse einen Hauch von Zitrusfr\u00fcchten. Sie sind auf Vielseitigkeit ausgelegt und eignen sich besonders hervorragend f\u00fcr Fisch, Gefl\u00fcgel und Schweinefleisch. Steigern Sie Ihr kulinarisches Erlebnis mit einem Hauch von w\u00fcrziger und lebendiger Zitrusessenz.<\/p>\n<p>Jede Packung enth\u00e4lt 340 g Zitrus-R\u00e4ucherchips, so dass Sie viele M\u00f6glichkeiten haben, mit diesem verlockenden Geschmack zu experimentieren.<\/p>\n<p>Packungsgr\u00f6\u00dfe: 340g.<\/p>\n","protected":false},"featured_media":12898,"template":"","meta":[],"product_brand":[],"product_cat":[144],"product_tag":[],"class_list":{"0":"post-13202","1":"product","2":"type-product","3":"status-publish","4":"has-post-thumbnail","6":"product_cat-holzkohle-und-rauch","8":"first","9":"instock","10":"taxable","11":"shipping-taxable","12":"purchasable","13":"product-type-simple"},"_links":{"self":[{"href":"https:\/\/dreamfiregrill.com\/de\/wp-json\/wp\/v2\/product\/13202","targetHints":{"allow":["GET"]}}],"collection":[{"href":"https:\/\/dreamfiregrill.com\/de\/wp-json\/wp\/v2\/product"}],"about":[{"href":"https:\/\/dreamfiregrill.com\/de\/wp-json\/wp\/v2\/types\/product"}],"wp:featuredmedia":[{"embeddable":true,"href":"https:\/\/dreamfiregrill.com\/de\/wp-json\/wp\/v2\/media\/12898"}],"wp:attachment":[{"href":"https:\/\/dreamfiregrill.com\/de\/wp-json\/wp\/v2\/media?parent=13202"}],"wp:term":[{"taxonomy":"product_brand","embeddable":true,"href":"https:\/\/dreamfiregrill.com\/de\/wp-json\/wp\/v2\/product_brand?post=13202"},{"taxonomy":"product_cat","embeddable":true,"href":"https:\/\/dreamfiregrill.com\/de\/wp-json\/wp\/v2\/product_cat?post=13202"},{"taxonomy":"product_tag","embeddable":true,"href":"https:\/\/dreamfiregrill.com\/de\/wp-json\/wp\/v2\/product_tag?post=13202"}],"curies":[{"name":"wp","href":"https:\/\/api.w.org\/{rel}","templated":true}]}}