{"id":13203,"date":"2023-08-25T14:22:42","date_gmt":"2023-08-25T11:22:42","guid":{"rendered":"https:\/\/dreamfiregrill.com\/product\/dreamfire-olivenbaum-raeucherchips\/"},"modified":"2026-04-11T18:49:14","modified_gmt":"2026-04-11T15:49:14","slug":"dreamfire-olivenbaum-raeucherchips","status":"publish","type":"product","link":"https:\/\/dreamfiregrill.com\/de\/produkt\/dreamfire-olivenbaum-raeucherchips\/","title":{"rendered":"Dreamfire Olivenbaum R\u00e4ucherchips"},"content":{"rendered":"<p>Dreamfire Olivenbaum R\u00e4ucherchips: Erleben Sie das reiche Aroma von Olivenholz, das Ihrem Grillen eine unverwechselbare mediterrane Essenz verleiht. Diese R\u00e4ucherchips verleihen Ihren kulinarischen Kreationen einen Hauch von Raffinesse und verst\u00e4rken perfekt die Aromen von Fleisch, Meeresfr\u00fcchten und Gem\u00fcse. Diese Pommes frites sind ideal f\u00fcr Meeresfr\u00fcchte und Gefl\u00fcgel und verleihen Ihren Gerichten einen leichten, aromatischen Charakter.<\/p>\n<p>Jede Packung enth\u00e4lt 340 g Olivenbaum-R\u00e4ucherchips, so dass Sie einen ausreichenden Vorrat haben, um Ihrer K\u00fcche ein herrliches mediterranes Flair zu verleihen.<\/p>\n<p>Packungsgr\u00f6\u00dfe: 340g.<\/p>\n","protected":false},"excerpt":{"rendered":"<p>Dreamfire Olivenbaum R\u00e4ucherchips: Erleben Sie das reiche Aroma von Olivenholz, das Ihrem Grillen eine unverwechselbare mediterrane Essenz verleiht. Diese R\u00e4ucherchips verleihen Ihren kulinarischen Kreationen einen Hauch von Raffinesse und verst\u00e4rken perfekt die Aromen von Fleisch, Meeresfr\u00fcchten und Gem\u00fcse. Diese Pommes frites sind ideal f\u00fcr Meeresfr\u00fcchte und Gefl\u00fcgel und verleihen Ihren Gerichten einen leichten, aromatischen Charakter.<\/p>\n<p>Jede Packung enth\u00e4lt 340 g Olivenbaum-R\u00e4ucherchips, so dass Sie einen ausreichenden Vorrat haben, um Ihrer K\u00fcche ein herrliches mediterranes Flair zu verleihen.<\/p>\n<p>Packungsgr\u00f6\u00dfe: 340g.<\/p>\n","protected":false},"featured_media":12888,"template":"","meta":[],"product_brand":[],"product_cat":[144],"product_tag":[],"class_list":{"0":"post-13203","1":"product","2":"type-product","3":"status-publish","4":"has-post-thumbnail","6":"product_cat-holzkohle-und-rauch","8":"first","9":"instock","10":"taxable","11":"shipping-taxable","12":"purchasable","13":"product-type-simple"},"_links":{"self":[{"href":"https:\/\/dreamfiregrill.com\/de\/wp-json\/wp\/v2\/product\/13203","targetHints":{"allow":["GET"]}}],"collection":[{"href":"https:\/\/dreamfiregrill.com\/de\/wp-json\/wp\/v2\/product"}],"about":[{"href":"https:\/\/dreamfiregrill.com\/de\/wp-json\/wp\/v2\/types\/product"}],"wp:featuredmedia":[{"embeddable":true,"href":"https:\/\/dreamfiregrill.com\/de\/wp-json\/wp\/v2\/media\/12888"}],"wp:attachment":[{"href":"https:\/\/dreamfiregrill.com\/de\/wp-json\/wp\/v2\/media?parent=13203"}],"wp:term":[{"taxonomy":"product_brand","embeddable":true,"href":"https:\/\/dreamfiregrill.com\/de\/wp-json\/wp\/v2\/product_brand?post=13203"},{"taxonomy":"product_cat","embeddable":true,"href":"https:\/\/dreamfiregrill.com\/de\/wp-json\/wp\/v2\/product_cat?post=13203"},{"taxonomy":"product_tag","embeddable":true,"href":"https:\/\/dreamfiregrill.com\/de\/wp-json\/wp\/v2\/product_tag?post=13203"}],"curies":[{"name":"wp","href":"https:\/\/api.w.org\/{rel}","templated":true}]}}