{"id":13205,"date":"2023-08-25T14:15:10","date_gmt":"2023-08-25T11:15:10","guid":{"rendered":"https:\/\/dreamfiregrill.com\/product\/dreamfire-cognac-barrel-raucherchips\/"},"modified":"2023-10-01T08:57:46","modified_gmt":"2023-10-01T05:57:46","slug":"dreamfire-cognac-fass-raucherchips","status":"publish","type":"product","link":"https:\/\/dreamfiregrill.com\/de\/produkt\/dreamfire-cognac-fass-raucherchips\/","title":{"rendered":"Dreamfire Cognac Fass R\u00e4ucherchips"},"content":{"rendered":"<p>Dreamfire Cognac Fass R\u00e4ucherchips &#8211; Erleben Sie Grillen wie nie zuvor mit der reichen Essenz von Cognac. Verleihen Sie Ihrem Fleisch, Gefl\u00fcgel und Wild die unverwechselbaren Aromen gereifter Eichenf\u00e4sser, die einst diese feine Spirituose enthielten. Diese Pommes bringen einen Hauch von Luxus in Ihre K\u00fcche und liefern eine einzigartige Rauchigkeit, die sich perfekt f\u00fcr besondere Anl\u00e4sse eignet oder wenn Sie einfach den au\u00dfergew\u00f6hnlichen Geschmack von gegrillter Perfektion genie\u00dfen m\u00f6chten.Diese Chips eignen sich besonders f\u00fcr lang gegartes Fleisch wie ger\u00e4ucherten Schinken und bringen ein tiefes, herzhaftes Geschmacksprofil hervor. Jede Packung enth\u00e4lt 340 g Cognac-Fass-R\u00e4ucherchips, um sicherzustellen, dass Sie gen\u00fcgend Vorrat haben, um kulinarische Meisterwerke zu kreieren.<\/p>\n<p>Packungsgr\u00f6\u00dfe: 340g.<\/p>\n<p>&nbsp;<\/p>\n","protected":false},"excerpt":{"rendered":"<p>Dreamfire Cognac Fass R\u00e4ucherchips &#8211; Erleben Sie Grillen wie nie zuvor mit der reichen Essenz von Cognac. Verleihen Sie Ihrem Fleisch, Gefl\u00fcgel und Wild die unverwechselbaren Aromen gereifter Eichenf\u00e4sser, die einst diese feine Spirituose enthielten. Diese Pommes bringen einen Hauch von Luxus in Ihre K\u00fcche und liefern eine einzigartige Rauchigkeit, die sich perfekt f\u00fcr besondere Anl\u00e4sse eignet oder wenn Sie einfach den au\u00dfergew\u00f6hnlichen Geschmack von gegrillter Perfektion genie\u00dfen m\u00f6chten.Diese Chips eignen sich besonders f\u00fcr lang gegartes Fleisch wie ger\u00e4ucherten Schinken und bringen ein tiefes, herzhaftes Geschmacksprofil hervor. Jede Packung enth\u00e4lt 340 g Cognac-Fass-R\u00e4ucherchips, um sicherzustellen, dass Sie gen\u00fcgend Vorrat haben, um kulinarische Meisterwerke zu kreieren.<\/p>\n<p>Packungsgr\u00f6\u00dfe: 340g.<\/p>\n","protected":false},"featured_media":12878,"template":"","meta":[],"product_brand":[],"product_cat":[144],"product_tag":[],"class_list":{"0":"post-13205","1":"product","2":"type-product","3":"status-publish","4":"has-post-thumbnail","6":"product_cat-holzkohle-und-rauch","8":"first","9":"instock","10":"taxable","11":"shipping-taxable","12":"purchasable","13":"product-type-simple"},"_links":{"self":[{"href":"https:\/\/dreamfiregrill.com\/de\/wp-json\/wp\/v2\/product\/13205","targetHints":{"allow":["GET"]}}],"collection":[{"href":"https:\/\/dreamfiregrill.com\/de\/wp-json\/wp\/v2\/product"}],"about":[{"href":"https:\/\/dreamfiregrill.com\/de\/wp-json\/wp\/v2\/types\/product"}],"wp:featuredmedia":[{"embeddable":true,"href":"https:\/\/dreamfiregrill.com\/de\/wp-json\/wp\/v2\/media\/12878"}],"wp:attachment":[{"href":"https:\/\/dreamfiregrill.com\/de\/wp-json\/wp\/v2\/media?parent=13205"}],"wp:term":[{"taxonomy":"product_brand","embeddable":true,"href":"https:\/\/dreamfiregrill.com\/de\/wp-json\/wp\/v2\/product_brand?post=13205"},{"taxonomy":"product_cat","embeddable":true,"href":"https:\/\/dreamfiregrill.com\/de\/wp-json\/wp\/v2\/product_cat?post=13205"},{"taxonomy":"product_tag","embeddable":true,"href":"https:\/\/dreamfiregrill.com\/de\/wp-json\/wp\/v2\/product_tag?post=13205"}],"curies":[{"name":"wp","href":"https:\/\/api.w.org\/{rel}","templated":true}]}}