{"id":13206,"date":"2023-08-25T14:03:47","date_gmt":"2023-08-25T11:03:47","guid":{"rendered":"https:\/\/dreamfiregrill.com\/product\/dreamfire-zitronenbaum-raucherchips\/"},"modified":"2023-10-01T08:59:36","modified_gmt":"2023-10-01T05:59:36","slug":"dreamfire-zitronenbaum-raucherchips","status":"publish","type":"product","link":"https:\/\/dreamfiregrill.com\/de\/produkt\/dreamfire-zitronenbaum-raucherchips\/","title":{"rendered":"Dreamfire Zitronenbaum R\u00e4ucherchips"},"content":{"rendered":"<p>Dreamfire\u00a0 Zitronenbaum R\u00e4ucherchips verleihen Ihrem Grillen ein belebendes Zitronenaroma, das wunderbar zu Meeresfr\u00fcchten, Gefl\u00fcgel und Gem\u00fcse passt. Diese R\u00e4ucherchips verleihen Ihren Gerichten einen pikanten Zitrusgeschmack und verleihen Ihren kulinarischen Kreationen eine erfrischende Note. Jede Packung enth\u00e4lt 340 g reine Zitronenbaum-R\u00e4ucherchips, die Ihnen reichlich Vorrat bieten, um Ihr Grillerlebnis zu verbessern.<\/p>\n<p>Packungsgr\u00f6\u00dfe: 340g.<\/p>\n","protected":false},"excerpt":{"rendered":"<p>Dreamfire Zitronenbaum R\u00e4ucherchips verleihen Ihrem Grillen ein belebendes Zitronenaroma, das wunderbar zu Meeresfr\u00fcchten, Gefl\u00fcgel und Gem\u00fcse passt. Diese R\u00e4ucherchips verleihen Ihren Gerichten einen pikanten Zitrusgeschmack und verleihen Ihren kulinarischen Kreationen eine erfrischende Note. Jede Packung enth\u00e4lt 340 g reine Zitronenbaum-R\u00e4ucherchips, die Ihnen reichlich Vorrat bieten, um Ihr Grillerlebnis zu verbessern.<\/p>\n<p>Packungsgr\u00f6\u00dfe: 340g.<\/p>\n","protected":false},"featured_media":12867,"template":"","meta":[],"product_brand":[],"product_cat":[144],"product_tag":[],"class_list":{"0":"post-13206","1":"product","2":"type-product","3":"status-publish","4":"has-post-thumbnail","6":"product_cat-holzkohle-und-rauch","8":"first","9":"instock","10":"taxable","11":"shipping-taxable","12":"purchasable","13":"product-type-simple"},"_links":{"self":[{"href":"https:\/\/dreamfiregrill.com\/de\/wp-json\/wp\/v2\/product\/13206","targetHints":{"allow":["GET"]}}],"collection":[{"href":"https:\/\/dreamfiregrill.com\/de\/wp-json\/wp\/v2\/product"}],"about":[{"href":"https:\/\/dreamfiregrill.com\/de\/wp-json\/wp\/v2\/types\/product"}],"wp:featuredmedia":[{"embeddable":true,"href":"https:\/\/dreamfiregrill.com\/de\/wp-json\/wp\/v2\/media\/12867"}],"wp:attachment":[{"href":"https:\/\/dreamfiregrill.com\/de\/wp-json\/wp\/v2\/media?parent=13206"}],"wp:term":[{"taxonomy":"product_brand","embeddable":true,"href":"https:\/\/dreamfiregrill.com\/de\/wp-json\/wp\/v2\/product_brand?post=13206"},{"taxonomy":"product_cat","embeddable":true,"href":"https:\/\/dreamfiregrill.com\/de\/wp-json\/wp\/v2\/product_cat?post=13206"},{"taxonomy":"product_tag","embeddable":true,"href":"https:\/\/dreamfiregrill.com\/de\/wp-json\/wp\/v2\/product_tag?post=13206"}],"curies":[{"name":"wp","href":"https:\/\/api.w.org\/{rel}","templated":true}]}}