{"id":13208,"date":"2023-05-17T13:54:38","date_gmt":"2023-05-17T10:54:38","guid":{"rendered":"https:\/\/dreamfiregrill.com\/product\/dreamfire-grate-rack-classic\/"},"modified":"2023-05-17T13:54:38","modified_gmt":"2023-05-17T10:54:38","slug":"dreamfire-grate-rack-classic","status":"publish","type":"product","link":"https:\/\/dreamfiregrill.com\/de\/produkt\/dreamfire-grate-rack-classic\/","title":{"rendered":"Dreamfire Grate Rack Classic"},"content":{"rendered":"<p>Dreamfire Grate Rack Classic- Die ultimative Aufbewahrungsl\u00f6sung f\u00fcr Ihre Grillroste, W\u00e4rmeabweiser, Pizzasteine und anderes Zubeh\u00f6r. Bewahren Sie Ihre Grillutensilien mit diesem praktischen Rost organisiert und griffbereit auf.<br \/>\nVerabschieden Sie sich von der m\u00fchsamen Suche nach einem geeigneten Platz zum Abstellen Ihres Grillrosts und der Sorge um Fettflecken auf Ihrer Kleidung oder Ihrem Deck. Der Dreamfire Rost Rack Classic verf\u00fcgt \u00fcber drei Schlitze mit einer Breite von jeweils ca. 2 cm, in denen Sie Ihr Zubeh\u00f6r sicher aufbewahren k\u00f6nnen, wenn es nicht verwendet wird.<\/p>\n<div class=\"tta_outtxt\">\n<p>Der Dreamfire Grostrost Classic wurde entwickelt, um perfekt auf Grills in Dreamfire Classic-Gr\u00f6\u00dfe zu passen, wie z. B. den Dreamfire Kamado Trendy Classic, Comfy Classic und Smokey II, und ist der ideale Begleiter, um den Stauraum zu maximieren und Ihr Grillzubeh\u00f6r organisiert und leicht zug\u00e4nglich zu halten.<\/p>\n<p>Verbessern Sie Ihr Grillerlebnis mit dem Dreamfire Grostrost Classic und genie\u00dfen Sie den Komfort und die Funktionalit\u00e4t, die er f\u00fcr Ihre Outdoor-Kochabenteuer bietet.<\/p>\n<p><strong>Hinweis<\/strong>: Grillroste, W\u00e4rmeabweiser, Pizzasteine und anderes Zubeh\u00f6r, das auf den Bildern gezeigt wird, dienen nur zur Veranschaulichung und sind nicht im Lieferumfang des Dreamfire Grostrosts Classic enthalten.<\/p>\n<p>Leistungsbeschreibung:<\/p>\n<p>Material: Strapazierf\u00e4higer Edelstahl<br \/>\nPassend f\u00fcr: Dreamfire Grills in Classic-Gr\u00f6\u00dfe<br \/>\nWetterfestes Design f\u00fcr lange Haltbarkeit<br \/>\nDrei ca. 2 cm breite Schlitze zur sicheren Aufbewahrung von Zubeh\u00f6r<\/p>\n<\/div>\n<div id=\"t_outputoptions\" class=\"t_outputoptions t_outputhelperoptions\">\n<div id=\"tta_outctrl\" class=\"t_secOptions b_clearfix  \">\n<div id=\"tt_suggestIconCont\" data-priority=\"2\">\n<div id=\"infobubble_item_11_8F2CC4\" class=\"infobubble_item infobubble_tooltip\" data-bubbleid=\"infobubble_11_8F2CC4\" aria-haspopup=\"true\">\n<div id=\"tt_suggestIcon\" class=\"t_option\" tabindex=\"0\" role=\"button\" aria-label=\"Suggest an edit\"><\/div>\n<\/div>\n<\/div>\n<div id=\"infobubble_item_12_8F2FB2\" class=\"infobubble_item infobubble_tooltip\" data-bubbleid=\"infobubble_12_8F2FB2\" aria-haspopup=\"true\">\n<div class=\"tta_playc\">\n<div id=\"tta_playicontgt\" class=\"t_option\" tabindex=\"0\" role=\"button\" aria-label=\"Listen to translation\"><\/div>\n<\/div>\n<\/div>\n<div class=\"t_copyText\">\n<div id=\"infobubble_item_13_8F3277\" class=\"infobubble_item infobubble_tooltip\" data-bubbleid=\"infobubble_13_8F3277\" aria-haspopup=\"true\">\n<div id=\"tta_copyIcon\" class=\"t_option\" tabindex=\"0\" role=\"button\" aria-label=\"Copy\"><\/div>\n<\/div>\n<\/div>\n<\/div>\n<\/div>\n","protected":false},"excerpt":{"rendered":"<p>Dreamfire Grate Rack Classic &#8211; die ultimative Aufbewahrungsl\u00f6sung f\u00fcr Ihre Grillroste, W\u00e4rmeabweiser, Pizzasteine und anderes Zubeh\u00f6r. Bewahren Sie Ihre Grillutensilien mit diesem praktischen Rost organisiert und griffbereit auf.<\/p>\n<p>Verabschieden Sie sich von der m\u00fchsamen Suche nach einem geeigneten Platz zum Abstellen Ihres Grillrosts und der Sorge um Fettflecken auf Ihrer Kleidung oder Ihrem Deck.Der Dreamfire Grate Rack Classic verf\u00fcgt \u00fcber drei Schlitze mit einer Breite von jeweils ca. 2 cm, in denen Sie Ihr Zubeh\u00f6r sicher aufbewahren k\u00f6nnen, wenn es nicht verwendet wird.<\/p>\n","protected":false},"featured_media":12045,"template":"","meta":[],"product_brand":[],"product_cat":[146],"product_tag":[],"class_list":{"0":"post-13208","1":"product","2":"type-product","3":"status-publish","4":"has-post-thumbnail","6":"product_cat-zubehor","8":"first","9":"instock","10":"taxable","11":"shipping-taxable","12":"purchasable","13":"product-type-simple"},"_links":{"self":[{"href":"https:\/\/dreamfiregrill.com\/de\/wp-json\/wp\/v2\/product\/13208","targetHints":{"allow":["GET"]}}],"collection":[{"href":"https:\/\/dreamfiregrill.com\/de\/wp-json\/wp\/v2\/product"}],"about":[{"href":"https:\/\/dreamfiregrill.com\/de\/wp-json\/wp\/v2\/types\/product"}],"wp:featuredmedia":[{"embeddable":true,"href":"https:\/\/dreamfiregrill.com\/de\/wp-json\/wp\/v2\/media\/12045"}],"wp:attachment":[{"href":"https:\/\/dreamfiregrill.com\/de\/wp-json\/wp\/v2\/media?parent=13208"}],"wp:term":[{"taxonomy":"product_brand","embeddable":true,"href":"https:\/\/dreamfiregrill.com\/de\/wp-json\/wp\/v2\/product_brand?post=13208"},{"taxonomy":"product_cat","embeddable":true,"href":"https:\/\/dreamfiregrill.com\/de\/wp-json\/wp\/v2\/product_cat?post=13208"},{"taxonomy":"product_tag","embeddable":true,"href":"https:\/\/dreamfiregrill.com\/de\/wp-json\/wp\/v2\/product_tag?post=13208"}],"curies":[{"name":"wp","href":"https:\/\/api.w.org\/{rel}","templated":true}]}}