{"id":13209,"date":"2023-03-13T15:25:50","date_gmt":"2023-03-13T13:25:50","guid":{"rendered":"https:\/\/dreamfiregrill.com\/product\/dreamfire-meatspotter-klappbar-2-in-1\/"},"modified":"2023-03-13T15:25:50","modified_gmt":"2023-03-13T13:25:50","slug":"dreamfire-meatspotter-klappbar-2-in-1","status":"publish","type":"product","link":"https:\/\/dreamfiregrill.com\/de\/produkt\/dreamfire-meatspotter-klappbar-2-in-1\/","title":{"rendered":"Dreamfire Meatspotter Klappbar 2-in-1"},"content":{"rendered":"<p>Das faltbare 2-in-1-Instant-Fleischthermometer Dreamfire Meatspotter ist das ultimative Werkzeug f\u00fcr jeden Hobbykoch. Mit einer Fleischsonde und einem Infrarot-Oberfl\u00e4chentemperatursensor kann es schnell und genau Temperaturmesswerte f\u00fcr Ihre Lebensmittel liefern. Der gut ablesbare LCD-Bildschirm macht es einfach, die Temperatur auf einen Blick zu \u00fcberpr\u00fcfen und sicherzustellen, dass Ihre Mahlzeiten jedes Mal perfekt zubereitet werden. Dieses kompakte und praktische Thermometer ist ein Muss f\u00fcr jeden, der gerne kocht.<\/p>\n<p>Egal, ob Sie grillen, braten oder backen, das faltbare Dreamfire\u00ae 2-in-1-Instant-Fleischthermometer hilft Ihnen, jedes Mal k\u00f6stliche, perfekt zubereitete Mahlzeiten zu servieren.<\/p>\n<p>Messgeschwindigkeit der Sonde: ~3-4sec<br \/>\nBetriebsbereich der Sonde: -30 \u00b0C bis 300 \u00b0C.<br \/>\nSondengenauigkeit: +-1 \u00b0C zwischen 0-100 \u00b0C. Genauigkeit au\u00dferhalb des Bereichs ~3\u00b0C.<br \/>\nBetriebsbereich des Infrarotsensors: 0 \u00b0C bis 380 \u00b0C.<br \/>\nGenauigkeit des Infrarotsensors: +-3 \u00b0C &lt;50 \u00b0C. &gt;50 \u00b0C +-2 \u00b0C.<br \/>\nIP-Klasse: IP54<\/p>\n<p>Verwendung des Infrarot-Thermometers:<\/p>\n<p>Das Infrarot-Thermometer funktioniert nur, wenn sich die Sonde in geschlossener Position befindet. Um das Thermometer einzuschalten, dr\u00fccken Sie die IR-Taste. Halten Sie die Taste gedr\u00fcckt, damit das Thermometer die Temperatur misst. Wenn Sie die Taste loslassen, zeigt das Thermometer 15 Sekunden lang die zuletzt gemessene Temperatur an, bevor sich der Bildschirm ausschaltet.<\/p>\n<p>Der Infrarotsensor des Thermometers hat ein Verh\u00e4ltnis von 5:1, was bedeutet, dass das Thermometer bei einer Messung in einem Abstand von 5 cm die Temperatur eines Bereichs mit einem Durchmesser von 1 cm misst. Das Thermometer ist umso genauer, je n\u00e4her Sie die Temperatur messen. Die Genauigkeit des Thermometers h\u00e4ngt auch von der Lufttemperatur ab, die das Thermometer umgibt &#8211; je kleiner die Differenz zwischen der Au\u00dfenluft und der gemessenen Oberfl\u00e4che ist, desto genauer ist das Thermometer.<\/p>\n<p>Bitte beachten Sie, dass das Thermometer nicht zur Messung der K\u00f6rpertemperatur gedacht ist.<\/p>\n<p>Verwendung der faltbaren Sonde:<\/p>\n<p>Klappen Sie die Sonde auseinander und f\u00fchren Sie die Spitze der Sonde in die Mitte des zu messenden Lebensmittels ein. Warten Sie einige Sekunden, um eine genaue Temperaturmessung zu erhalten. Die Hintergrundbeleuchtung des Thermometerbildschirms leuchtet 30 Sekunden lang auf. Das Thermometer schaltet sich nach 3 Minuten aus. Um das Thermometer wieder einzuschalten, dr\u00fccken Sie die Mode-Taste.<\/p>\n<p>Reinigung:<\/p>\n<p>Reinigen Sie das Thermometer regelm\u00e4\u00dfig. Der Infrarot-Thermometersensor ist sehr empfindlich und muss immer sauber gehalten werden. Verwenden Sie zum Reinigen ein Baumwolltuch oder ein \u00e4hnliches weiches Reinigungstuch.<\/p>\n<p>&nbsp;<\/p>\n<p>&nbsp;<\/p>\n<div class=\"tta_outtxt\"><\/div>\n<div id=\"t_outputoptions\" class=\"t_outputoptions t_outputhelperoptions\">\n<div id=\"tta_outctrl\" class=\"t_secOptions b_clearfix           \">\n<div id=\"tt_suggestIconCont\" data-priority=\"2\">\n<div id=\"infobubble_item_11_8F2CC4\" class=\"infobubble_item infobubble_tooltip\" data-bubbleid=\"infobubble_11_8F2CC4\" aria-haspopup=\"true\">\n<div id=\"tt_suggestIcon\" class=\"t_option\" tabindex=\"0\" role=\"button\" aria-label=\"Suggest an edit\"><\/div>\n<\/div>\n<\/div>\n<div id=\"infobubble_item_12_8F2FB2\" class=\"infobubble_item infobubble_tooltip\" data-bubbleid=\"infobubble_12_8F2FB2\" aria-haspopup=\"true\">\n<div class=\"tta_playc\">\n<div id=\"tta_playicontgt\" class=\"t_option\" tabindex=\"0\" role=\"button\" aria-label=\"Listen to translation\"><\/div>\n<\/div>\n<\/div>\n<div class=\"t_copyText\">\n<div id=\"infobubble_item_13_8F3277\" class=\"infobubble_item infobubble_tooltip\" data-bubbleid=\"infobubble_13_8F3277\" aria-haspopup=\"true\">\n<div id=\"tta_copyIcon\" class=\"t_option\" tabindex=\"0\" role=\"button\" aria-label=\"Copy\"><\/div>\n<\/div>\n<\/div>\n<\/div>\n<\/div>\n<div class=\"tta_outtxt\"><\/div>\n<div id=\"t_outputoptions\" class=\"t_outputoptions t_outputhelperoptions\">\n<div id=\"tta_outctrl\" class=\"t_secOptions b_clearfix           \">\n<div id=\"tt_suggestIconCont\" data-priority=\"2\">\n<div id=\"infobubble_item_11_8F2CC4\" class=\"infobubble_item infobubble_tooltip\" data-bubbleid=\"infobubble_11_8F2CC4\" aria-haspopup=\"true\">\n<div id=\"tt_suggestIcon\" class=\"t_option\" tabindex=\"0\" role=\"button\" aria-label=\"Suggest an edit\"><\/div>\n<\/div>\n<\/div>\n<div id=\"infobubble_item_12_8F2FB2\" class=\"infobubble_item infobubble_tooltip\" data-bubbleid=\"infobubble_12_8F2FB2\" aria-haspopup=\"true\">\n<div class=\"tta_playc\">\n<div id=\"tta_playicontgt\" class=\"t_option\" tabindex=\"0\" role=\"button\" aria-label=\"Listen to translation\"><\/div>\n<\/div>\n<\/div>\n<div class=\"t_copyText\">\n<div id=\"infobubble_item_13_8F3277\" class=\"infobubble_item infobubble_tooltip\" data-bubbleid=\"infobubble_13_8F3277\" aria-haspopup=\"true\">\n<div id=\"tta_copyIcon\" class=\"t_option\" tabindex=\"0\" role=\"button\" aria-label=\"Copy\"><\/div>\n<\/div>\n<\/div>\n<\/div>\n<\/div>\n<div class=\"tta_outtxt\"><\/div>\n<div id=\"t_outputoptions\" class=\"t_outputoptions t_outputhelperoptions\">\n<div id=\"tta_outctrl\" class=\"t_secOptions b_clearfix           \">\n<div id=\"tt_suggestIconCont\" data-priority=\"2\">\n<div id=\"infobubble_item_11_8F2CC4\" class=\"infobubble_item infobubble_tooltip\" data-bubbleid=\"infobubble_11_8F2CC4\" aria-haspopup=\"true\">\n<div id=\"tt_suggestIcon\" class=\"t_option\" tabindex=\"0\" role=\"button\" aria-label=\"Suggest an edit\"><\/div>\n<\/div>\n<\/div>\n<div id=\"infobubble_item_12_8F2FB2\" class=\"infobubble_item infobubble_tooltip\" data-bubbleid=\"infobubble_12_8F2FB2\" aria-haspopup=\"true\">\n<div class=\"tta_playc\">\n<div id=\"tta_playicontgt\" class=\"t_option\" tabindex=\"0\" role=\"button\" aria-label=\"Listen to translation\"><\/div>\n<\/div>\n<\/div>\n<div class=\"t_copyText\">\n<div id=\"infobubble_item_13_8F3277\" class=\"infobubble_item infobubble_tooltip\" data-bubbleid=\"infobubble_13_8F3277\" aria-haspopup=\"true\">\n<div id=\"tta_copyIcon\" class=\"t_option\" tabindex=\"0\" role=\"button\" aria-label=\"Copy\"><\/div>\n<\/div>\n<\/div>\n<\/div>\n<\/div>\n","protected":false},"excerpt":{"rendered":"<p>Das faltbare 2-in-1-Fleischthermometer Dreamfire Meatspotter ist das ultimative Werkzeug f\u00fcr jeden Hobbykoch. Mit einer Fleischsonde und einem Infrarot-Oberfl\u00e4chentemperatursensor kann es schnell und genau Temperaturmesswerte f\u00fcr Ihre Lebensmittel liefern. Der gut ablesbare LCD-Bildschirm macht es einfach, die Temperatur auf einen Blick zu \u00fcberpr\u00fcfen und sicherzustellen, dass Ihre Mahlzeiten jedes Mal perfekt zubereitet werden. Dieses kompakte und praktische Thermometer ist ein Muss f\u00fcr jeden, der gerne kocht.Egal, ob Sie grillen, braten oder backen, das faltbare Dreamfire\u00ae 2-in-1-Instant-Fleischthermometer hilft Ihnen, jedes Mal k\u00f6stliche, perfekt zubereitete Mahlzeiten zu servieren.<\/p>\n","protected":false},"featured_media":11856,"template":"","meta":[],"product_brand":[],"product_cat":[146],"product_tag":[],"class_list":{"0":"post-13209","1":"product","2":"type-product","3":"status-publish","4":"has-post-thumbnail","6":"product_cat-zubehor","8":"first","9":"instock","10":"taxable","11":"shipping-taxable","12":"purchasable","13":"product-type-simple"},"_links":{"self":[{"href":"https:\/\/dreamfiregrill.com\/de\/wp-json\/wp\/v2\/product\/13209","targetHints":{"allow":["GET"]}}],"collection":[{"href":"https:\/\/dreamfiregrill.com\/de\/wp-json\/wp\/v2\/product"}],"about":[{"href":"https:\/\/dreamfiregrill.com\/de\/wp-json\/wp\/v2\/types\/product"}],"wp:featuredmedia":[{"embeddable":true,"href":"https:\/\/dreamfiregrill.com\/de\/wp-json\/wp\/v2\/media\/11856"}],"wp:attachment":[{"href":"https:\/\/dreamfiregrill.com\/de\/wp-json\/wp\/v2\/media?parent=13209"}],"wp:term":[{"taxonomy":"product_brand","embeddable":true,"href":"https:\/\/dreamfiregrill.com\/de\/wp-json\/wp\/v2\/product_brand?post=13209"},{"taxonomy":"product_cat","embeddable":true,"href":"https:\/\/dreamfiregrill.com\/de\/wp-json\/wp\/v2\/product_cat?post=13209"},{"taxonomy":"product_tag","embeddable":true,"href":"https:\/\/dreamfiregrill.com\/de\/wp-json\/wp\/v2\/product_tag?post=13209"}],"curies":[{"name":"wp","href":"https:\/\/api.w.org\/{rel}","templated":true}]}}