{"id":13213,"date":"2022-10-06T13:22:59","date_gmt":"2022-10-06T10:22:59","guid":{"rendered":"https:\/\/dreamfiregrill.com\/product\/dreamfire-asche-korb\/"},"modified":"2022-10-06T13:22:59","modified_gmt":"2022-10-06T10:22:59","slug":"dreamfire-asche-korb","status":"publish","type":"product","link":"https:\/\/dreamfiregrill.com\/de\/produkt\/dreamfire-asche-korb\/","title":{"rendered":"Dreamfire Aschekorb"},"content":{"rendered":"<p>Der Dreamfire Aschen Korb ist ein unverzichtbares Accessoire f\u00fcr jeden Kamado-Besitzer. Dieser einfach zu bedienende Aschekorb macht es einfach, Asche und Kohlereste von Holzkohleresten zu entfernen und sorgt so f\u00fcr eine perfekte Luftzirkulation f\u00fcr Ihren Kamado. Dies erleichtert die Temperaturregelung bei l\u00e4ngeren Grillabenden. Heben Sie einfach den Aschekorb aus dem Kamado, sch\u00fctteln Sie die Asche und kleine Holzkohlest\u00fccke aus und stellen Sie den Korb wieder auf den Grill.<\/p>\n<p>Mit dem Dreamfire Aschekorb m\u00fcssen Sie sich keine Sorgen machen, dass die gusseiserne Platte auf der Unterseite Ihres Kamados mit einer Ascheschicht bedeckt ist, die verhindern kann, dass die Holzkohle effizient brennt.<\/p>\n<p>Bodendurchmesser 23cm<br \/>\nOberer Durchmesser 36,5 cm.<br \/>\nEntwickelt f\u00fcr Dreamfire Trendy Classic, Comfy und andere 21-22&#8243; Kamados.<\/p>\n","protected":false},"excerpt":{"rendered":"<p>Der Dreamfire Ash Basket ist ein unverzichtbares Accessoire f\u00fcr jeden Kamado-Besitzer. Dieser einfach zu bedienende Aschekorb macht es einfach, Asche und Kohlereste von Holzkohleresten zu entfernen und sorgt so f\u00fcr eine perfekte Luftzirkulation f\u00fcr Ihren Kamado. Dies erleichtert die Temperaturregelung bei l\u00e4ngeren Grillabenden. Heben Sie einfach den Aschekorb aus dem Kamado, sch\u00fctteln Sie die Asche und kleine Holzkohlest\u00fccke aus und stellen Sie den Korb wieder auf den Grill. With the Dreamfire Asche Korb, there&#8217;s no need to worry about the cast iron plate on the bottom of your kamado being covered with an ash layer, which can prevent the charcoal from burning efficiently.<\/p>\n","protected":false},"featured_media":11637,"template":"","meta":[],"product_brand":[],"product_cat":[146],"product_tag":[],"class_list":{"0":"post-13213","1":"product","2":"type-product","3":"status-publish","4":"has-post-thumbnail","6":"product_cat-zubehor","8":"first","9":"outofstock","10":"taxable","11":"shipping-taxable","12":"purchasable","13":"product-type-simple"},"_links":{"self":[{"href":"https:\/\/dreamfiregrill.com\/de\/wp-json\/wp\/v2\/product\/13213","targetHints":{"allow":["GET"]}}],"collection":[{"href":"https:\/\/dreamfiregrill.com\/de\/wp-json\/wp\/v2\/product"}],"about":[{"href":"https:\/\/dreamfiregrill.com\/de\/wp-json\/wp\/v2\/types\/product"}],"wp:featuredmedia":[{"embeddable":true,"href":"https:\/\/dreamfiregrill.com\/de\/wp-json\/wp\/v2\/media\/11637"}],"wp:attachment":[{"href":"https:\/\/dreamfiregrill.com\/de\/wp-json\/wp\/v2\/media?parent=13213"}],"wp:term":[{"taxonomy":"product_brand","embeddable":true,"href":"https:\/\/dreamfiregrill.com\/de\/wp-json\/wp\/v2\/product_brand?post=13213"},{"taxonomy":"product_cat","embeddable":true,"href":"https:\/\/dreamfiregrill.com\/de\/wp-json\/wp\/v2\/product_cat?post=13213"},{"taxonomy":"product_tag","embeddable":true,"href":"https:\/\/dreamfiregrill.com\/de\/wp-json\/wp\/v2\/product_tag?post=13213"}],"curies":[{"name":"wp","href":"https:\/\/api.w.org\/{rel}","templated":true}]}}