{"id":13216,"date":"2022-10-03T15:38:59","date_gmt":"2022-10-03T12:38:59","guid":{"rendered":"https:\/\/dreamfiregrill.com\/product\/dreamfire-spiesse-set\/"},"modified":"2022-10-03T15:38:59","modified_gmt":"2022-10-03T12:38:59","slug":"dreamfire-spiesse-set","status":"publish","type":"product","link":"https:\/\/dreamfiregrill.com\/de\/produkt\/dreamfire-spiesse-set\/","title":{"rendered":"Dreamfire Spie\u00dfe-Set"},"content":{"rendered":"<p>Das Dreamfire Spie\u00df-Set ist ein unverzichtbares Accessoire f\u00fcr jeden Grillmeister. Diese Spie\u00dfe eignen sich perfekt zum Grillen von Speisen auf direkter Flamme, das U-f\u00f6rmige Design erleichtert das Drehen von Speisen auf dem Grill und verhindert, dass sich das Grillgut von selbst dreht. Die Spie\u00dfe sind aus Edelstahl gefertigt und gew\u00e4hrleisten Langlebigkeit und Best\u00e4ndigkeit gegen Rost und Korrosion. Die Spie\u00dfe sind au\u00dferdem sp\u00fclmaschinenfest, so dass die Reinigung zum Kinderspiel wird.<\/p>\n<p>Dieses Set enth\u00e4lt 6 Spie\u00dfe und einen Samtbeutel, so dass sie leicht zu transportieren und zu verstauen sind. Jeder Spie\u00df ist 30,5 cm lang und bietet ausreichend Platz, um Fleisch, Gem\u00fcse und Obst einzuf\u00e4deln. Die Spie\u00dfe eignen sich perfekt zum Grillen von Spie\u00dfen, Schaschlikspie\u00dfen und Satays, und das U-f\u00f6rmige Design verhindert, dass sich das Essen dreht und verrutscht, sodass Sie Ihr Essen auf dem Grill leicht wenden k\u00f6nnen. R\u00fcsten Sie Ihr Grillspiel mit dem Dreamfire Spie\u00df-Set auf und genie\u00dfen Sie jedes Mal k\u00f6stliches, perfekt gegrilltes Essen.<\/p>\n<p>Set: 6 St\u00fcck Spie\u00dfe und ein Samtbeutel.<\/p>\n<p>L\u00e4nge: 30,5 cm.<\/p>\n","protected":false},"excerpt":{"rendered":"<p>Das Dreamfire Spie\u00df-Set ist ein unverzichtbares Accessoire f\u00fcr jeden Grillmeister. Diese Spie\u00dfe eignen sich perfekt zum Grillen von Speisen auf direkter Flamme, das U-f\u00f6rmige Design erleichtert das Drehen von Speisen auf dem Grill und verhindert, dass sich das Grillgut von selbst dreht. Die Spie\u00dfe sind aus Edelstahl gefertigt und gew\u00e4hrleisten Langlebigkeit und Best\u00e4ndigkeit gegen Rost und Korrosion. Die Spie\u00dfe sind au\u00dferdem sp\u00fclmaschinenfest, so dass die Reinigung zum Kinderspiel wird.Dieses Set enth\u00e4lt 6 Spie\u00dfe und einen Samtbeutel, so dass sie leicht zu transportieren und zu verstauen sind. Jeder Spie\u00df ist 30,5 cm lang und bietet ausreichend Platz, um Fleisch, Gem\u00fcse und Obst einzuf\u00e4deln. Die Spie\u00dfe eignen sich perfekt zum Grillen von Spie\u00dfen, Schaschlikspie\u00dfen und Satays, und das U-f\u00f6rmige Design verhindert, dass sich das Essen dreht und verrutscht, sodass Sie Ihr Essen auf dem Grill leicht wenden k\u00f6nnen. R\u00fcsten Sie Ihr Grillspiel mit dem Dreamfire Spie\u00df-Set auf und genie\u00dfen Sie jedes Mal k\u00f6stliches, perfekt gegrilltes Essen.<\/p>\n","protected":false},"featured_media":11598,"template":"","meta":[],"product_brand":[],"product_cat":[146],"product_tag":[],"class_list":{"0":"post-13216","1":"product","2":"type-product","3":"status-publish","4":"has-post-thumbnail","6":"product_cat-zubehor","8":"first","9":"instock","10":"taxable","11":"shipping-taxable","12":"purchasable","13":"product-type-simple"},"_links":{"self":[{"href":"https:\/\/dreamfiregrill.com\/de\/wp-json\/wp\/v2\/product\/13216","targetHints":{"allow":["GET"]}}],"collection":[{"href":"https:\/\/dreamfiregrill.com\/de\/wp-json\/wp\/v2\/product"}],"about":[{"href":"https:\/\/dreamfiregrill.com\/de\/wp-json\/wp\/v2\/types\/product"}],"wp:featuredmedia":[{"embeddable":true,"href":"https:\/\/dreamfiregrill.com\/de\/wp-json\/wp\/v2\/media\/11598"}],"wp:attachment":[{"href":"https:\/\/dreamfiregrill.com\/de\/wp-json\/wp\/v2\/media?parent=13216"}],"wp:term":[{"taxonomy":"product_brand","embeddable":true,"href":"https:\/\/dreamfiregrill.com\/de\/wp-json\/wp\/v2\/product_brand?post=13216"},{"taxonomy":"product_cat","embeddable":true,"href":"https:\/\/dreamfiregrill.com\/de\/wp-json\/wp\/v2\/product_cat?post=13216"},{"taxonomy":"product_tag","embeddable":true,"href":"https:\/\/dreamfiregrill.com\/de\/wp-json\/wp\/v2\/product_tag?post=13216"}],"curies":[{"name":"wp","href":"https:\/\/api.w.org\/{rel}","templated":true}]}}