{"id":13217,"date":"2022-07-07T16:10:48","date_gmt":"2022-07-07T13:10:48","guid":{"rendered":"https:\/\/dreamfiregrill.com\/product\/dreamfire-gusseisentopf-4l\/"},"modified":"2026-04-11T18:49:14","modified_gmt":"2026-04-11T15:49:14","slug":"dreamfire-gusseisentopf-4l","status":"publish","type":"product","link":"https:\/\/dreamfiregrill.com\/de\/produkt\/dreamfire-gusseisentopf-4l\/","title":{"rendered":"Dreamfire\u00ae Gusseisentopf 4L"},"content":{"rendered":"<p>Dreamfire Gusseisentopf 4l ist der ultimative Kochtopf f\u00fcr Ihren Grill oder Herd. Vorgew\u00fcrzt und gebrauchsfertig eignet sich dieser 4-Liter-Topf perfekt zum Kochen aller Arten von Mahlzeiten wie gebratenem Gem\u00fcse, Eint\u00f6pfen, Suppen, Chili und vielem mehr. Die gusseiserne Konstruktion sorgt f\u00fcr eine gleichm\u00e4\u00dfige W\u00e4rmeverteilung und -speicherung und eignet sich daher perfekt zum langsamen Garen und Schmoren. Der Deckel kann auch als Pfanne verwendet werden, die sich hervorragend zum Anbraten und Braten eignet.<\/p>\n","protected":false},"excerpt":{"rendered":"<p>Dreamfire Cast Iron Pot 4l ist der ultimative Kochtopf f\u00fcr Ihren Grill oder Herd. Vorgew\u00fcrzt und gebrauchsfertig eignet sich dieser 4-Liter-Topf perfekt zum Kochen aller Arten von Mahlzeiten wie gebratenem Gem\u00fcse, Eint\u00f6pfen, Suppen, Chili und vielem mehr. Die gusseiserne Konstruktion sorgt f\u00fcr eine gleichm\u00e4\u00dfige W\u00e4rmeverteilung und -speicherung und eignet sich daher perfekt zum langsamen Garen und Schmoren. Der Deckel kann auch als Pfanne verwendet werden, die sich hervorragend zum Anbraten und Braten eignet.Die gusseiserne Kochfl\u00e4che speichert die W\u00e4rme, versiegelt Feuchtigkeit und Geschmack und sorgt f\u00fcr ein knuspriges Anbraten Ihres Fleisches, w\u00e4hrend w\u00fcrzige S\u00e4fte in der Pfanne bleiben, anstatt in die Flammen zu tropfen. Das Fassungsverm\u00f6gen des Topfes von 4 Litern eignet sich perfekt zum Kochen f\u00fcr eine gro\u00dfe Familie oder eine gro\u00dfe Versammlung. Es ist f\u00fcr die Verwendung auf allen Kochfeldern geeignet, einschlie\u00dflich Induktions- und Backofenfest. Der Dreamfire Gusseisentopf 4l ist ein langlebiges und vielseitiges Kochwerkzeug, das jahrelang h\u00e4lt. Es ist perfekt, um Ihrem Grill oder Herd k\u00f6stliche Mahlzeiten hinzuzuf\u00fcgen.<\/p>\n","protected":false},"featured_media":11333,"template":"","meta":[],"product_brand":[],"product_cat":[146],"product_tag":[],"class_list":{"0":"post-13217","1":"product","2":"type-product","3":"status-publish","4":"has-post-thumbnail","6":"product_cat-zubehor","8":"first","9":"instock","10":"taxable","11":"shipping-taxable","12":"purchasable","13":"product-type-simple"},"_links":{"self":[{"href":"https:\/\/dreamfiregrill.com\/de\/wp-json\/wp\/v2\/product\/13217","targetHints":{"allow":["GET"]}}],"collection":[{"href":"https:\/\/dreamfiregrill.com\/de\/wp-json\/wp\/v2\/product"}],"about":[{"href":"https:\/\/dreamfiregrill.com\/de\/wp-json\/wp\/v2\/types\/product"}],"wp:featuredmedia":[{"embeddable":true,"href":"https:\/\/dreamfiregrill.com\/de\/wp-json\/wp\/v2\/media\/11333"}],"wp:attachment":[{"href":"https:\/\/dreamfiregrill.com\/de\/wp-json\/wp\/v2\/media?parent=13217"}],"wp:term":[{"taxonomy":"product_brand","embeddable":true,"href":"https:\/\/dreamfiregrill.com\/de\/wp-json\/wp\/v2\/product_brand?post=13217"},{"taxonomy":"product_cat","embeddable":true,"href":"https:\/\/dreamfiregrill.com\/de\/wp-json\/wp\/v2\/product_cat?post=13217"},{"taxonomy":"product_tag","embeddable":true,"href":"https:\/\/dreamfiregrill.com\/de\/wp-json\/wp\/v2\/product_tag?post=13217"}],"curies":[{"name":"wp","href":"https:\/\/api.w.org\/{rel}","templated":true}]}}