{"id":13220,"date":"2021-04-21T09:32:32","date_gmt":"2021-04-21T06:32:32","guid":{"rendered":"https:\/\/dreamfiregrill.com\/product\/dreamfire-kamado-smokey-ii\/"},"modified":"2023-10-01T11:12:45","modified_gmt":"2023-10-01T08:12:45","slug":"dreamfire-kamado-smokey-ii","status":"publish","type":"product","link":"https:\/\/dreamfiregrill.com\/de\/produkt\/dreamfire-kamado-smokey-ii\/","title":{"rendered":"Dreamfire Kamado Smokey II"},"content":{"rendered":"<p>Dreamfire Kamado Smokey II, der Gipfel der Grill-Exzellenz. Dieser bemerkenswerte Kamado-Grill wurde sorgf\u00e4ltig entwickelt, um den Bed\u00fcrfnissen ernsthafter Grillenthusiasten gerecht zu werden, die nur das Beste an Handwerkskunst, Materialien und Funktionalit\u00e4t verlangen. Mit seinem beeindruckenden Funktionsumfang ist der Smokey II ein Beweis f\u00fcr die Leidenschaft und das Know-how von Grillliebhabern. Machen Sie sich bereit, Ihr Grillspiel zu verbessern und erleben Sie mit dem Dreamfire Kamado Smokey II ein neues Ma\u00df an kulinarischer Exzellenz. Merkmale des Dreamfire Kamado Smokey II:<br \/>\nDreistufiges verbessertes Garsystem LUX PRO: Bringen Sie Ihr Grillen mit dem dreistufigen Garsystem auf ein neues Niveau. Diese innovative Funktion erm\u00f6glicht drei Garstufen, darunter eine spezielle Bodenebene f\u00fcr das perfekte Anbraten. Ausgestattet mit sechs hochbelastbaren Halbmond-Edelstahlrosten und zwei Keramik-Halbmond-W\u00e4rmeabweisern bietet der Smokey II endlose Grillm\u00f6glichkeiten. Die bequemen Griffe erleichtern das Herausheben des gesamten Systems aus dem Grill und bieten un\u00fcbertroffenen Komfort und Vielseitigkeit.<br \/>\nNeues FeatherTouch-Scharnier \u2013 ein innovatives Design, mit dem Sie den Deckel Ihres Dreamfire Kamado Comfy-Grills m\u00fchelos mit der leichtesten Ber\u00fchrung \u00f6ffnen k\u00f6nnen.<br \/>\nAschekorb: Genie\u00dfen Sie die problemlose Ascheentfernung und optimale Luftzirkulation mit dem einfach zu bedienenden Aschekorb. Heben Sie es einfach aus dem Kamado, sch\u00fctteln Sie die Asche und die kleinen Holzkohlest\u00fccke ab und legen Sie es wieder in den Grill. Verabschieden Sie sich von dem Problem der Ascheablagerung auf der Gusseisenplatte, die eine effiziente Holzkohleverbrennung behindern kann. Mit dem Aschekorb bleibt Ihr Grillerlebnis sauber, effizient und problemlos.<br \/>\nSmoking Chip Feeder: Verabschieden Sie sich von der M\u00fche, Roste zu entfernen, um Holzsp\u00e4ne hinzuzuf\u00fcgen. Der Smokey II ist mit einem praktischen R\u00e4uchersp\u00e4ne-Feeder ausgestattet, der sich in seinem Keramikgeh\u00e4use befindet. Diese bahnbrechende Funktion erm\u00f6glicht es Ihnen, Ihrer Holzkohle Holzsp\u00e4ne hinzuzuf\u00fcgen, ohne Feuchtigkeit, Rauch oder W\u00e4rme zu verlieren.<\/p>\n<p>Dreamfire Meatspotter 100 Bluetooth-Thermometer: Mit dem mitgelieferten Meatspotter 100-Thermometer \u00fcbernehmen Sie die volle Kontrolle \u00fcber Ihren Grillprozess. Mit diesem Bluetooth-f\u00e4higen Thermometer k\u00f6nnen Sie Ihre Grill- und Grilltemperatur bequem von Ihrem Telefon aus \u00fcberwachen. Die benutzerfreundliche App und der gro\u00dfe, hintergrundbeleuchtete Bildschirm sorgen f\u00fcr ein komfortables Grillerlebnis und geben Ihnen die Freiheit, die Temperaturen zu \u00fcberwachen, egal ob Sie am Grill sitzen oder mit Freunden entspannen.<\/p>\n<p>Mehrteilige Feuerb\u00fcchse aus Keramik: Die Smokey II ist mit einer einzigartigen mehrteiligen Feuerb\u00fcchse ausgestattet. Diese Konstruktion gew\u00e4hrleistet eine au\u00dfergew\u00f6hnliche Haltbarkeit und Best\u00e4ndigkeit gegen Temperaturschwankungen, wodurch Bedenken hinsichtlich versehentlicher Rissbildung beseitigt werden. Der Metallrahmen erleichtert auch das einfache Anheben des Feuerraums f\u00fcr den Transport oder die gr\u00fcndliche Reinigung und bietet zus\u00e4tzlichen Komfort und Sicherheit.<\/p>\n<p>Regenschutz: Sch\u00fctzen Sie Ihre Investition mit dem hochwertigen Regenschutz, der im Lieferumfang des Smokey II enthalten ist. Halten Sie Ihren Kamado sauber und vor Regen, UV-Strahlung und Pollen gesch\u00fctzt. Stellen Sie sicher, dass Ihr Grill in Top-Zustand bleibt und f\u00fcr Ihr n\u00e4chstes Grillabenteuer\u00a0 bereit ist.<br \/>\nHolzsp\u00e4nerohr und Ascheschaber: Der Smokey II wird komplett mit einem Holzsp\u00e4nerohr und einem Ascheschaber geliefert, das zus\u00e4tzlichen Komfort und Funktionalit\u00e4t f\u00fcr Ihre Grillbed\u00fcrfnisse bietet. Innovative obere Bel\u00fcftung aus Edelstahl: Der Smokey II verf\u00fcgt \u00fcber ein brandneues Design der oberen Bel\u00fcftung, das ihn von der Konkurrenz abhebt. Diese innovative Entl\u00fcftung sorgt f\u00fcr eine hervorragende Kontrolle \u00fcber den Luftstrom und verhindert gleichzeitig, dass Regen in den Grill eindringt. Mit seinem hitzebest\u00e4ndigen Griff haben Sie eine sorgenfreie W\u00e4rmeregelung zur Hand, sodass Sie Ihr Grillerlebnis mit Pr\u00e4zision abstimmen k\u00f6nnen. Extra dicke Edelstahlroste: Erleben Sie au\u00dfergew\u00f6hnliche W\u00e4rmespeicherung und Haltbarkeit mit den extra dicken Edelstahlrosten des Smokey II, die nur beim Smokey II erh\u00e4ltlich sind. Diese Roste sind so konzipiert, dass sie wie Gusseisen wirken, die W\u00e4rme effektiv speichern und eine unvergleichliche Langlebigkeit bieten. Ihre robuste Konstruktion garantiert eine einfache Wartung, da sie biege- und schmelzbest\u00e4ndig sind. Genie\u00dfen Sie problemloses Grillen und m\u00fchelose Reinigung mit diesen Premium-Rosten.<\/p>\n<p><strong>Edelstahldetails: <\/strong>Der Smokey II ist mit hochwertigen Details aus Edelstahl (304) verziert, darunter L\u00fcftungsschlitze, Wagen, Griff und Metallgurte. Diese Edelstahlkomponenten sorgen f\u00fcr eine lange Haltbarkeit und beseitigen die Sorge vor Rost oder Korrosion. Erleben Sie die perfekte Kombination aus \u00c4sthetik und Funktionalit\u00e4t mit dem schlanken und zeitlosen Design des Smokey II.<\/p>\n<p><strong>Edelstahlwagen mit extra langlebigen R\u00e4dern<\/strong>: Der Smokey II wird mit einem robusten Edelstahlwagen geliefert, der mit hochwertigen R\u00e4dern ausgestattet ist und sowohl Stabilit\u00e4t als auch Mobilit\u00e4t bietet. Bewegen Sie Ihren Kamado m\u00fchelos und sorgen Sie daf\u00fcr, dass er ein stilvolles Zuhause in Ihrem Au\u00dfenbereich hat. Dieser Wagen wurde entwickelt, um verschiedenen Wetterbedingungen standzuhalten, und garantiert eine lange Haltbarkeit und bequeme Man\u00f6vrierf\u00e4higkeit.<br \/>\nExtra dicke und dichte Keramik: Das Keramikgeh\u00e4use des Smokey II ist aus extra dicker und dichter Keramik gefertigt, was eine au\u00dfergew\u00f6hnliche Haltbarkeit und hervorragende W\u00e4rmespeicherung gew\u00e4hrleistet. Diese einzigartige Konstruktion erm\u00f6glicht es dem Smokey II, die W\u00e4rme effizient zu speichern, was ihn kraftstoffsparender macht als andere Kamado-Grills. Sein dicker Keramikk\u00f6rper sorgt auch daf\u00fcr, dass sich das \u00c4u\u00dfere k\u00fchler anf\u00fchlt, was die Sicherheit beim Grillen erh\u00f6ht.<\/p>\n<p><strong>Extra dicke Dichtung zwischen Korpus und Deckel: <\/strong>Genie\u00dfen Sie eine pr\u00e4zise Hitzeregelung und eine effiziente Holzkohleverbrennung mit der hochwertigen, dicken Dichtung des Smokey II. Dieser luftdichte Verschluss garantiert eine optimale Temperaturregulierung und erm\u00f6glicht es Ihnen, gleichbleibende Garergebnisse zu erzielen. Wenn Sie die oberen und unteren L\u00fcftungsschlitze schlie\u00dfen, erlischt Ihre Holzkohle innerhalb von Minuten. Verabschieden Sie sich von verschwendetem Kraftstoff und begr\u00fc\u00dfen Sie ein au\u00dfergew\u00f6hnliches W\u00e4rmemanagement mit dem Smokey II. Sideboards aus Holz mit Haken: Das Smokey II verf\u00fcgt \u00fcber abnehmbare Sideboards aus Holz, die eine praktische Arbeitsfl\u00e4che f\u00fcr Ihre Grillutensilien bieten. H\u00e4ngen Sie Ihre Grillzange, Ascheschaber, Sp\u00e4nerohr und mehr an die Haken, um den Zugriff zu erleichtern. Verbessern Sie Ihr Grillerlebnis mit diesen durchdachten und funktionalen Erg\u00e4nzungen.Einfach zu montieren: Der Smokey II wird gr\u00f6\u00dftenteils vormontiert in der Verpackung geliefert, was nur minimale Montagezeit erfordert. Befestigen Sie einfach die Beine, montieren Sie den Feuerraum, befestigen Sie den Griff und die seitlichen Ablagen am Grill. Mit einer leicht verst\u00e4ndlichen Anleitung dauert die Montage nicht l\u00e4nger als 30 Minuten. Grillen Sie im Handumdrehen und begeben Sie sich auf eine kulinarische Reise wie keine andere.<strong><br \/>\n<\/strong><\/p>\n<p>Der Dreamfire Kamado Smokey II eignet sich perfekt f\u00fcr Terrassen, Hausg\u00e4rten sowie kleinere Restaurants und Bars. Der gro\u00dfe Kochbereich erm\u00f6glicht es Ihnen, bis zu 14-16 St\u00fcck Filet zuzubereiten oder gr\u00f6\u00dfere Gruppen von 12-15+ Personen unterzubringen. Der extra dicke Keramikk\u00f6rper des Smokey II sorgt f\u00fcr eine optimale W\u00e4rmespeicherung, was zu zarten, w\u00fcrzigen Gerichten f\u00fchrt. Mit seiner au\u00dfergew\u00f6hnlichen Vielseitigkeit, Langlebigkeit und unvergleichlichen Leistung ist der Dreamfire Kamado Smokey II der ultimative Grillbegleiter.<\/p>\n<p>Genie\u00dfen Sie ein Leben lang Zufriedenheit beim Grillen mit der eingeschr\u00e4nkten lebenslangen Garantie des Smokey II f\u00fcr den Keramikk\u00f6rper.<\/p>\n<p><strong>Leistungsbeschreibung:<\/strong><\/p>\n<p>Farbe: Nachthimmel<br \/>\nAu\u00dfendurchmesser des Grills: 56,5 cm<br \/>\nInnendurchmesser des Grills: 50 cm<br \/>\nDurchmesser des Grillrosts: 47 cm<br \/>\nGesamte Grillfl\u00e4che auf einer Ebene: 1735 cm2<br \/>\nGesamtgrillfl\u00e4che mit drei Stufen des LUX PRO Systems: 5205 cm2<br \/>\nEingeschr\u00e4nkte lebenslange Garantie<br \/>\nExklusives Design<\/p>\n","protected":false},"excerpt":{"rendered":"<p>Dreamfire Kamado Smokey II &#8211; ein bahnbrechender Kamado-Grill f\u00fcr leidenschaftliche Grill-Enthusiasten. Dieser au\u00dfergew\u00f6hnliche Kamado-Grill wurde f\u00fcr diejenigen entwickelt, die sorgf\u00e4ltige Handwerkskunst und erstklassige Funktionalit\u00e4t sch\u00e4tzen. Das dreistufige Garsystem, ein einzigartiges Merkmal, das nur im Smokey II zu finden ist, bietet eine un\u00fcbertroffene Vielseitigkeit f\u00fcr Ihre Grillabenteuer.Mit sechs hochbelastbaren Edelstahlrosten, zwei keramischen W\u00e4rmeabweisern und komfortablen Hebegriffen haben Sie die Freiheit, kulinarische Meisterwerke in unz\u00e4hligen Kombinationen zu kreieren. Verbessern Sie Ihr Grillspiel und g\u00f6nnen Sie sich das ultimative Kocherlebnis mit dem Dreamfire Kamado Smokey II.<\/p>\n","protected":false},"featured_media":12688,"template":"","meta":[],"product_brand":[],"product_cat":[145],"product_tag":[],"class_list":{"0":"post-13220","1":"product","2":"type-product","3":"status-publish","4":"has-post-thumbnail","6":"product_cat-grills-de","8":"first","9":"instock","10":"taxable","11":"shipping-taxable","12":"purchasable","13":"product-type-simple"},"_links":{"self":[{"href":"https:\/\/dreamfiregrill.com\/de\/wp-json\/wp\/v2\/product\/13220","targetHints":{"allow":["GET"]}}],"collection":[{"href":"https:\/\/dreamfiregrill.com\/de\/wp-json\/wp\/v2\/product"}],"about":[{"href":"https:\/\/dreamfiregrill.com\/de\/wp-json\/wp\/v2\/types\/product"}],"wp:featuredmedia":[{"embeddable":true,"href":"https:\/\/dreamfiregrill.com\/de\/wp-json\/wp\/v2\/media\/12688"}],"wp:attachment":[{"href":"https:\/\/dreamfiregrill.com\/de\/wp-json\/wp\/v2\/media?parent=13220"}],"wp:term":[{"taxonomy":"product_brand","embeddable":true,"href":"https:\/\/dreamfiregrill.com\/de\/wp-json\/wp\/v2\/product_brand?post=13220"},{"taxonomy":"product_cat","embeddable":true,"href":"https:\/\/dreamfiregrill.com\/de\/wp-json\/wp\/v2\/product_cat?post=13220"},{"taxonomy":"product_tag","embeddable":true,"href":"https:\/\/dreamfiregrill.com\/de\/wp-json\/wp\/v2\/product_tag?post=13220"}],"curies":[{"name":"wp","href":"https:\/\/api.w.org\/{rel}","templated":true}]}}