{"id":13227,"date":"2021-09-13T15:19:36","date_gmt":"2021-09-13T12:19:36","guid":{"rendered":"https:\/\/dreamfiregrill.com\/product\/dreamfire-burste-mit-flaschenoffner\/"},"modified":"2021-09-13T15:19:36","modified_gmt":"2021-09-13T12:19:36","slug":"dreamfire-burste-mit-flaschenoffner","status":"publish","type":"product","link":"https:\/\/dreamfiregrill.com\/de\/produkt\/dreamfire-burste-mit-flaschenoffner\/","title":{"rendered":"Dreamfire B\u00fcrste mit Flaschen\u00f6ffner"},"content":{"rendered":"<p>Dreamfire\u00ae neue Edelstahlb\u00fcrste Safe wird Ihnen das Leben leicht machen, Sie k\u00f6nnen Ihre Grillroste schnell und sicher reinigen. Sie m\u00fcssen sich keine Sorgen machen, dass sich kleine B\u00fcrstenteile l\u00f6sen, da die Metallb\u00fcrste in einem St\u00fcck ist. Die B\u00fcrste verf\u00fcgt auf einer Seite \u00fcber einen Schaber, der sich perfekt zum Entfernen von anhaftenden Lebensmitteln und Schmutz eignet. Der Griff verf\u00fcgt au\u00dferdem \u00fcber einen eingebauten Flaschen\u00f6ffner, was ihn zu einem vielseitigen und praktischen Werkzeug macht, das Sie beim Grillen zur Hand haben k\u00f6nnen. Die B\u00fcrste ist 45 cm lang und bietet eine ausreichende Hebelwirkung f\u00fcr eine effiziente Reinigung. Diese B\u00fcrste ist ein Muss f\u00fcr jeden Grillbegeisterten oder professionellen Koch, der seine Roste sauber und sicher zum Kochen halten m\u00f6chte.<\/p>\n","protected":false},"excerpt":{"rendered":"<p>Dreamfire\u00ae neue Edelstahlb\u00fcrste Safe wird Ihnen das Leben leicht machen, Sie k\u00f6nnen Ihre Grillroste schnell und sicher reinigen. Sie m\u00fcssen sich keine Sorgen machen, dass sich kleine B\u00fcrstenteile l\u00f6sen, da die Metallb\u00fcrste in einem St\u00fcck ist. Die B\u00fcrste verf\u00fcgt auf einer Seite \u00fcber einen Schaber, der sich perfekt zum Entfernen von anhaftenden Lebensmitteln und Schmutz [&hellip;]<\/p>\n","protected":false},"featured_media":11540,"template":"","meta":[],"product_brand":[],"product_cat":[146],"product_tag":[],"class_list":{"0":"post-13227","1":"product","2":"type-product","3":"status-publish","4":"has-post-thumbnail","6":"product_cat-zubehor","8":"first","9":"instock","10":"taxable","11":"shipping-taxable","12":"purchasable","13":"product-type-simple"},"_links":{"self":[{"href":"https:\/\/dreamfiregrill.com\/de\/wp-json\/wp\/v2\/product\/13227","targetHints":{"allow":["GET"]}}],"collection":[{"href":"https:\/\/dreamfiregrill.com\/de\/wp-json\/wp\/v2\/product"}],"about":[{"href":"https:\/\/dreamfiregrill.com\/de\/wp-json\/wp\/v2\/types\/product"}],"wp:featuredmedia":[{"embeddable":true,"href":"https:\/\/dreamfiregrill.com\/de\/wp-json\/wp\/v2\/media\/11540"}],"wp:attachment":[{"href":"https:\/\/dreamfiregrill.com\/de\/wp-json\/wp\/v2\/media?parent=13227"}],"wp:term":[{"taxonomy":"product_brand","embeddable":true,"href":"https:\/\/dreamfiregrill.com\/de\/wp-json\/wp\/v2\/product_brand?post=13227"},{"taxonomy":"product_cat","embeddable":true,"href":"https:\/\/dreamfiregrill.com\/de\/wp-json\/wp\/v2\/product_cat?post=13227"},{"taxonomy":"product_tag","embeddable":true,"href":"https:\/\/dreamfiregrill.com\/de\/wp-json\/wp\/v2\/product_tag?post=13227"}],"curies":[{"name":"wp","href":"https:\/\/api.w.org\/{rel}","templated":true}]}}