{"id":13232,"date":"2021-04-22T13:25:51","date_gmt":"2021-04-22T10:25:51","guid":{"rendered":"https:\/\/dreamfiregrill.com\/product\/dreamfire-eiche-raucheklotze-2kg\/"},"modified":"2021-04-22T13:25:51","modified_gmt":"2021-04-22T10:25:51","slug":"dreamfire-eiche-raucheklotze-2kg","status":"publish","type":"product","link":"https:\/\/dreamfiregrill.com\/de\/produkt\/dreamfire-eiche-raucheklotze-2kg\/","title":{"rendered":"Dreamfire Eiche R\u00e4uchekl\u00f6tze 2kg"},"content":{"rendered":"<p>Dreamfire Eiche R\u00e4uchekl\u00f6tze 2kg sind das ideale R\u00e4ucherholz, um Ihrem Fleisch einen reichen, robusten Geschmack zu verleihen. Diese St\u00fccke sind aus hochwertigem Eichenholz gefertigt und eignen sich perfekt f\u00fcr die Verwendung mit Rind-, Schweine- und Gefl\u00fcgelfleisch. Eichenholz verleiht Ihrem Fleisch einen starken, herzhaften Geschmack und eignet sich daher perfekt zum langsamen Garen und R\u00e4uchern. Eichenst\u00fccke eignen sich perfekt f\u00fcr das geringe und langsame Rauchen und verleihen einen robusten Geschmack, der nur mit echtem Holz erreicht werden kann. Diese Kl\u00f6tze sind ein Muss f\u00fcr jeden BBQ-Enthusiasten, der sein Grillspiel auf die n\u00e4chste Stufe heben m\u00f6chte.<\/p>\n","protected":false},"excerpt":{"rendered":"<p>Dreamfire Eiche R\u00e4uchekl\u00f6tze 2kg sind das ideale R\u00e4ucherholz, um Ihrem Fleisch einen reichen, robusten Geschmack zu verleihen. Diese St\u00fccke sind aus hochwertigem Eichenholz gefertigt und eignen sich perfekt f\u00fcr die Verwendung mit Rind-, Schweine- und Gefl\u00fcgelfleisch. Eichenholz verleiht Ihrem Fleisch einen starken, herzhaften Geschmack und eignet sich daher perfekt zum langsamen Garen und R\u00e4uchern. Eichenst\u00fccke [&hellip;]<\/p>\n","protected":false},"featured_media":11757,"template":"","meta":[],"product_brand":[],"product_cat":[144],"product_tag":[],"class_list":{"0":"post-13232","1":"product","2":"type-product","3":"status-publish","4":"has-post-thumbnail","6":"product_cat-holzkohle-und-rauch","8":"first","9":"outofstock","10":"taxable","11":"shipping-taxable","12":"purchasable","13":"product-type-simple"},"_links":{"self":[{"href":"https:\/\/dreamfiregrill.com\/de\/wp-json\/wp\/v2\/product\/13232","targetHints":{"allow":["GET"]}}],"collection":[{"href":"https:\/\/dreamfiregrill.com\/de\/wp-json\/wp\/v2\/product"}],"about":[{"href":"https:\/\/dreamfiregrill.com\/de\/wp-json\/wp\/v2\/types\/product"}],"wp:featuredmedia":[{"embeddable":true,"href":"https:\/\/dreamfiregrill.com\/de\/wp-json\/wp\/v2\/media\/11757"}],"wp:attachment":[{"href":"https:\/\/dreamfiregrill.com\/de\/wp-json\/wp\/v2\/media?parent=13232"}],"wp:term":[{"taxonomy":"product_brand","embeddable":true,"href":"https:\/\/dreamfiregrill.com\/de\/wp-json\/wp\/v2\/product_brand?post=13232"},{"taxonomy":"product_cat","embeddable":true,"href":"https:\/\/dreamfiregrill.com\/de\/wp-json\/wp\/v2\/product_cat?post=13232"},{"taxonomy":"product_tag","embeddable":true,"href":"https:\/\/dreamfiregrill.com\/de\/wp-json\/wp\/v2\/product_tag?post=13232"}],"curies":[{"name":"wp","href":"https:\/\/api.w.org\/{rel}","templated":true}]}}