{"id":13233,"date":"2021-04-22T13:24:36","date_gmt":"2021-04-22T10:24:36","guid":{"rendered":"https:\/\/dreamfiregrill.com\/product\/dreamfire-erlenholz-raucherklotze-2kg\/"},"modified":"2021-04-22T13:24:36","modified_gmt":"2021-04-22T10:24:36","slug":"dreamfire-erlenholz-raucherklotze-2kg","status":"publish","type":"product","link":"https:\/\/dreamfiregrill.com\/de\/produkt\/dreamfire-erlenholz-raucherklotze-2kg\/","title":{"rendered":"Dreamfire Erlenholz R\u00e4ucherkl\u00f6tze 2kg"},"content":{"rendered":"<p>Dreamfire Erlenholz-R\u00e4ucherst\u00fccke 2 kg sind der perfekte Weg, um Ihrem Fleisch einen zarten und subtilen Rauchgeschmack zu verleihen. Diese St\u00fccke aus hochwertigem Erlenholz eignen sich perfekt f\u00fcr die Verwendung mit Fisch, Gefl\u00fcgel und Schweinefleisch. Erlenholz verleiht Ihrem Fleisch einen leichten und milden Geschmack und eignet sich daher perfekt f\u00fcr Fisch und Gefl\u00fcgel. Erlenst\u00fccke eignen sich perfekt f\u00fcr geringes und langsames Rauchen und verleihen einen zarten Rauchgeschmack, der nur mit echtem Holz erreicht werden kann. Diese St\u00fccke sind ein Muss f\u00fcr jeden Grillbegeisterten oder professionellen Koch, der seinen Gerichten einen subtilen und einzigartigen Rauchgeschmack verleihen m\u00f6chte.<\/p>\n","protected":false},"excerpt":{"rendered":"<p>Dreamfire Erlenholz-R\u00e4ucherst\u00fccke 2 kg sind der perfekte Weg, um Ihrem Fleisch einen zarten und subtilen Rauchgeschmack zu verleihen. Diese St\u00fccke aus hochwertigem Erlenholz eignen sich perfekt f\u00fcr die Verwendung mit Fisch, Gefl\u00fcgel und Schweinefleisch. Erlenholz verleiht Ihrem Fleisch einen leichten und milden Geschmack und eignet sich daher perfekt f\u00fcr Fisch und Gefl\u00fcgel. Erlenst\u00fccke eignen sich [&hellip;]<\/p>\n","protected":false},"featured_media":11766,"template":"","meta":[],"product_brand":[],"product_cat":[144],"product_tag":[],"class_list":{"0":"post-13233","1":"product","2":"type-product","3":"status-publish","4":"has-post-thumbnail","6":"product_cat-holzkohle-und-rauch","8":"first","9":"outofstock","10":"taxable","11":"shipping-taxable","12":"purchasable","13":"product-type-simple"},"_links":{"self":[{"href":"https:\/\/dreamfiregrill.com\/de\/wp-json\/wp\/v2\/product\/13233","targetHints":{"allow":["GET"]}}],"collection":[{"href":"https:\/\/dreamfiregrill.com\/de\/wp-json\/wp\/v2\/product"}],"about":[{"href":"https:\/\/dreamfiregrill.com\/de\/wp-json\/wp\/v2\/types\/product"}],"wp:featuredmedia":[{"embeddable":true,"href":"https:\/\/dreamfiregrill.com\/de\/wp-json\/wp\/v2\/media\/11766"}],"wp:attachment":[{"href":"https:\/\/dreamfiregrill.com\/de\/wp-json\/wp\/v2\/media?parent=13233"}],"wp:term":[{"taxonomy":"product_brand","embeddable":true,"href":"https:\/\/dreamfiregrill.com\/de\/wp-json\/wp\/v2\/product_brand?post=13233"},{"taxonomy":"product_cat","embeddable":true,"href":"https:\/\/dreamfiregrill.com\/de\/wp-json\/wp\/v2\/product_cat?post=13233"},{"taxonomy":"product_tag","embeddable":true,"href":"https:\/\/dreamfiregrill.com\/de\/wp-json\/wp\/v2\/product_tag?post=13233"}],"curies":[{"name":"wp","href":"https:\/\/api.w.org\/{rel}","templated":true}]}}