{"id":13235,"date":"2021-04-22T13:21:42","date_gmt":"2021-04-22T10:21:42","guid":{"rendered":"https:\/\/dreamfiregrill.com\/product\/dreamfire-erlen-holzkohl-50l\/"},"modified":"2026-04-11T18:49:14","modified_gmt":"2026-04-11T15:49:14","slug":"dreamfire-erlen-holzkohl-50l","status":"publish","type":"product","link":"https:\/\/dreamfiregrill.com\/de\/produkt\/dreamfire-erlen-holzkohl-50l\/","title":{"rendered":"Dreamfire Erlen Holzkohl 50L"},"content":{"rendered":"<p>Dreamfire Big Lump Erle Holzkohl ist f\u00fcr Restaurants und den Heimgebrauch geeignet. Dreamfire Erlenholzkohle eignet sich ideal zum Grillen und R\u00e4uchern und wird nach h\u00f6chsten Standards hergestellt. Dreamfire Erlenholzkohle ist ideal f\u00fcr kleinere und gr\u00f6\u00dfere Grills und Raucher. Die Holzkohle ist 100% nat\u00fcrlich und enth\u00e4lt keine zus\u00e4tzlichen Zusatzstoffe, so dass sie absolut sicher zum Kochen ist und sogar zum Kochen direkt auf der Holzkohle verwendet werden kann. Gro\u00dfe Klumpen erleichtern die Kontrolle der Temperatur w\u00e4hrend des gesamten Garvorgangs. Dreamfire Erlenholzkohle leuchtet schnell auf und es m\u00fcssen keine zus\u00e4tzlichen Chemikalien wie Feuerzeugbenzin verwendet werden. Dreamfire Erlenholzkohle gibt einen sch\u00f6nen rauchigen Grillgeschmack ab. Produziert sehr wenig Asche.<\/p>\n","protected":false},"excerpt":{"rendered":"<p>Gr\u00f6\u00dfe: 50L, ca. 6,5kg<\/p>\n","protected":false},"featured_media":11650,"template":"","meta":[],"product_brand":[],"product_cat":[144],"product_tag":[],"class_list":{"0":"post-13235","1":"product","2":"type-product","3":"status-publish","4":"has-post-thumbnail","6":"product_cat-holzkohle-und-rauch","8":"first","9":"instock","10":"taxable","11":"shipping-taxable","12":"purchasable","13":"product-type-simple"},"_links":{"self":[{"href":"https:\/\/dreamfiregrill.com\/de\/wp-json\/wp\/v2\/product\/13235","targetHints":{"allow":["GET"]}}],"collection":[{"href":"https:\/\/dreamfiregrill.com\/de\/wp-json\/wp\/v2\/product"}],"about":[{"href":"https:\/\/dreamfiregrill.com\/de\/wp-json\/wp\/v2\/types\/product"}],"wp:featuredmedia":[{"embeddable":true,"href":"https:\/\/dreamfiregrill.com\/de\/wp-json\/wp\/v2\/media\/11650"}],"wp:attachment":[{"href":"https:\/\/dreamfiregrill.com\/de\/wp-json\/wp\/v2\/media?parent=13235"}],"wp:term":[{"taxonomy":"product_brand","embeddable":true,"href":"https:\/\/dreamfiregrill.com\/de\/wp-json\/wp\/v2\/product_brand?post=13235"},{"taxonomy":"product_cat","embeddable":true,"href":"https:\/\/dreamfiregrill.com\/de\/wp-json\/wp\/v2\/product_cat?post=13235"},{"taxonomy":"product_tag","embeddable":true,"href":"https:\/\/dreamfiregrill.com\/de\/wp-json\/wp\/v2\/product_tag?post=13235"}],"curies":[{"name":"wp","href":"https:\/\/api.w.org\/{rel}","templated":true}]}}