{"id":13236,"date":"2021-04-22T13:19:41","date_gmt":"2021-04-22T10:19:41","guid":{"rendered":"https:\/\/dreamfiregrill.com\/product\/dreamfire-feuerfeste-grillmatte\/"},"modified":"2021-04-22T13:19:41","modified_gmt":"2021-04-22T10:19:41","slug":"dreamfire-feuerfeste-grillmatte","status":"publish","type":"product","link":"https:\/\/dreamfiregrill.com\/de\/produkt\/dreamfire-feuerfeste-grillmatte\/","title":{"rendered":"Dreamfire Feuerfeste Grillmatte"},"content":{"rendered":"<p>Dreamfire Fireproof Grillmatte &#8211; die perfekte Erg\u00e4nzung f\u00fcr Ihr Grill-Setup. Diese Matte wurde speziell entwickelt, um eine zus\u00e4tzliche Sicherheitsschicht und Schutz f\u00fcr Ihre Terrasse oder Terrasse zu bieten, w\u00e4hrend Sie grillen. Aus hochwertigen Materialien gefertigt, h\u00e4lt die Matte Temperaturen von bis zu 800 Grad Celsius stand, ohne zu schmelzen, zu rei\u00dfen oder zu s\u00e4umen. Es sch\u00fctzt nicht nur Ihre Terrasse vor Hitze und Spritzglut, sondern verhindert auch, dass Fett eindringt und Ihren Boden besch\u00e4digt.Die Reinigung ist ein Kinderspiel &#8211; einfach mit einem feuchten Tuch abwischen oder mit einem Wasserschlauch absp\u00fclen.<\/p>\n","protected":false},"excerpt":{"rendered":"<p>Dreamfire Fireproof Grillmatte &#8211; die perfekte Erg\u00e4nzung f\u00fcr Ihr Grill-Setup. Diese Matte wurde speziell entwickelt, um eine zus\u00e4tzliche Sicherheitsschicht und Schutz f\u00fcr Ihre Terrasse oder Terrasse zu bieten, w\u00e4hrend Sie grillen. Aus hochwertigen Materialien gefertigt, h\u00e4lt die Matte Temperaturen von bis zu 800 Grad Celsius stand, ohne zu schmelzen, zu rei\u00dfen oder zu s\u00e4umen. Es sch\u00fctzt nicht nur Ihre Terrasse vor Hitze und Spritzglut, sondern verhindert auch, dass Fett eindringt und Ihren Boden besch\u00e4digt.Die Reinigung ist ein Kinderspiel &#8211; einfach mit einem feuchten Tuch abwischen oder mit einem Wasserschlauch absp\u00fclen.<\/p>\n","protected":false},"featured_media":9667,"template":"","meta":[],"product_brand":[],"product_cat":[146],"product_tag":[],"class_list":{"0":"post-13236","1":"product","2":"type-product","3":"status-publish","4":"has-post-thumbnail","6":"product_cat-zubehor","8":"first","9":"instock","10":"taxable","11":"shipping-taxable","12":"purchasable","13":"product-type-simple"},"_links":{"self":[{"href":"https:\/\/dreamfiregrill.com\/de\/wp-json\/wp\/v2\/product\/13236","targetHints":{"allow":["GET"]}}],"collection":[{"href":"https:\/\/dreamfiregrill.com\/de\/wp-json\/wp\/v2\/product"}],"about":[{"href":"https:\/\/dreamfiregrill.com\/de\/wp-json\/wp\/v2\/types\/product"}],"wp:featuredmedia":[{"embeddable":true,"href":"https:\/\/dreamfiregrill.com\/de\/wp-json\/wp\/v2\/media\/9667"}],"wp:attachment":[{"href":"https:\/\/dreamfiregrill.com\/de\/wp-json\/wp\/v2\/media?parent=13236"}],"wp:term":[{"taxonomy":"product_brand","embeddable":true,"href":"https:\/\/dreamfiregrill.com\/de\/wp-json\/wp\/v2\/product_brand?post=13236"},{"taxonomy":"product_cat","embeddable":true,"href":"https:\/\/dreamfiregrill.com\/de\/wp-json\/wp\/v2\/product_cat?post=13236"},{"taxonomy":"product_tag","embeddable":true,"href":"https:\/\/dreamfiregrill.com\/de\/wp-json\/wp\/v2\/product_tag?post=13236"}],"curies":[{"name":"wp","href":"https:\/\/api.w.org\/{rel}","templated":true}]}}