{"id":13238,"date":"2021-04-22T13:14:45","date_gmt":"2021-04-22T10:14:45","guid":{"rendered":"https:\/\/dreamfiregrill.com\/product\/dreamfire-pizzaschaufel\/"},"modified":"2021-04-22T13:14:45","modified_gmt":"2021-04-22T10:14:45","slug":"dreamfire-pizzaschaufel","status":"publish","type":"product","link":"https:\/\/dreamfiregrill.com\/de\/produkt\/dreamfire-pizzaschaufel\/","title":{"rendered":"Dreamfire Pizzaschaufel"},"content":{"rendered":"<p>Dreamfire Pizzaschaufel, das unverzichtbare Werkzeug f\u00fcr jeden Pizzaliebhaber und professionellen Koch. Diese Schaufel aus strapazierf\u00e4higem Aluminium ist so konzipiert, dass sie leicht unter Pizzen und andere Backwaren gleitet, sodass Sie sie m\u00fchelos vom Grill auf Ihren Teller \u00fcbertragen k\u00f6nnen. Der bequeme Holzgriff sorgt f\u00fcr einen sicheren Halt, w\u00e4hrend seine L\u00e4nge von 65,5 cm Sie sicher vom lodernden Feuer fernh\u00e4lt. Mit einer Breite von 30 cm hat es die perfekte Gr\u00f6\u00dfe f\u00fcr alle Ihre Pizzabed\u00fcrfnisse.<\/p>\n","protected":false},"excerpt":{"rendered":"<p>Dreamfire Pizzaschaufel, das unverzichtbare Werkzeug f\u00fcr jeden Pizzaliebhaber und professionellen Koch. Diese Schaufel aus strapazierf\u00e4higem Aluminium ist so konzipiert, dass sie leicht unter Pizzen und andere Backwaren gleitet, sodass Sie sie m\u00fchelos vom Grill auf Ihren Teller \u00fcbertragen k\u00f6nnen. Der bequeme Holzgriff sorgt f\u00fcr einen sicheren Halt, w\u00e4hrend seine L\u00e4nge von 65,5 cm Sie sicher vom lodernden Feuer fernh\u00e4lt. Mit einer Breite von 30 cm hat es die perfekte Gr\u00f6\u00dfe f\u00fcr alle Ihre Pizzabed\u00fcrfnisse.<\/p>\n","protected":false},"featured_media":9683,"template":"","meta":[],"product_brand":[],"product_cat":[146],"product_tag":[],"class_list":{"0":"post-13238","1":"product","2":"type-product","3":"status-publish","4":"has-post-thumbnail","6":"product_cat-zubehor","8":"first","9":"instock","10":"taxable","11":"shipping-taxable","12":"purchasable","13":"product-type-simple"},"_links":{"self":[{"href":"https:\/\/dreamfiregrill.com\/de\/wp-json\/wp\/v2\/product\/13238","targetHints":{"allow":["GET"]}}],"collection":[{"href":"https:\/\/dreamfiregrill.com\/de\/wp-json\/wp\/v2\/product"}],"about":[{"href":"https:\/\/dreamfiregrill.com\/de\/wp-json\/wp\/v2\/types\/product"}],"wp:featuredmedia":[{"embeddable":true,"href":"https:\/\/dreamfiregrill.com\/de\/wp-json\/wp\/v2\/media\/9683"}],"wp:attachment":[{"href":"https:\/\/dreamfiregrill.com\/de\/wp-json\/wp\/v2\/media?parent=13238"}],"wp:term":[{"taxonomy":"product_brand","embeddable":true,"href":"https:\/\/dreamfiregrill.com\/de\/wp-json\/wp\/v2\/product_brand?post=13238"},{"taxonomy":"product_cat","embeddable":true,"href":"https:\/\/dreamfiregrill.com\/de\/wp-json\/wp\/v2\/product_cat?post=13238"},{"taxonomy":"product_tag","embeddable":true,"href":"https:\/\/dreamfiregrill.com\/de\/wp-json\/wp\/v2\/product_tag?post=13238"}],"curies":[{"name":"wp","href":"https:\/\/api.w.org\/{rel}","templated":true}]}}