{"id":13241,"date":"2020-05-27T16:04:24","date_gmt":"2020-05-27T13:04:24","guid":{"rendered":"https:\/\/dreamfiregrill.com\/product\/dreamfire-extra-groses-grillbrett\/"},"modified":"2026-04-11T18:49:14","modified_gmt":"2026-04-11T15:49:14","slug":"dreamfire-extra-groses-grillbrett","status":"publish","type":"product","link":"https:\/\/dreamfiregrill.com\/de\/produkt\/dreamfire-extra-groses-grillbrett\/","title":{"rendered":"Dreamfire\u00ae extra gro\u00dfes Grillbrett"},"content":{"rendered":"<p>Dreamfire\u00ae extra gro\u00dfes Grillbrett ist ca. 15-25cm breit, ca. 40cm hoch und ca. 2,5-3cm dick. Es besteht aus trockenem Erlenholz und eignet sich perfekt zum Grillen von Fisch auf jeder Art von Grill, wodurch ein sch\u00f6ner Rauchgeschmack entsteht. Dank seiner Dicke kann es mehrfach wiederverwendet werden. Kombinieren Sie es einfach mit frischem Lachs, Fisch, Meeresfr\u00fcchten, Gem\u00fcse, Pizza und mehr! Sie k\u00f6nnen mehrere Portionen auf ein Brett passen. Unsere brette sind ofen-, r\u00e4ucher- und grillfest, sodass Sie kreativ werden und neue Geschmacksrichtungen entdecken k\u00f6nnen!<\/p>\n","protected":false},"excerpt":{"rendered":"<p>Dreamfire\u00ae extra gro\u00dfes Grillbrett ist ca. 15-25cm breit, ca. 40cm hoch und ca. 2,5-3cm dick. Es besteht aus trockenem Erlenholz und eignet sich perfekt zum Grillen von Fisch auf jeder Art von Grill, wodurch ein sch\u00f6ner Rauchgeschmack entsteht. Dank seiner Dicke kann es mehrfach wiederverwendet werden.<\/p>\n","protected":false},"featured_media":8616,"template":"","meta":[],"product_brand":[],"product_cat":[144],"product_tag":[],"class_list":{"0":"post-13241","1":"product","2":"type-product","3":"status-publish","4":"has-post-thumbnail","6":"product_cat-holzkohle-und-rauch","8":"first","9":"instock","10":"taxable","11":"shipping-taxable","12":"purchasable","13":"product-type-simple"},"_links":{"self":[{"href":"https:\/\/dreamfiregrill.com\/de\/wp-json\/wp\/v2\/product\/13241","targetHints":{"allow":["GET"]}}],"collection":[{"href":"https:\/\/dreamfiregrill.com\/de\/wp-json\/wp\/v2\/product"}],"about":[{"href":"https:\/\/dreamfiregrill.com\/de\/wp-json\/wp\/v2\/types\/product"}],"wp:featuredmedia":[{"embeddable":true,"href":"https:\/\/dreamfiregrill.com\/de\/wp-json\/wp\/v2\/media\/8616"}],"wp:attachment":[{"href":"https:\/\/dreamfiregrill.com\/de\/wp-json\/wp\/v2\/media?parent=13241"}],"wp:term":[{"taxonomy":"product_brand","embeddable":true,"href":"https:\/\/dreamfiregrill.com\/de\/wp-json\/wp\/v2\/product_brand?post=13241"},{"taxonomy":"product_cat","embeddable":true,"href":"https:\/\/dreamfiregrill.com\/de\/wp-json\/wp\/v2\/product_cat?post=13241"},{"taxonomy":"product_tag","embeddable":true,"href":"https:\/\/dreamfiregrill.com\/de\/wp-json\/wp\/v2\/product_tag?post=13241"}],"curies":[{"name":"wp","href":"https:\/\/api.w.org\/{rel}","templated":true}]}}