{"id":13243,"date":"2020-05-27T15:51:34","date_gmt":"2020-05-27T12:51:34","guid":{"rendered":"https:\/\/dreamfiregrill.com\/product\/dreamfire-gusseisenpfanne\/"},"modified":"2020-05-27T15:51:34","modified_gmt":"2020-05-27T12:51:34","slug":"dreamfire-gusseisenpfanne","status":"publish","type":"product","link":"https:\/\/dreamfiregrill.com\/de\/produkt\/dreamfire-gusseisenpfanne\/","title":{"rendered":"Dreamfire\u00ae Gusseisenpfanne"},"content":{"rendered":"<p>Die Dreamfire-Gusseisenpfanne\u00ae ist vorgew\u00fcrzt und gebrauchsfertig. Es hat ein Fassungsverm\u00f6gen von 1,5 LiternDie gusseiserne Pfanne von Dreamfire ist grifflos und verf\u00fcgt stattdessen \u00fcber beidseitige Griffe, damit sie weniger Platz auf Ihrem Grill oder Ofen einnimmt. Die Dreamfire-Gusseisenpfanne\u00ae ist vorgew\u00fcrzt und gebrauchsfertig. Die gusseiserne Pfanne von Dreamfire ist grifflos und verf\u00fcgt stattdessen \u00fcber Griffe auf beiden Seiten, sodass sie weniger Platz auf Ihrem Grill oder Ofen einnimmt. Die gusseiserne Kochfl\u00e4che speichert die W\u00e4rme, versiegelt Feuchtigkeit und Geschmack. Genie\u00dfen Sie das Kochen aller Arten von Mahlzeiten, von gebratenem Gem\u00fcse, gebratenen Steaks, Schustern und vielem mehr. Eine gut gew\u00fcrzte gusseiserne Pfanne sorgt f\u00fcr ein knuspriges Anbraten von Burgern und Steaks, w\u00e4hrend w\u00fcrzige S\u00e4fte in der Pfanne bleiben, anstatt in die Flammen zu tropfen.<\/p>\n","protected":false},"excerpt":{"rendered":"<p>Die Dreamfire-Gusseisenpfanne\u00ae ist vorgew\u00fcrzt und gebrauchsfertig. Er hat ein Fassungsverm\u00f6gen von 1,5 Litern.<\/p>\n","protected":false},"featured_media":8559,"template":"","meta":[],"product_brand":[],"product_cat":[146],"product_tag":[],"class_list":{"0":"post-13243","1":"product","2":"type-product","3":"status-publish","4":"has-post-thumbnail","6":"product_cat-zubehor","8":"first","9":"outofstock","10":"taxable","11":"shipping-taxable","12":"purchasable","13":"product-type-simple"},"_links":{"self":[{"href":"https:\/\/dreamfiregrill.com\/de\/wp-json\/wp\/v2\/product\/13243","targetHints":{"allow":["GET"]}}],"collection":[{"href":"https:\/\/dreamfiregrill.com\/de\/wp-json\/wp\/v2\/product"}],"about":[{"href":"https:\/\/dreamfiregrill.com\/de\/wp-json\/wp\/v2\/types\/product"}],"wp:featuredmedia":[{"embeddable":true,"href":"https:\/\/dreamfiregrill.com\/de\/wp-json\/wp\/v2\/media\/8559"}],"wp:attachment":[{"href":"https:\/\/dreamfiregrill.com\/de\/wp-json\/wp\/v2\/media?parent=13243"}],"wp:term":[{"taxonomy":"product_brand","embeddable":true,"href":"https:\/\/dreamfiregrill.com\/de\/wp-json\/wp\/v2\/product_brand?post=13243"},{"taxonomy":"product_cat","embeddable":true,"href":"https:\/\/dreamfiregrill.com\/de\/wp-json\/wp\/v2\/product_cat?post=13243"},{"taxonomy":"product_tag","embeddable":true,"href":"https:\/\/dreamfiregrill.com\/de\/wp-json\/wp\/v2\/product_tag?post=13243"}],"curies":[{"name":"wp","href":"https:\/\/api.w.org\/{rel}","templated":true}]}}