{"id":13247,"date":"2020-02-13T13:22:24","date_gmt":"2020-02-13T11:22:24","guid":{"rendered":"https:\/\/dreamfiregrill.com\/product\/dreamfire-hitzebestandiger-handschuh\/"},"modified":"2020-02-13T13:22:24","modified_gmt":"2020-02-13T11:22:24","slug":"dreamfire-hitzebestandiger-handschuh","status":"publish","type":"product","link":"https:\/\/dreamfiregrill.com\/de\/produkt\/dreamfire-hitzebestandiger-handschuh\/","title":{"rendered":"Dreamfire\u00ae hitzebest\u00e4ndiger Handschuh"},"content":{"rendered":"<p>Dreamfire\u00ae hitzebest\u00e4ndige Handschuhe sind ein Muss f\u00fcr alle Grillmeister. Die hitzebest\u00e4ndigen Handschuhe sch\u00fctzen Sie und die Silikontextur macht es einfach, Ihr gesamtes Grillzubeh\u00f6r gut in den Griff zu bekommen.<\/p>\n<p>Dreamfire-Handschuhe\u00ae bieten eine Hitzebest\u00e4ndigkeit von bis zu 650 \u00b0C. Sie verhindern Verbrennungen und sch\u00fctzen Ihre H\u00e4nde beim Umgang mit hei\u00dfem Zubeh\u00f6r.<br \/>\nDie Handschuhe haben ein Futter aus 100% Baumwolle und sind eng gen\u00e4ht und bequem.<br \/>\nWaschbar in der Waschmaschine.<\/p>\n","protected":false},"excerpt":{"rendered":"<p>Dreamfire\u00ae hitzebest\u00e4ndige Handschuhe sind ein Muss f\u00fcr alle Grillmeister. Die hitzebest\u00e4ndigen Handschuhe sch\u00fctzen Sie und die Silikontextur macht es einfach, Ihr gesamtes Grillzubeh\u00f6r gut in den Griff zu bekommen. Dreamfire-Handschuhe\u00ae bieten eine Hitzebest\u00e4ndigkeit von bis zu 650 \u00b0C. Sie verhindern Verbrennungen und sch\u00fctzen Ihre H\u00e4nde beim Umgang mit hei\u00dfem Zubeh\u00f6r. Die Handschuhe haben ein Futter [&hellip;]<\/p>\n","protected":false},"featured_media":8327,"template":"","meta":[],"product_brand":[],"product_cat":[146],"product_tag":[],"class_list":{"0":"post-13247","1":"product","2":"type-product","3":"status-publish","4":"has-post-thumbnail","6":"product_cat-zubehor","7":"product_shipping_class-accessories","9":"first","10":"instock","11":"taxable","12":"shipping-taxable","13":"purchasable","14":"product-type-simple"},"_links":{"self":[{"href":"https:\/\/dreamfiregrill.com\/de\/wp-json\/wp\/v2\/product\/13247","targetHints":{"allow":["GET"]}}],"collection":[{"href":"https:\/\/dreamfiregrill.com\/de\/wp-json\/wp\/v2\/product"}],"about":[{"href":"https:\/\/dreamfiregrill.com\/de\/wp-json\/wp\/v2\/types\/product"}],"wp:featuredmedia":[{"embeddable":true,"href":"https:\/\/dreamfiregrill.com\/de\/wp-json\/wp\/v2\/media\/8327"}],"wp:attachment":[{"href":"https:\/\/dreamfiregrill.com\/de\/wp-json\/wp\/v2\/media?parent=13247"}],"wp:term":[{"taxonomy":"product_brand","embeddable":true,"href":"https:\/\/dreamfiregrill.com\/de\/wp-json\/wp\/v2\/product_brand?post=13247"},{"taxonomy":"product_cat","embeddable":true,"href":"https:\/\/dreamfiregrill.com\/de\/wp-json\/wp\/v2\/product_cat?post=13247"},{"taxonomy":"product_tag","embeddable":true,"href":"https:\/\/dreamfiregrill.com\/de\/wp-json\/wp\/v2\/product_tag?post=13247"}],"curies":[{"name":"wp","href":"https:\/\/api.w.org\/{rel}","templated":true}]}}