{"id":13248,"date":"2019-08-27T13:20:13","date_gmt":"2019-08-27T10:20:13","guid":{"rendered":"https:\/\/dreamfiregrill.com\/product\/dreamfire-meatspotter-100-zusatzliche-sonde\/"},"modified":"2026-03-22T12:12:18","modified_gmt":"2026-03-22T10:12:18","slug":"dreamfire-meatspotter-100-zusatzliche-sonde","status":"publish","type":"product","link":"https:\/\/dreamfiregrill.com\/de\/produkt\/dreamfire-meatspotter-100-zusatzliche-sonde\/","title":{"rendered":"Dreamfire\u00ae Meatspotter 100 zus\u00e4tzliche Sonde"},"content":{"rendered":"","protected":false},"excerpt":{"rendered":"<p>Zus\u00e4tzliche Sonde f\u00fcr Dreamfire\u00ae Meatspotter 100 Bluetooth-Thermometer.<br \/>\nAbmessungen: \u03a62mm x 106mm.<br \/>\nHitzebest\u00e4ndiges Kabel.<\/p>\n","protected":false},"featured_media":3302,"template":"","meta":[],"product_brand":[],"product_cat":[146],"product_tag":[],"class_list":{"0":"post-13248","1":"product","2":"type-product","3":"status-publish","4":"has-post-thumbnail","6":"product_cat-zubehor","7":"product_shipping_class-accessories","9":"first","10":"instock","11":"taxable","12":"shipping-taxable","13":"purchasable","14":"product-type-simple"},"_links":{"self":[{"href":"https:\/\/dreamfiregrill.com\/de\/wp-json\/wp\/v2\/product\/13248","targetHints":{"allow":["GET"]}}],"collection":[{"href":"https:\/\/dreamfiregrill.com\/de\/wp-json\/wp\/v2\/product"}],"about":[{"href":"https:\/\/dreamfiregrill.com\/de\/wp-json\/wp\/v2\/types\/product"}],"wp:featuredmedia":[{"embeddable":true,"href":"https:\/\/dreamfiregrill.com\/de\/wp-json\/wp\/v2\/media\/3302"}],"wp:attachment":[{"href":"https:\/\/dreamfiregrill.com\/de\/wp-json\/wp\/v2\/media?parent=13248"}],"wp:term":[{"taxonomy":"product_brand","embeddable":true,"href":"https:\/\/dreamfiregrill.com\/de\/wp-json\/wp\/v2\/product_brand?post=13248"},{"taxonomy":"product_cat","embeddable":true,"href":"https:\/\/dreamfiregrill.com\/de\/wp-json\/wp\/v2\/product_cat?post=13248"},{"taxonomy":"product_tag","embeddable":true,"href":"https:\/\/dreamfiregrill.com\/de\/wp-json\/wp\/v2\/product_tag?post=13248"}],"curies":[{"name":"wp","href":"https:\/\/api.w.org\/{rel}","templated":true}]}}