{"id":13249,"date":"2019-08-27T13:13:55","date_gmt":"2019-08-27T10:13:55","guid":{"rendered":"https:\/\/dreamfiregrill.com\/product\/dreamfire-meatspotter-100\/"},"modified":"2026-04-22T16:02:33","modified_gmt":"2026-04-22T13:02:33","slug":"dreamfire-meatspotter-100","status":"publish","type":"product","link":"https:\/\/dreamfiregrill.com\/de\/produkt\/dreamfire-meatspotter-100\/","title":{"rendered":"Dreamfire\u00ae Meatspotter 100"},"content":{"rendered":"<p>Lade die Mobile App (Grill 5.0) hier herunter:<\/p>\n<p><a href=\"https:\/\/apps.apple.com\/ee\/app\/grill-5-0-grill-5-0-grill5-0\/id1431304227\" rel=\"nofollow noopener\" target=\"_blank\">https:\/\/apps.apple.com\/ee\/app\/grill-5-0-grill-5-0-grill5-0\/id1431304227<\/a><\/p>\n<p><a href=\"https:\/\/play.google.com\/store\/apps\/details?id=com.irainxun.grilltempsense\" rel=\"nofollow noopener\" target=\"_blank\">https:\/\/play.google.com\/store\/apps\/details?id=com.irainxun.grilltempsense<\/a><\/p>\n<p>Der Dreamfire Meatspotter 100 wird mit zwei hochwertigen Sonden geliefert. Sie k\u00f6nnen bis zu 6 Sonden an das Ger\u00e4t anschlie\u00dfen (separat erh\u00e4ltlich).<\/p>\n<p>Der Dreamfire Meatspotter 100 verf\u00fcgt \u00fcber einen gro\u00dfen, hintergrundbeleuchteten Bildschirm, auf dem Sie die Temperatur aller an das Thermometer angeschlossenen Sonden leicht sehen k\u00f6nnen, w\u00e4hrend Sie sich in der N\u00e4he des Grills befinden. Es verf\u00fcgt auch \u00fcber Sondensignalleuchten, sodass Sie immer wissen, welche Temperatur der Sonde auf dem Bildschirm angezeigt wird.<\/p>\n<p>Technische Details:<br \/>\nGenauigkeit: 0-99\u00b0C \u00b1 1%. 100-199\u00b0C \u00b1 2%. 200-300\u00b0C \u00b1 3%<br \/>\nSofortige Erkennung &#8211; 1-350\u00b0C<br \/>\nKontinuierliche Detektion &#8211; 1-300\u00b0C<br \/>\nTemperatureinstellungen: Rare, Medium Rare, Medium, Medium Well, Well.<br \/>\nAlarme: Alarm bei h\u00f6chster und niedrigster Temperatur, zeitgesteuerter Alarm, Alarm zum Trennen der Bluetooth-Verbindung, Reichweitenalarm, Timer-Alarm.<br \/>\nGewicht: 144gr<br \/>\nAbmessungen: 9 cm x 9,5 cm x 2 cm<br \/>\nBildschirm: LCD \/ Ihr Telefon<br \/>\nKabell\u00e4nge der Sonde: 100 cm<br \/>\nSondenl\u00e4nge: 106mm<br \/>\nSondendurchmesser: 2mm<\/p>\n","protected":false},"excerpt":{"rendered":"<p>Dreamfire Meatspotter 100 ist ein drahtloses Thermometer der neuen \u00c4ra. Dieses hochwertige Produkt ist Ihr bester Freund beim Kochen. Dreamfire Meatspotter 100 ist einfach zu bedienen, reaktionsschnell und erstaunlich genau. Es verbindet sich \u00fcber eine Bluetooth-Verbindung mit Ihrem Telefon und die App schl\u00e4gt Alarm, wenn Ihr Essen die gew\u00fcnschte Temperatur erreicht hat, ohne dass Sie das Thermometer regelm\u00e4\u00dfig \u00fcberpr\u00fcfen m\u00fcssen. Die App verf\u00fcgt \u00fcber voreingestellte Temperaturen f\u00fcr alle wichtigen Fleischsorten und Temperaturbereiche, aus denen Sie w\u00e4hlen k\u00f6nnen, oder Sie k\u00f6nnen Ihre eigene Temperatur oder Ihren eigenen Temperaturbereich voreinstellen.<\/p>\n","protected":false},"featured_media":13250,"template":"","meta":[],"product_brand":[],"product_cat":[146],"product_tag":[],"class_list":{"0":"post-13249","1":"product","2":"type-product","3":"status-publish","4":"has-post-thumbnail","6":"product_cat-zubehor","7":"product_shipping_class-accessories","9":"first","10":"instock","11":"taxable","12":"shipping-taxable","13":"purchasable","14":"product-type-simple"},"_links":{"self":[{"href":"https:\/\/dreamfiregrill.com\/de\/wp-json\/wp\/v2\/product\/13249","targetHints":{"allow":["GET"]}}],"collection":[{"href":"https:\/\/dreamfiregrill.com\/de\/wp-json\/wp\/v2\/product"}],"about":[{"href":"https:\/\/dreamfiregrill.com\/de\/wp-json\/wp\/v2\/types\/product"}],"wp:featuredmedia":[{"embeddable":true,"href":"https:\/\/dreamfiregrill.com\/de\/wp-json\/wp\/v2\/media\/13250"}],"wp:attachment":[{"href":"https:\/\/dreamfiregrill.com\/de\/wp-json\/wp\/v2\/media?parent=13249"}],"wp:term":[{"taxonomy":"product_brand","embeddable":true,"href":"https:\/\/dreamfiregrill.com\/de\/wp-json\/wp\/v2\/product_brand?post=13249"},{"taxonomy":"product_cat","embeddable":true,"href":"https:\/\/dreamfiregrill.com\/de\/wp-json\/wp\/v2\/product_cat?post=13249"},{"taxonomy":"product_tag","embeddable":true,"href":"https:\/\/dreamfiregrill.com\/de\/wp-json\/wp\/v2\/product_tag?post=13249"}],"curies":[{"name":"wp","href":"https:\/\/api.w.org\/{rel}","templated":true}]}}