{"id":13264,"date":"2019-04-17T13:28:40","date_gmt":"2019-04-17T10:28:40","guid":{"rendered":"https:\/\/dreamfiregrill.com\/product\/dreamfire-edelstahl-greifer\/"},"modified":"2019-04-17T13:28:40","modified_gmt":"2019-04-17T10:28:40","slug":"dreamfire-edelstahl-greifer","status":"publish","type":"product","link":"https:\/\/dreamfiregrill.com\/de\/produkt\/dreamfire-edelstahl-greifer\/","title":{"rendered":"Dreamfire\u00ae Edelstahl-Greifer"},"content":{"rendered":"<p>Spezielle Greifer zum Anheben von hei\u00dfen Rosten, Grillplatten und anderem Zubeh\u00f6r auf Ihrem Dreamfire-Grill, ohne sich die H\u00e4nde zu verbrennen oder sperrige Handschuhe zu tragen.<\/p>\n","protected":false},"excerpt":{"rendered":"<p>Spezielle Greifer zum Anheben von hei\u00dfen Rosten, Grillplatten und anderem Zubeh\u00f6r auf Ihrem Dreamfire-Grill, ohne sich die H\u00e4nde zu verbrennen oder sperrige Handschuhe zu tragen.<\/p>\n","protected":false},"featured_media":13265,"template":"","meta":[],"product_brand":[],"product_cat":[146],"product_tag":[],"class_list":{"0":"post-13264","1":"product","2":"type-product","3":"status-publish","4":"has-post-thumbnail","6":"product_cat-zubehor","7":"product_shipping_class-accessories","9":"first","10":"instock","11":"taxable","12":"shipping-taxable","13":"purchasable","14":"product-type-simple"},"_links":{"self":[{"href":"https:\/\/dreamfiregrill.com\/de\/wp-json\/wp\/v2\/product\/13264","targetHints":{"allow":["GET"]}}],"collection":[{"href":"https:\/\/dreamfiregrill.com\/de\/wp-json\/wp\/v2\/product"}],"about":[{"href":"https:\/\/dreamfiregrill.com\/de\/wp-json\/wp\/v2\/types\/product"}],"wp:featuredmedia":[{"embeddable":true,"href":"https:\/\/dreamfiregrill.com\/de\/wp-json\/wp\/v2\/media\/13265"}],"wp:attachment":[{"href":"https:\/\/dreamfiregrill.com\/de\/wp-json\/wp\/v2\/media?parent=13264"}],"wp:term":[{"taxonomy":"product_brand","embeddable":true,"href":"https:\/\/dreamfiregrill.com\/de\/wp-json\/wp\/v2\/product_brand?post=13264"},{"taxonomy":"product_cat","embeddable":true,"href":"https:\/\/dreamfiregrill.com\/de\/wp-json\/wp\/v2\/product_cat?post=13264"},{"taxonomy":"product_tag","embeddable":true,"href":"https:\/\/dreamfiregrill.com\/de\/wp-json\/wp\/v2\/product_tag?post=13264"}],"curies":[{"name":"wp","href":"https:\/\/api.w.org\/{rel}","templated":true}]}}