{"id":13272,"date":"2019-04-13T15:27:51","date_gmt":"2019-04-13T12:27:51","guid":{"rendered":"https:\/\/dreamfiregrill.com\/product\/dreamfire-rippchenhalter\/"},"modified":"2019-04-13T15:27:51","modified_gmt":"2019-04-13T12:27:51","slug":"dreamfire-rippchenhalter","status":"publish","type":"product","link":"https:\/\/dreamfiregrill.com\/de\/produkt\/dreamfire-rippchenhalter\/","title":{"rendered":"Dreamfire Rippchenhalter"},"content":{"rendered":"<p>Dreamfire Rippchenhalter-\u00a0 ist das ultimative Werkzeug f\u00fcr jeden BBQ-Enthusiasten. Mit seinem einzigartigen aufrechten Design k\u00f6nnen Sie mit diesem Rost eine gr\u00f6\u00dfere Anzahl von Rippchen auf einmal zubereiten und so Zeit und M\u00fche sparen. Die Rippchen k\u00f6nnen nebeneinander auf den Rost gelegt werden, was ein gleichm\u00e4\u00dfiges Garen gew\u00e4hrleistet und das Wenden reduziert. Die aufrechte Position erm\u00f6glicht auch eine bessere W\u00e4rmeverteilung, was jedes Mal zu perfekt gegarten Rippchen f\u00fchrt. Dieses Rippengestell aus strapazierf\u00e4higem Edelstahl ist langlebig und h\u00e4lt hoher Hitze stand. Egal, ob Sie f\u00fcr eine Menschenmenge oder nur f\u00fcr eine kleine Gruppe kochen, der Dreamfire Rippchenhalter ist die perfekte Erg\u00e4nzung zu Ihrem Grillarsenal.<\/p>\n","protected":false},"excerpt":{"rendered":"<p>Dreamfire Rippchenhalter-\u00a0 ist das ultimative Werkzeug f\u00fcr jeden BBQ-Enthusiasten. Mit seinem einzigartigen aufrechten Design k\u00f6nnen Sie mit diesem Rost eine gr\u00f6\u00dfere Anzahl von Rippchen auf einmal zubereiten und so Zeit und M\u00fche sparen. Die Rippchen k\u00f6nnen nebeneinander auf den Rost gelegt werden, was ein gleichm\u00e4\u00dfiges Garen gew\u00e4hrleistet und das Wenden reduziert. Die aufrechte Position erm\u00f6glicht auch eine bessere W\u00e4rmeverteilung, was jedes Mal zu perfekt gegarten Rippchen f\u00fchrt. Dieses Rippengestell aus strapazierf\u00e4higem Edelstahl ist langlebig und h\u00e4lt hoher Hitze stand. Egal, ob Sie f\u00fcr eine Menschenmenge oder nur f\u00fcr eine kleine Gruppe kochen, der Dreamfire Rippchenhalter ist die perfekte Erg\u00e4nzung zu Ihrem Grillarsenal.<\/p>\n","protected":false},"featured_media":11800,"template":"","meta":[],"product_brand":[],"product_cat":[146],"product_tag":[],"class_list":{"0":"post-13272","1":"product","2":"type-product","3":"status-publish","4":"has-post-thumbnail","6":"product_cat-zubehor","7":"product_shipping_class-accessories","9":"first","10":"instock","11":"taxable","12":"shipping-taxable","13":"purchasable","14":"product-type-simple"},"_links":{"self":[{"href":"https:\/\/dreamfiregrill.com\/de\/wp-json\/wp\/v2\/product\/13272","targetHints":{"allow":["GET"]}}],"collection":[{"href":"https:\/\/dreamfiregrill.com\/de\/wp-json\/wp\/v2\/product"}],"about":[{"href":"https:\/\/dreamfiregrill.com\/de\/wp-json\/wp\/v2\/types\/product"}],"wp:featuredmedia":[{"embeddable":true,"href":"https:\/\/dreamfiregrill.com\/de\/wp-json\/wp\/v2\/media\/11800"}],"wp:attachment":[{"href":"https:\/\/dreamfiregrill.com\/de\/wp-json\/wp\/v2\/media?parent=13272"}],"wp:term":[{"taxonomy":"product_brand","embeddable":true,"href":"https:\/\/dreamfiregrill.com\/de\/wp-json\/wp\/v2\/product_brand?post=13272"},{"taxonomy":"product_cat","embeddable":true,"href":"https:\/\/dreamfiregrill.com\/de\/wp-json\/wp\/v2\/product_cat?post=13272"},{"taxonomy":"product_tag","embeddable":true,"href":"https:\/\/dreamfiregrill.com\/de\/wp-json\/wp\/v2\/product_tag?post=13272"}],"curies":[{"name":"wp","href":"https:\/\/api.w.org\/{rel}","templated":true}]}}