{"id":13273,"date":"2019-04-13T15:10:31","date_gmt":"2019-04-13T12:10:31","guid":{"rendered":"https:\/\/dreamfiregrill.com\/product\/dreamfire-halbmond-warmeabweiser\/"},"modified":"2019-04-13T15:10:31","modified_gmt":"2019-04-13T12:10:31","slug":"dreamfire-halbmond-warmeabweiser","status":"publish","type":"product","link":"https:\/\/dreamfiregrill.com\/de\/produkt\/dreamfire-halbmond-warmeabweiser\/","title":{"rendered":"Dreamfire Halbmond-W\u00e4rmeabweiser"},"content":{"rendered":"<p>Der halbmondf\u00f6rmige Dreamfire-Hitzeabweiser ist f\u00fcr die Verwendung mit dem Dreamfire Cooking System Lux Pro vorgesehen. Halbmond-Hitzeabweiser helfen Ihnen, perfekte Ergebnisse beim indirekten Kochen, Backen, R\u00e4uchern und Braten in Ihrem Dreamfire-Kamado zu erzielen, indem sie die Hitze von Ihren Speisen ablenken oder verschiedene Zonen in Ihrem Dreamfire-Kamado schaffen.<\/p>\n","protected":false},"excerpt":{"rendered":"<p>Der halbmondf\u00f6rmige Dreamfire-Hitzeabweiser ist f\u00fcr die Verwendung mit dem Dreamfire Cooking System Lux Pro vorgesehen. Halbmond-Hitzeabweiser helfen Ihnen, perfekte Ergebnisse beim indirekten Kochen, Backen, R\u00e4uchern und Braten in Ihrem Dreamfire-Kamado zu erzielen, indem sie die Hitze von Ihren Speisen ablenken oder verschiedene Zonen in Ihrem Dreamfire-Kamado schaffen.<\/p>\n","protected":false},"featured_media":13276,"template":"","meta":[],"product_brand":[],"product_cat":[146],"product_tag":[],"class_list":{"0":"post-13273","1":"product","2":"type-product","3":"status-publish","4":"has-post-thumbnail","6":"product_cat-zubehor","7":"product_shipping_class-accessories","9":"first","10":"instock","11":"taxable","12":"shipping-taxable","13":"purchasable","14":"product-type-simple"},"_links":{"self":[{"href":"https:\/\/dreamfiregrill.com\/de\/wp-json\/wp\/v2\/product\/13273","targetHints":{"allow":["GET"]}}],"collection":[{"href":"https:\/\/dreamfiregrill.com\/de\/wp-json\/wp\/v2\/product"}],"about":[{"href":"https:\/\/dreamfiregrill.com\/de\/wp-json\/wp\/v2\/types\/product"}],"wp:featuredmedia":[{"embeddable":true,"href":"https:\/\/dreamfiregrill.com\/de\/wp-json\/wp\/v2\/media\/13276"}],"wp:attachment":[{"href":"https:\/\/dreamfiregrill.com\/de\/wp-json\/wp\/v2\/media?parent=13273"}],"wp:term":[{"taxonomy":"product_brand","embeddable":true,"href":"https:\/\/dreamfiregrill.com\/de\/wp-json\/wp\/v2\/product_brand?post=13273"},{"taxonomy":"product_cat","embeddable":true,"href":"https:\/\/dreamfiregrill.com\/de\/wp-json\/wp\/v2\/product_cat?post=13273"},{"taxonomy":"product_tag","embeddable":true,"href":"https:\/\/dreamfiregrill.com\/de\/wp-json\/wp\/v2\/product_tag?post=13273"}],"curies":[{"name":"wp","href":"https:\/\/api.w.org\/{rel}","templated":true}]}}