{"id":13282,"date":"2019-04-13T14:24:32","date_gmt":"2019-04-13T11:24:32","guid":{"rendered":"https:\/\/dreamfiregrill.com\/product\/dreamfire-grillerweiterung\/"},"modified":"2026-04-11T18:49:14","modified_gmt":"2026-04-11T15:49:14","slug":"dreamfire-grillerweiterung","status":"publish","type":"product","link":"https:\/\/dreamfiregrill.com\/de\/produkt\/dreamfire-grillerweiterung\/","title":{"rendered":"Dreamfire Grillerweiterung"},"content":{"rendered":"<p>Dreamfire Grillerweiterung, der perfekte Begleiter, um Ihr Grillpotenzial zu maximieren. Dieses innovative Zubeh\u00f6r wurde speziell entwickelt, um nahtlos auf den Rost Ihres Grills zu passen, und erm\u00f6glicht es Ihnen, das Beste aus Ihrem Garraum herauszuholen.<\/p>\n<p>Erweitern Sie Ihren Kochbereich um bis zu 60 % mit dem Dreamfire Grillerweiterung. Mit dieser zus\u00e4tzlichen Ebene k\u00f6nnen Sie m\u00fchelos mehr Speisen auf einmal zubereiten, was sie ideal f\u00fcr die Bewirtung von G\u00e4sten oder die Zubereitung gr\u00f6\u00dferer Mahlzeiten macht. Egal, ob Sie eine Auswahl an Fleisch, Gem\u00fcse oder anderen k\u00f6stlichen Gerichten grillen, dieser erweiterung sorgt daf\u00fcr, dass Sie gen\u00fcgend Platz haben, um kulinarische Meisterwerke zu kreieren.<br \/>\nAber das ist noch nicht alles \u2013 der Dreamfire Grillerweiterung bietet Ihnen auch die M\u00f6glichkeit, Ihr Essen nach der Zubereitung warm zu halten. Verschieben Sie Ihre fertigen Kreationen einfach auf die obere Ebene, damit Sie ihre Temperatur halten k\u00f6nnen, w\u00e4hrend Sie weiter grillen. Diese Funktion verleiht Ihrem Grillerlebnis ein neues Ma\u00df an Komfort und Flexibilit\u00e4t.<\/p>\n<p>Der Dreamfire Grillerweiterung ist aus hochwertigem Edelstahl gefertigt und auf Langlebigkeit ausgelegt. Seine strapazierf\u00e4hige Konstruktion sorgt daf\u00fcr, dass er der Hitze und den Anforderungen regelm\u00e4\u00dfiger Grillsitzungen standh\u00e4lt und Ihnen eine zuverl\u00e4ssige und langlebige Erg\u00e4nzung Ihres Grillzubeh\u00f6rs bietet. Au\u00dferdem ist es sp\u00fclmaschinenfest, was die Reinigung zum Kinderspiel macht.<\/p>\n<p>Verbessern Sie Ihr Grillspiel mit dem Dreamfire Grillerweiterung und entfesseln Sie das volle Potenzial Ihres Grills. Entdecken Sie neue M\u00f6glichkeiten, erweitern Sie Ihre Kochkapazit\u00e4t und genie\u00dfen Sie den Komfort, Ihre Speisen warm zu halten \u2013 alles mit diesem unverzichtbaren Zubeh\u00f6r.<\/p>\n<p>Hinweis: Grill und anderes Zubeh\u00f6r, das auf den Bildern gezeigt wird, dienen nur zur Veranschaulichung und sind nicht im Lieferumfang des Dreamfire Grillerweiterung enthalten.<\/p>\n<p>Leistungsbeschreibung:<\/p>\n<p>Entwickelt, um perfekt auf die meisten Standardroste zu passen<br \/>\nErweitert die Kochfl\u00e4che Ihres Grills um bis zu 60 %<br \/>\nBietet eine praktische obere Ebene zum Warmhalten von Speisen<br \/>\nHergestellt aus hochwertigem Edelstahl f\u00fcr Haltbarkeit und Langlebigkeit<br \/>\nSp\u00fclmaschinengeeignet f\u00fcr einfache Reinigung<\/p>\n<p>&nbsp;<\/p>\n","protected":false},"excerpt":{"rendered":"<p>Dreamfire Grillerweiterung, der perfekte Begleiter, um Ihr Grillpotenzial zu maximieren. Dieses innovative Zubeh\u00f6r wurde speziell entwickelt, um nahtlos auf den Rost Ihres Grills zu passen, und erm\u00f6glicht es Ihnen, das Beste aus Ihrem Garraum herauszuholen.<\/p>\n<p>Erweitern Sie Ihren Kochbereich um bis zu 60 % mit dem Dreamfire Grillerweiterung. Mit dieser zus\u00e4tzlichen Ebene k\u00f6nnen Sie m\u00fchelos mehr Speisen auf einmal zubereiten, was sie ideal f\u00fcr die Bewirtung von G\u00e4sten oder die Zubereitung gr\u00f6\u00dferer Mahlzeiten macht. Egal, ob Sie eine Auswahl an Fleisch, Gem\u00fcse oder anderen k\u00f6stlichen Gerichten grillen, dieser erweiterung sorgt daf\u00fcr, dass Sie gen\u00fcgend Platz haben, um kulinarische Meisterwerke zu kreieren.<\/p>\n","protected":false},"featured_media":12078,"template":"","meta":[],"product_brand":[],"product_cat":[146],"product_tag":[],"class_list":{"0":"post-13282","1":"product","2":"type-product","3":"status-publish","4":"has-post-thumbnail","6":"product_cat-zubehor","7":"product_shipping_class-accessories","9":"first","10":"instock","11":"taxable","12":"shipping-taxable","13":"purchasable","14":"product-type-simple"},"_links":{"self":[{"href":"https:\/\/dreamfiregrill.com\/de\/wp-json\/wp\/v2\/product\/13282","targetHints":{"allow":["GET"]}}],"collection":[{"href":"https:\/\/dreamfiregrill.com\/de\/wp-json\/wp\/v2\/product"}],"about":[{"href":"https:\/\/dreamfiregrill.com\/de\/wp-json\/wp\/v2\/types\/product"}],"wp:featuredmedia":[{"embeddable":true,"href":"https:\/\/dreamfiregrill.com\/de\/wp-json\/wp\/v2\/media\/12078"}],"wp:attachment":[{"href":"https:\/\/dreamfiregrill.com\/de\/wp-json\/wp\/v2\/media?parent=13282"}],"wp:term":[{"taxonomy":"product_brand","embeddable":true,"href":"https:\/\/dreamfiregrill.com\/de\/wp-json\/wp\/v2\/product_brand?post=13282"},{"taxonomy":"product_cat","embeddable":true,"href":"https:\/\/dreamfiregrill.com\/de\/wp-json\/wp\/v2\/product_cat?post=13282"},{"taxonomy":"product_tag","embeddable":true,"href":"https:\/\/dreamfiregrill.com\/de\/wp-json\/wp\/v2\/product_tag?post=13282"}],"curies":[{"name":"wp","href":"https:\/\/api.w.org\/{rel}","templated":true}]}}