{"id":13783,"date":"2024-01-22T14:37:54","date_gmt":"2024-01-22T12:37:55","guid":{"rendered":"https:\/\/dreamfiregrill.com\/?post_type=product&#038;p=13783"},"modified":"2024-01-22T14:46:31","modified_gmt":"2024-01-22T12:46:31","slug":"dreamfire-bbq-pinzetten","status":"publish","type":"product","link":"https:\/\/dreamfiregrill.com\/de\/produkt\/dreamfire-bbq-pinzetten\/","title":{"rendered":"Dreamfire BBQ Pinzetten"},"content":{"rendered":"<p data-sourcepos=\"3:1-3:144\">Die Dreamfire BBQ Pinzetten sind aus rostfreiem Edelstahl gefertigt. Sie sind 40 cm lang, wodurch sie leicht zu handhaben und zu verwenden sind.<\/p>\n<p data-sourcepos=\"5:1-5:176\">Pinzetten sind ein vielseitiges Werkzeug, das haupts\u00e4chlich zum Aufheben von zarten Lebensmitteln wie Steaks, Fisch, Gem\u00fcse, Fondue, W\u00fcrstchen oder Grillfleisch verwendet wird.<\/p>\n","protected":false},"excerpt":{"rendered":"<p data-sourcepos=\"3:1-3:144\">Die Dreamfire BBQ Pinzetten sind aus rostfreiem Edelstahl gefertigt. Sie sind 40 cm lang, wodurch sie leicht zu handhaben und zu verwenden sind.<\/p>\n<p data-sourcepos=\"5:1-5:176\">Pinzetten sind ein vielseitiges Werkzeug, das haupts\u00e4chlich zum Aufheben von zarten Lebensmitteln wie Steaks, Fisch, Gem\u00fcse, Fondue, W\u00fcrstchen oder Grillfleisch verwendet wird.<\/p>\n","protected":false},"featured_media":13789,"template":"","meta":[],"product_brand":[],"product_cat":[146],"product_tag":[],"class_list":{"0":"post-13783","1":"product","2":"type-product","3":"status-publish","4":"has-post-thumbnail","6":"product_cat-zubehor","8":"first","9":"instock","10":"taxable","11":"shipping-taxable","12":"purchasable","13":"product-type-simple"},"_links":{"self":[{"href":"https:\/\/dreamfiregrill.com\/de\/wp-json\/wp\/v2\/product\/13783","targetHints":{"allow":["GET"]}}],"collection":[{"href":"https:\/\/dreamfiregrill.com\/de\/wp-json\/wp\/v2\/product"}],"about":[{"href":"https:\/\/dreamfiregrill.com\/de\/wp-json\/wp\/v2\/types\/product"}],"wp:featuredmedia":[{"embeddable":true,"href":"https:\/\/dreamfiregrill.com\/de\/wp-json\/wp\/v2\/media\/13789"}],"wp:attachment":[{"href":"https:\/\/dreamfiregrill.com\/de\/wp-json\/wp\/v2\/media?parent=13783"}],"wp:term":[{"taxonomy":"product_brand","embeddable":true,"href":"https:\/\/dreamfiregrill.com\/de\/wp-json\/wp\/v2\/product_brand?post=13783"},{"taxonomy":"product_cat","embeddable":true,"href":"https:\/\/dreamfiregrill.com\/de\/wp-json\/wp\/v2\/product_cat?post=13783"},{"taxonomy":"product_tag","embeddable":true,"href":"https:\/\/dreamfiregrill.com\/de\/wp-json\/wp\/v2\/product_tag?post=13783"}],"curies":[{"name":"wp","href":"https:\/\/api.w.org\/{rel}","templated":true}]}}