{"id":13904,"date":"2024-02-20T14:57:54","date_gmt":"2024-02-20T12:57:54","guid":{"rendered":"https:\/\/dreamfiregrill.com\/?post_type=product&#038;p=13904"},"modified":"2024-02-20T15:06:16","modified_gmt":"2024-02-20T13:06:16","slug":"dreamfire-grate-rack-classic-copy","status":"publish","type":"product","link":"https:\/\/dreamfiregrill.com\/de\/produkt\/dreamfire-grate-rack-classic-copy\/","title":{"rendered":"Dreamfire Gusseisen-Burgerpresse"},"content":{"rendered":"<p>Gusseisen-Burgerpresse von Dreamfire. Mit Holzgriff.<\/p>\n<p>Die gusseiserne Burgerpresse von Dreamfire eignet sich perfekt f\u00fcr die Zubereitung von Smash-Burgern.<\/p>\n<p>Wenn Sie einen Smashburger zubereiten, verk\u00fcrzt das Pressen des Pattys die Garzeit und erm\u00f6glicht Ihnen die Zubereitung eines Burger-Pattys mit gleichm\u00e4\u00dfiger Dicke.<\/p>\n<p>&nbsp;<\/p>\n<p>Abmessungen: 30,5 cm x 10,5 cm.<br \/>\nGewicht: 1 kg<\/p>\n","protected":false},"excerpt":{"rendered":"<p>Gusseisen-Burgerpresse von Dreamfire. Mit Holzgriff.<\/p>\n<p>Die gusseiserne Burgerpresse von Dreamfire eignet sich perfekt f\u00fcr die Zubereitung von Smash-Burgern.<\/p>\n<p>Wenn Sie einen Smashburger zubereiten, verk\u00fcrzt das Pressen des Pattys die Garzeit und erm\u00f6glicht Ihnen die Zubereitung eines Burger-Pattys mit gleichm\u00e4\u00dfiger Dicke.<\/p>\n<p>&nbsp;<\/p>\n<p>Abmessungen: 30,5 cm x 10,5 cm.<br \/>\nGewicht: 1 kg<\/p>\n","protected":false},"featured_media":13909,"template":"","meta":[],"product_brand":[],"product_cat":[146],"product_tag":[],"class_list":{"0":"post-13904","1":"product","2":"type-product","3":"status-publish","4":"has-post-thumbnail","6":"product_cat-zubehor","8":"first","9":"instock","10":"taxable","11":"shipping-taxable","12":"purchasable","13":"product-type-simple"},"_links":{"self":[{"href":"https:\/\/dreamfiregrill.com\/de\/wp-json\/wp\/v2\/product\/13904","targetHints":{"allow":["GET"]}}],"collection":[{"href":"https:\/\/dreamfiregrill.com\/de\/wp-json\/wp\/v2\/product"}],"about":[{"href":"https:\/\/dreamfiregrill.com\/de\/wp-json\/wp\/v2\/types\/product"}],"wp:featuredmedia":[{"embeddable":true,"href":"https:\/\/dreamfiregrill.com\/de\/wp-json\/wp\/v2\/media\/13909"}],"wp:attachment":[{"href":"https:\/\/dreamfiregrill.com\/de\/wp-json\/wp\/v2\/media?parent=13904"}],"wp:term":[{"taxonomy":"product_brand","embeddable":true,"href":"https:\/\/dreamfiregrill.com\/de\/wp-json\/wp\/v2\/product_brand?post=13904"},{"taxonomy":"product_cat","embeddable":true,"href":"https:\/\/dreamfiregrill.com\/de\/wp-json\/wp\/v2\/product_cat?post=13904"},{"taxonomy":"product_tag","embeddable":true,"href":"https:\/\/dreamfiregrill.com\/de\/wp-json\/wp\/v2\/product_tag?post=13904"}],"curies":[{"name":"wp","href":"https:\/\/api.w.org\/{rel}","templated":true}]}}