{"id":13925,"date":"2024-02-20T15:15:35","date_gmt":"2024-02-20T13:15:35","guid":{"rendered":"https:\/\/dreamfiregrill.com\/product\/dreamfire-runde-grillkorb\/"},"modified":"2024-02-20T15:15:35","modified_gmt":"2024-02-20T13:15:35","slug":"dreamfire-runde-grillkorb","status":"publish","type":"product","link":"https:\/\/dreamfiregrill.com\/de\/produkt\/dreamfire-runde-grillkorb\/","title":{"rendered":"Dreamfire runde Grillkorb"},"content":{"rendered":"<p>Der runde Grillkorb von Dreamfire ist perfekt f\u00fcr Gem\u00fcse, Fl\u00fcgel, Meeresfr\u00fcchte und andere kleinere Lebensmittel.<\/p>\n<p>Die robuste Edelstahlkonstruktion h\u00e4lt hoher Hitze stand.<\/p>\n<p>Durch die Zylinderform ist das Drehen der Lebensmittel ein Kinderspiel.<\/p>\n","protected":false},"excerpt":{"rendered":"<p>Der runde Grillkorb von Dreamfire ist perfekt f\u00fcr Gem\u00fcse, Fl\u00fcgel, Meeresfr\u00fcchte und andere kleinere Lebensmittel.<\/p>\n<p>Die robuste Edelstahlkonstruktion h\u00e4lt hoher Hitze stand.<\/p>\n<p>Durch die Zylinderform ist das Drehen der Lebensmittel ein Kinderspiel.<\/p>\n","protected":false},"featured_media":13918,"template":"","meta":[],"product_brand":[],"product_cat":[146],"product_tag":[],"class_list":{"0":"post-13925","1":"product","2":"type-product","3":"status-publish","4":"has-post-thumbnail","6":"product_cat-zubehor","7":"product_shipping_class-accessories","9":"first","10":"instock","11":"taxable","12":"shipping-taxable","13":"purchasable","14":"product-type-simple"},"_links":{"self":[{"href":"https:\/\/dreamfiregrill.com\/de\/wp-json\/wp\/v2\/product\/13925","targetHints":{"allow":["GET"]}}],"collection":[{"href":"https:\/\/dreamfiregrill.com\/de\/wp-json\/wp\/v2\/product"}],"about":[{"href":"https:\/\/dreamfiregrill.com\/de\/wp-json\/wp\/v2\/types\/product"}],"wp:featuredmedia":[{"embeddable":true,"href":"https:\/\/dreamfiregrill.com\/de\/wp-json\/wp\/v2\/media\/13918"}],"wp:attachment":[{"href":"https:\/\/dreamfiregrill.com\/de\/wp-json\/wp\/v2\/media?parent=13925"}],"wp:term":[{"taxonomy":"product_brand","embeddable":true,"href":"https:\/\/dreamfiregrill.com\/de\/wp-json\/wp\/v2\/product_brand?post=13925"},{"taxonomy":"product_cat","embeddable":true,"href":"https:\/\/dreamfiregrill.com\/de\/wp-json\/wp\/v2\/product_cat?post=13925"},{"taxonomy":"product_tag","embeddable":true,"href":"https:\/\/dreamfiregrill.com\/de\/wp-json\/wp\/v2\/product_tag?post=13925"}],"curies":[{"name":"wp","href":"https:\/\/api.w.org\/{rel}","templated":true}]}}