{"id":13980,"date":"2024-02-20T16:00:32","date_gmt":"2024-02-20T14:00:32","guid":{"rendered":"https:\/\/dreamfiregrill.com\/product\/dreamfire-bbq-pipettenset\/"},"modified":"2024-02-20T16:00:32","modified_gmt":"2024-02-20T14:00:32","slug":"dreamfire-bbq-pipettenset","status":"publish","type":"product","link":"https:\/\/dreamfiregrill.com\/de\/produkt\/dreamfire-bbq-pipettenset\/","title":{"rendered":"Dreamfire BBQ-Pipettenset"},"content":{"rendered":"<p>Dreamfire BBQ-Pipettenset \u2013 mit dieser m\u00e4nnlichen Pipette k\u00f6nnen Sie Ihr Fleisch ganz einfach in Marinaden oder Fleischs\u00e4fte eintauchen oder injizieren. Im Set enthalten sind zwei Edelstahlnadeln und eine Reinigungsb\u00fcrste.<\/p>\n","protected":false},"excerpt":{"rendered":"<p>Dreamfire BBQ-Pipettenset \u2013 mit dieser m\u00e4nnlichen Pipette k\u00f6nnen Sie Ihr Fleisch ganz einfach in Marinaden oder Fleischs\u00e4fte eintauchen oder injizieren. Im Set enthalten sind zwei Edelstahlnadeln und eine Reinigungsb\u00fcrste.<\/p>\n","protected":false},"featured_media":13957,"template":"","meta":[],"product_brand":[],"product_cat":[146],"product_tag":[],"class_list":{"0":"post-13980","1":"product","2":"type-product","3":"status-publish","4":"has-post-thumbnail","6":"product_cat-zubehor","8":"first","9":"instock","10":"taxable","11":"shipping-taxable","12":"purchasable","13":"product-type-simple"},"_links":{"self":[{"href":"https:\/\/dreamfiregrill.com\/de\/wp-json\/wp\/v2\/product\/13980","targetHints":{"allow":["GET"]}}],"collection":[{"href":"https:\/\/dreamfiregrill.com\/de\/wp-json\/wp\/v2\/product"}],"about":[{"href":"https:\/\/dreamfiregrill.com\/de\/wp-json\/wp\/v2\/types\/product"}],"wp:featuredmedia":[{"embeddable":true,"href":"https:\/\/dreamfiregrill.com\/de\/wp-json\/wp\/v2\/media\/13957"}],"wp:attachment":[{"href":"https:\/\/dreamfiregrill.com\/de\/wp-json\/wp\/v2\/media?parent=13980"}],"wp:term":[{"taxonomy":"product_brand","embeddable":true,"href":"https:\/\/dreamfiregrill.com\/de\/wp-json\/wp\/v2\/product_brand?post=13980"},{"taxonomy":"product_cat","embeddable":true,"href":"https:\/\/dreamfiregrill.com\/de\/wp-json\/wp\/v2\/product_cat?post=13980"},{"taxonomy":"product_tag","embeddable":true,"href":"https:\/\/dreamfiregrill.com\/de\/wp-json\/wp\/v2\/product_tag?post=13980"}],"curies":[{"name":"wp","href":"https:\/\/api.w.org\/{rel}","templated":true}]}}