{"id":10599,"date":"2022-06-07T15:39:12","date_gmt":"2022-06-07T12:39:12","guid":{"rendered":"https:\/\/dreamfiregrill.com\/muugitingimused\/"},"modified":"2025-05-29T13:00:28","modified_gmt":"2025-05-29T10:00:28","slug":"muugitingimused","status":"publish","type":"page","link":"https:\/\/dreamfiregrill.com\/et\/muugitingimused\/","title":{"rendered":"M\u00fc\u00fcgitingimused"},"content":{"rendered":"\t\t<div data-elementor-type=\"wp-page\" data-elementor-id=\"10599\" class=\"elementor elementor-10599 elementor-1118\" data-elementor-post-type=\"page\">\n\t\t\t\t\t\t<section class=\"elementor-section elementor-top-section elementor-element elementor-element-d5508b2 elementor-section-boxed elementor-section-height-default elementor-section-height-default\" data-id=\"d5508b2\" data-element_type=\"section\" data-e-type=\"section\">\n\t\t\t\t\t\t<div class=\"elementor-container elementor-column-gap-default\">\n\t\t\t\t\t<div class=\"elementor-column elementor-col-100 elementor-top-column elementor-element elementor-element-5ce46348\" data-id=\"5ce46348\" data-element_type=\"column\" data-e-type=\"column\">\n\t\t\t<div class=\"elementor-widget-wrap elementor-element-populated\">\n\t\t\t\t\t\t<div class=\"elementor-element elementor-element-f8341f2 elementor-widget elementor-widget-text-editor\" data-id=\"f8341f2\" data-element_type=\"widget\" data-e-type=\"widget\" data-widget_type=\"text-editor.default\">\n\t\t\t\t<div class=\"elementor-widget-container\">\n\t\t\t\t\t\t\t\t\t<h1>M\u00fc\u00fcgitingimused<\/h1><p>Veebipoe DREAMFIREGRILL.COM (edaspidi nimetatud veebipood) omanik on ArrasO\u00dc (registrikood 10553332), asukohaga Valli tee 17, Vaela k\u00fcla, 75413 Kiili vald, Harju maakond, Eesti.<\/p><p><strong>M\u00fc\u00fcgileping, tooted ja hinnad.<\/strong><\/p><p>M\u00fc\u00fcgitingimused kehtivad veebipoes kaupade ostmisel.<\/p><p>Veebipoes m\u00fc\u00fcdavate toodete hinnad on kuvatud toodete k\u00f5rval, saatmiskulu lisandub ostukorvis.<\/p><p>Saatmiskulu hind s\u00f5ltub tareaadressist ja tarneviisist. Ostukorvis kuvatakse v\u00f5imalikud tarneviisid ning hinnad, mille alusel saate valid sobiva.<\/p><p>Tooteinfo on leitav veebipoes toodete k\u00f5rval.<\/p><p><strong>Kuidas osta<\/strong><\/p><ol><li>Lisa soovitud toode\/tooted ostukorvi.<\/li><li>Kui olete toodete valimise l\u00f5petanud, liikuge ostukorvi. Ostukorvis kuvatakse k\u00f5ik valitud tooted. Ostukorvis saab muuta kaupade kogust v\u00f5i neid eemaldada. Saate muuta kaupade kogust. \u201eOstukorvide summad\u201c kuvab j\u00e4rgmist:<ol><li>\u201cVahesumma\u201d, mis on k\u00f5igi ostukorvi lisatud toodete summa koos maksudega.<\/li><li>\u201cTarne\u201d, kus saate valida sobiva saadaoleva tarneviisi.<br \/>(Lisaifomatsiooni selle kohta leiate paragrahvist \u201eSaadetised\u201c)<\/li><li>\u201cKokku\u201d, seal n\u00e4ete tellimuse kogusummat koos maksude ja saatmiskuludega.<\/li><\/ol><\/li><li>Vajutage nuppu \u201eMine maksma\u201c.<\/li><li>Teilt k\u00fcsitakse arveldusinfot ja tarneaadressi, palun t\u00e4itke vajalikud lahtrid.<\/li><li>Vaadake oma tellimus uuesti \u00fcle. Kui olete valinud saatmisviisiks pakiautomaadi, tuleb valida sobiv pakiautomaat, kus soovite tellimuse k\u00e4tte saada.<\/li><li>J\u00e4rgmisena valige sobiv makseviis. Panga\u00fclekanne, pangalink v\u00f5i ESTO AS j\u00e4relmaks.<\/li><li>Veenduge, et olete lugenud l\u00e4bi privaatsuspoliitika ja m\u00fc\u00fcgitingimused, mis kuvatakse tasumisel.<\/li><li>Kui tellimus on korrektsel vormistatud ja n\u00f5ustute m\u00fc\u00fcgilepinguga vajutage \u201eEsita tellimus\u201c. Kui tellimuses on vigu, kuvatakse need lehe \u00fclaosas ja juhised nende parandamiseks.<\/li><\/ol><p>Leping j\u00f5ustub tasumisele kuuluva summa laekumise hetkel veebipoe pangakontole. Juhised, kuidas tasuda leiate j\u00e4rgmises l\u00f5igus &#8220;Kuidas maksta&#8221;.<\/p><p>Kui meil ei ole v\u00f5imalik tellitud kaupa tarnida laoseisu puudumise t\u00f5ttu v\u00f5i m\u00f5nel muul p\u00f5hjusel, teavitatakse sellest ostjat esimesel v\u00f5imalusel ning tagastatakse raha (koos saatmiskuluga) viivitamatult, kuid mitte hiljem kui 14 p\u00e4eva jooksul kauba ostmisest hetkest.<\/p><p><strong>Kuidas tasuda <\/strong><\/p><p>Peale tellimuse esitamist. Saate j\u00e4tkate tellimuse eest tasumisega:<\/p><ol><li>Kui valisite makseviisiks \u201ePanga\u00fclekanne\u201c palun tehke makse meie pangarekvisiidile, mis kuvatakse Teile peale tellimuse vormistamist e-mailile saadetud tellimuse kinnituse lehel. Panga\u00fclekandega maksed kinnitatakse esimesel v\u00f5imalusel kuid mitte hiljem kui 2 t\u00f6\u00f6p\u00e4eva peale tellimuse vormistamist.<\/li><li>Kui valisite makseviisiks \u201ePangalink\u201c suunatakse Teid valitud panga kodulehele, kus suunatakse Teid makseni. Peale makse sooritamist palume valida \u201eTagasi kaupmehe juurde\u201c, see garanteerib, et Teie makse kinnitub ja j\u00f5uab meie s\u00fcsteemidesse ning saame tellimuse esimesel v\u00f5imalusel t\u00f6\u00f6tlusesse v\u00f5tta.<\/li><\/ol><p>K\u00f5ik maksed aksepteeritake eurodes (EUR)<\/p><p><strong>Saadetised<\/strong><\/p><p>Kaupu tarnitakse j\u00e4rgnevatsesse riikidesse: Eesti, Soome.<\/p><p>Ostja kannab saatmiskulu, mille hinnainfo kuvatake saatmisviisi juures.<\/p><p>Saadaval on erinevad saatmisviisid, mis kuvatakse tarneaadressi ja ostukorvi sisu p\u00f5hjal:<\/p><ol><li>Kui Teie ostukorvis on suuremahulised tooted (n\u00e4iteks grillid), saate kasutada ainult meie transpordipartnerite OSC Transport O\u00dc (Eestis) v\u00f5i \u2026\u2026 (Soomes) poolt pakutavat transpordiviisi Kuller (Eest), Kuller (Soome), kes v\u00f5tab teiega telefoninumbril \u00fchendust, et leppida kokku kauba kohaletoimetamise aeg.<\/li><li>Kui Teie ostukorvis on lisatarvikud saate valida \u201eSmartpost Eesti pakiautomaat\u201c, Smartpost Soome pakiautomaat\u201c, mis v\u00f5imaldab tellimusele j\u00e4rele tulla meie partneri Itella Estonia O\u00dc pakiautomaati v\u00f5i \u201eOmniva Eesti pakiautomaat\u201c (ainult Eesti siseste tarnete puhul), mis v\u00f5imaldab tellimusele j\u00e4rele tulla meie partneri AS Eesti Post pakiautomaati. Kui tellimus on j\u00f5udnud pakiautomaati edastatakse Teie telefoninumbrile s\u00f5num.<\/li><\/ol><p>K\u00f5ik Eestisisesed saadetised tarnitakse ostja valitud sihtkohta 3-7 t\u00f6\u00f6p\u00e4eva jooksul alates m\u00fc\u00fcgilepingu s\u00f5lmimise kuup\u00e4evast.<\/p><p>K\u00f5ik Soome saadetised tarnitakse ostja valitud sihtkohta 3-14 t\u00f6\u00f6p\u00e4eva jooksul alates m\u00fc\u00fcgilepingu s\u00f5lmimise kuup\u00e4evast.<\/p><p>Erandjuhtudel on meil \u00f5igus toimetada kaup kohale kuni 45 t\u00f6\u00f6p\u00e4eva jooksul.<\/p><p><strong>Kauba tagastamise \u00f5igus<\/strong><\/p><p>Peale tellimuse k\u00e4ttesaamist on ostjal \u00f5igus veebipoega s\u00f5lmitud lepingust taganeda 14 p\u00e4eva jooksul.<\/p><p>Kauba tagastamise \u00f5igus ei kehti kui ostjaks on juriidiline isik.<\/p><p>14 p\u00e4evane tagastus\u00f5igus kehtib vaid kaubale, mis on kasutamata ja samasuguses konditsioonis nagu veebipoest soetamise hetkel. Kui kaubal esineb kulumisj\u00e4lgi v\u00f5i kasutatud muul otstarbel, on veebipoel \u00f5igus muuta tagastatavat summat koosk\u00f5las kauba v\u00e4\u00e4rtuse v\u00e4henemisega.<\/p><p>Kauba tagastamiseks tuleb esitada 14 p\u00e4eva jooksul alates kauba k\u00e4ttesaamise hetkest e-maili aadressil <a href=\"mailto:info@dreamfiregrill.com\">info@dreamfiregrill.com<\/a> avaldus.<\/p><p>Kauba tagastamise kulud kannab ostja, v\u00e4lja arvatud juhtudel, kui tagastamise p\u00f5hjus seisneb selles, et tagastamisele kuuluv toode ei vasta tellimusele (nt vale v\u00f5i defektiga toode).<\/p><p>Ostja peab kauba tagastama 14 p\u00e4eva jooksul tagastamisavalduse esitamise hetkest v\u00f5i esitama t\u00f5endid selle kohta, et ta andis kauba eelnimetatud t\u00e4htaja jooksul \u00fcle vedajale.<\/p><p>Tagastatud kauba j\u00f5udmise hetkel veebipoodi tagastab veebipood ostjale kauba summa esimesel v\u00f5imalusel, kuid mitte hiljem kui 14 p\u00e4eva jooksul peale kauba k\u00e4ttesaamiseni.<\/p><p>Veebipoel on \u00f5igus keelduda raha tagastamisest kuni kauba k\u00e4ttesaamiseni v\u00f5i kuni ostja on esitanud t\u00f5endi toodete tagastamise kohta.<\/p><p>Kui ostja on valinud veebipoest tavap\u00e4raselt soodsama saatmisviisi, ei ole veebipood kohustatud h\u00fcvitama tavap\u00e4rase saatmiskulu maksumust.<\/p><p>Veebipoel on \u00f5igus m\u00fc\u00fcgist taganeda ja n\u00f5uda ostjalt kauba tagastamist, kui veebipoes m\u00e4rgitud toote hind on eksituse t\u00f5ttu oluliselt madalam kauba turuhinnast.<\/p><p><strong>\u00a0<\/strong><\/p><p><strong>Defektne kaup <\/strong><\/p><p>Veebipood vastutab ostjale m\u00fc\u00fcdud kauba lepingutingimustele mittevastavuse v\u00f5i puuduste eest, mis olid olemas juba \u00fcleandmise hetkel ja ilmnevad kahe aasta jooksul kauba ostjale \u00fcleandmisest. Ostjal on \u00f5igus puuduse ilmnemisest kahe kuu jooksul p\u00f6\u00f6rduda e-poe poole e-posti aadressil info@dreamfiregrill.com v\u00f5i telefonil +372 56\u00a0906\u00a0996.<\/p><p>Veebipood ei vastuta puuduste eest, mis tekivad p\u00e4rast kauba \u00fcleandmist ostjale.<\/p><p>Kui veebipoest ostetud kaubal on puudused, mille eest veebipood vastutab, parandab v\u00f5i asendab puudusega kauba. Kui kaupa ei ole v\u00f5imalik parandada v\u00f5i asendatud, tagastab veebipood ostjale k\u00f5ik m\u00fc\u00fcgilepinguga seotud maksed.<\/p><p>Veebipood vastab ostja kaebusele kirjalikus vormis 15 p\u00e4eva jooksul.<\/p><p><strong>Otseturundus ja isikuandmete t\u00f6\u00f6tlemine.<\/strong><\/p><p>Veebipood kasutab ostja poolt sisestatud isikuandmeid (sh nimi, telefoninumber, aadress, e-mail ja pangarekvisiidid) ainult tellimuse t\u00f6\u00f6tlemiseks ja kauba ostjale saatmiseks. Veebipood edastab isikuandmed transporditeenuse osutajale kauba kohaletoimetamiseks.<\/p><p>Veebipood saadab uudiskirju ja pakkumisi ostja e-maili aadressile ainult juhul, kui ostja on avaldanud soovi neid saada, sisestades veebilehel oma e-maili aadressi ja andnud teada oma soovist turundusmaterjalide saamiseks.<\/p><p>Ostjal on igal ajal v\u00f5imalik loobuda tema e-maili aadressile saadetud pakkumistest ja uudiskirjadest, andes sellest meile teada e-posti teel v\u00f5i j\u00e4rgides uudiskirjas olevaid juhiseid.<\/p><p><strong>Vaidluste lahendamine<\/strong><\/p><p>K\u00f5ik ostja poolsed kaebused veebipoele tuleb esitada kirjalikult e-maili aadressil <a href=\"mailto:info@dreamfiregrill.com\">info@dreamfiregrill.com<\/a> v\u00f5i telefoni teel +372 56\u00a0906\u00a0996.<\/p><p>Kui ostja ja veebipood ei leia kaebusele kokkuleppe teel lahendust, on ostjal \u00f5igus p\u00f6\u00f6rduda Tarbijakaitse poole. Tarbijakaitse p\u00e4devuses on lahendada ostja ja veebipoe vahelisest lepingust tulenevad vaidlused. Tarbijakaitse poole p\u00f6\u00f6rdumine on ostjale tasuta.<\/p><p>Vaidluste lahendamisel v\u00f5ib ostja p\u00f6\u00f6rduda ka Euroopa Liidu organisatsioonide poole.<\/p>\t\t\t\t\t\t\t\t<\/div>\n\t\t\t\t<\/div>\n\t\t\t\t\t<\/div>\n\t\t<\/div>\n\t\t\t\t\t<\/div>\n\t\t<\/section>\n\t\t\t\t<\/div>\n\t\t","protected":false},"excerpt":{"rendered":"<p>M\u00fc\u00fcgitingimused Veebipoe DREAMFIREGRILL.COM (edaspidi nimetatud veebipood) omanik on ArrasO\u00dc (registrikood 10553332), asukohaga Valli tee 17, Vaela k\u00fcla, 75413 Kiili vald, Harju maakond, Eesti. M\u00fc\u00fcgileping, tooted ja hinnad. M\u00fc\u00fcgitingimused kehtivad veebipoes kaupade ostmisel. Veebipoes m\u00fc\u00fcdavate toodete hinnad on kuvatud toodete k\u00f5rval, saatmiskulu lisandub ostukorvis. Saatmiskulu hind s\u00f5ltub tareaadressist ja tarneviisist. Ostukorvis kuvatakse v\u00f5imalikud tarneviisid ning hinnad, [&hellip;]<\/p>\n","protected":false},"author":2,"featured_media":0,"parent":0,"menu_order":0,"comment_status":"closed","ping_status":"closed","template":"elementor_header_footer","meta":{"footnotes":""},"class_list":["post-10599","page","type-page","status-publish","hentry"],"blocksy_meta":{"styles_descriptor":{"styles":{"desktop":"","tablet":"","mobile":""},"google_fonts":[],"version":6}},"_links":{"self":[{"href":"https:\/\/dreamfiregrill.com\/et\/wp-json\/wp\/v2\/pages\/10599","targetHints":{"allow":["GET"]}}],"collection":[{"href":"https:\/\/dreamfiregrill.com\/et\/wp-json\/wp\/v2\/pages"}],"about":[{"href":"https:\/\/dreamfiregrill.com\/et\/wp-json\/wp\/v2\/types\/page"}],"author":[{"embeddable":true,"href":"https:\/\/dreamfiregrill.com\/et\/wp-json\/wp\/v2\/users\/2"}],"replies":[{"embeddable":true,"href":"https:\/\/dreamfiregrill.com\/et\/wp-json\/wp\/v2\/comments?post=10599"}],"version-history":[{"count":10,"href":"https:\/\/dreamfiregrill.com\/et\/wp-json\/wp\/v2\/pages\/10599\/revisions"}],"predecessor-version":[{"id":15382,"href":"https:\/\/dreamfiregrill.com\/et\/wp-json\/wp\/v2\/pages\/10599\/revisions\/15382"}],"wp:attachment":[{"href":"https:\/\/dreamfiregrill.com\/et\/wp-json\/wp\/v2\/media?parent=10599"}],"curies":[{"name":"wp","href":"https:\/\/api.w.org\/{rel}","templated":true}]}}