{"id":15868,"date":"2025-12-01T15:29:52","date_gmt":"2025-12-01T13:29:52","guid":{"rendered":"https:\/\/dreamfiregrill.com\/?page_id=15868"},"modified":"2025-12-03T16:02:01","modified_gmt":"2025-12-03T14:02:01","slug":"dreamfire-garantii","status":"publish","type":"page","link":"https:\/\/dreamfiregrill.com\/et\/dreamfire-garantii\/","title":{"rendered":"Dreamfire garantii"},"content":{"rendered":"<p>Meil on hea meel, et v\u00f5tsite meiega \u00fchendust. Meil on kahju, et meie tootega on tekkinud probleem. Meie meeskond on p\u00fchendunud seda v\u00f5imalikult kiiresti lahendama. Palun t\u00e4itke allolev vorm ja me aitame teid kiiresti.<\/p>\n<p>Meie t\u00f6\u00f6aeg on esmasp\u00e4evast reedeni kella 9.00-17.00 (GMT+2) ja me p\u00fc\u00fcame vastata 48 tunni jooksul. Tipphetkedel v\u00f5ib vastus v\u00f5tta kuni 10 t\u00f6\u00f6p\u00e4eva. Me hindame Teie kannatlikkust ja m\u00f5istmist.<\/p>\n<p style=\"text-align: center;\">\n<!-- iframe plugin v.6.0 wordpress.org\/plugins\/iframe\/ -->\n<iframe src=\"https:\/\/lemon-moss-02fe1fc03.3.azurestaticapps.net\/et?source=DF&#038;warrantyEmail=info@dreamfiregrill.com&#038;infoEmail=info@dreamfiregrill.com\" width=\"100%\" height=\"500\" scrolling=\"yes\" class=\"iframe-class\" frameborder=\"0\"><\/iframe>\n<\/p>\n","protected":false},"excerpt":{"rendered":"<p>Meil on hea meel, et v\u00f5tsite meiega \u00fchendust. Meil on kahju, et meie tootega on tekkinud probleem. Meie meeskond on p\u00fchendunud seda v\u00f5imalikult kiiresti lahendama. Palun t\u00e4itke allolev vorm ja me aitame teid kiiresti. Meie t\u00f6\u00f6aeg on esmasp\u00e4evast reedeni kella 9.00-17.00 (GMT+2) ja me p\u00fc\u00fcame vastata 48 tunni jooksul. Tipphetkedel v\u00f5ib vastus v\u00f5tta kuni 10 [&hellip;]<\/p>\n","protected":false},"author":28,"featured_media":0,"parent":0,"menu_order":0,"comment_status":"closed","ping_status":"closed","template":"","meta":{"footnotes":""},"class_list":["post-15868","page","type-page","status-publish","hentry"],"blocksy_meta":[],"_links":{"self":[{"href":"https:\/\/dreamfiregrill.com\/et\/wp-json\/wp\/v2\/pages\/15868","targetHints":{"allow":["GET"]}}],"collection":[{"href":"https:\/\/dreamfiregrill.com\/et\/wp-json\/wp\/v2\/pages"}],"about":[{"href":"https:\/\/dreamfiregrill.com\/et\/wp-json\/wp\/v2\/types\/page"}],"author":[{"embeddable":true,"href":"https:\/\/dreamfiregrill.com\/et\/wp-json\/wp\/v2\/users\/28"}],"replies":[{"embeddable":true,"href":"https:\/\/dreamfiregrill.com\/et\/wp-json\/wp\/v2\/comments?post=15868"}],"version-history":[{"count":8,"href":"https:\/\/dreamfiregrill.com\/et\/wp-json\/wp\/v2\/pages\/15868\/revisions"}],"predecessor-version":[{"id":15888,"href":"https:\/\/dreamfiregrill.com\/et\/wp-json\/wp\/v2\/pages\/15868\/revisions\/15888"}],"wp:attachment":[{"href":"https:\/\/dreamfiregrill.com\/et\/wp-json\/wp\/v2\/media?parent=15868"}],"curies":[{"name":"wp","href":"https:\/\/api.w.org\/{rel}","templated":true}]}}