{"id":16214,"date":"2026-04-29T16:08:25","date_gmt":"2026-04-29T13:08:25","guid":{"rendered":"https:\/\/dreamfiregrill.com\/garantiitingimused\/"},"modified":"2026-05-06T13:38:06","modified_gmt":"2026-05-06T10:38:06","slug":"garantiitingimused","status":"publish","type":"page","link":"https:\/\/dreamfiregrill.com\/et\/garantiitingimused\/","title":{"rendered":"Garantiitingimused"},"content":{"rendered":"\t\t<div data-elementor-type=\"wp-page\" data-elementor-id=\"16214\" class=\"elementor elementor-16214 elementor-16210\" data-elementor-post-type=\"page\">\n\t\t\t\t\t\t<section class=\"elementor-section elementor-top-section elementor-element elementor-element-bedb64a elementor-section-boxed elementor-section-height-default elementor-section-height-default\" data-id=\"bedb64a\" data-element_type=\"section\" data-e-type=\"section\">\n\t\t\t\t\t\t<div class=\"elementor-container elementor-column-gap-default\">\n\t\t\t\t\t<div class=\"elementor-column elementor-col-100 elementor-top-column elementor-element elementor-element-a9fc10e\" data-id=\"a9fc10e\" data-element_type=\"column\" data-e-type=\"column\">\n\t\t\t<div class=\"elementor-widget-wrap elementor-element-populated\">\n\t\t\t\t\t\t<div class=\"elementor-element elementor-element-5b9909c elementor-widget elementor-widget-text-editor\" data-id=\"5b9909c\" data-element_type=\"widget\" data-e-type=\"widget\" data-widget_type=\"text-editor.default\">\n\t\t\t\t<div class=\"elementor-widget-container\">\n\t\t\t\t\t\t\t\t\t<p>Soovime, et teie Dreamfire Kamado grill kestaks aastaid.<br data-start=\"56\" data-end=\"59\" \/>Allpool leiate selge \u00fclevaate sellest, kuidas meie garantii toimib ja mida see katab.<\/p>\n\t\t\t\t\t\t\t\t<\/div>\n\t\t\t\t<\/div>\n\t\t\t\t\t<\/div>\n\t\t<\/div>\n\t\t\t\t\t<\/div>\n\t\t<\/section>\n\t\t\t\t<section class=\"elementor-section elementor-top-section elementor-element elementor-element-bdc4cc7 elementor-section-boxed elementor-section-height-default elementor-section-height-default\" data-id=\"bdc4cc7\" data-element_type=\"section\" data-e-type=\"section\">\n\t\t\t\t\t\t<div class=\"elementor-container elementor-column-gap-default\">\n\t\t\t\t\t<div class=\"elementor-column elementor-col-100 elementor-top-column elementor-element elementor-element-65c58fa\" data-id=\"65c58fa\" data-element_type=\"column\" data-e-type=\"column\">\n\t\t\t<div class=\"elementor-widget-wrap elementor-element-populated\">\n\t\t\t\t\t\t<div class=\"elementor-element elementor-element-661033a elementor-widget elementor-widget-heading\" data-id=\"661033a\" data-element_type=\"widget\" data-e-type=\"widget\" data-widget_type=\"heading.default\">\n\t\t\t\t<div class=\"elementor-widget-container\">\n\t\t\t\t\t<h2 class=\"elementor-heading-title elementor-size-default\">Garantiitingimuste l\u00fchikokkuv\u00f5te<\/h2>\t\t\t\t<\/div>\n\t\t\t\t<\/div>\n\t\t\t\t<div class=\"elementor-element elementor-element-cc31fae elementor-widget elementor-widget-text-editor\" data-id=\"cc31fae\" data-element_type=\"widget\" data-e-type=\"widget\" data-widget_type=\"text-editor.default\">\n\t\t\t\t<div class=\"elementor-widget-container\">\n\t\t\t\t\t\t\t\t\t<ul>\n<li>Garantii kehtib ainult erakliendile ja algsele ostjale<\/li>\n<li>Garantii aktiveerimiseks tuleb toode registreerida 30 p\u00e4eva jooksul aadressil <a href=\"https:\/\/dreamfiregrill.com\/et\/registreeri-dreamfire-grill\/\">https:\/\/dreamfiregrill.com\/et\/registreeri-dreamfire-grill\/<\/a><\/li>\n<li>Keraamiline korpus: piiratud eluaegne garantii<\/li>\n<li>Muud osad: 2 aastat (tulease, deflektorplaadid), 1 aasta (termomeeter, tihend, puidust detailid), 180 p\u00e4eva (metallosad)<\/li>\n<li>Garantii katab tootmis- ja materjalidefektid tavap\u00e4rasel kasutamisel<\/li>\n<li>Garantii ei kata kulumist, ilmastikukahjusid ega roostet<\/li>\n<li>Garantii ei kehti, kui toode on ostetud volitamata edasim\u00fc\u00fcjalt<\/li>\n<li>Pretensiooni esitamiseks on vajalik ostut\u00f5end ja v\u00f5imalusel fotod kahjustusest<\/li>\n<\/ul>\n\t\t\t\t\t\t\t\t<\/div>\n\t\t\t\t<\/div>\n\t\t\t\t\t<\/div>\n\t\t<\/div>\n\t\t\t\t\t<\/div>\n\t\t<\/section>\n\t\t\t\t<section class=\"elementor-section elementor-top-section elementor-element elementor-element-b032b95 elementor-section-boxed elementor-section-height-default elementor-section-height-default\" data-id=\"b032b95\" data-element_type=\"section\" data-e-type=\"section\">\n\t\t\t\t\t\t<div class=\"elementor-container elementor-column-gap-default\">\n\t\t\t\t\t<div class=\"elementor-column elementor-col-100 elementor-top-column elementor-element elementor-element-8723b38\" data-id=\"8723b38\" data-element_type=\"column\" data-e-type=\"column\">\n\t\t\t<div class=\"elementor-widget-wrap elementor-element-populated\">\n\t\t\t\t\t\t<div class=\"elementor-element elementor-element-9fce3fd elementor-widget elementor-widget-spacer\" data-id=\"9fce3fd\" data-element_type=\"widget\" data-e-type=\"widget\" data-widget_type=\"spacer.default\">\n\t\t\t\t<div class=\"elementor-widget-container\">\n\t\t\t\t\t\t\t<div class=\"elementor-spacer\">\n\t\t\t<div class=\"elementor-spacer-inner\"><\/div>\n\t\t<\/div>\n\t\t\t\t\t\t<\/div>\n\t\t\t\t<\/div>\n\t\t\t\t<div class=\"elementor-element elementor-element-f8f6794 elementor-widget elementor-widget-heading\" data-id=\"f8f6794\" data-element_type=\"widget\" data-e-type=\"widget\" data-widget_type=\"heading.default\">\n\t\t\t\t<div class=\"elementor-widget-container\">\n\t\t\t\t\t<h2 class=\"elementor-heading-title elementor-size-default\">Garantiitingimused (detailsemalt)<\/h2>\t\t\t\t<\/div>\n\t\t\t\t<\/div>\n\t\t\t\t<div class=\"elementor-element elementor-element-7196231 elementor-widget elementor-widget-text-editor\" data-id=\"7196231\" data-element_type=\"widget\" data-e-type=\"widget\" data-widget_type=\"text-editor.default\">\n\t\t\t\t<div class=\"elementor-widget-container\">\n\t\t\t\t\t\t\t\t\t<h3 data-section-id=\"1a61vox\" data-start=\"95\" data-end=\"110\">Garantiikate<\/h3>\n<p><\/p>\n<p data-start=\"112\" data-end=\"479\">Dreamfire Kamado grillidele kehtib piiratud garantii allj\u00e4rgnevatel tingimustel. Dreamfire garanteerib, et tema keraamilised grillid ja suitsuahjud on vabad materjali- ja tootmisdefektidest, kui neid kasutatakse sihtotstarbeliselt, tavatingimustes ning neid hooldatakse korrektselt. Garantii kehtib ainult erakliendile ja algsele ostjale ning ei laiene \u00e4rikasutusele.<\/p>\n<p><\/p>\n<p data-start=\"481\" data-end=\"784\">Garantii katab tootmis- ja materjalidefektid, mis ilmnevad tavap\u00e4rasel kasutamisel. Dreamfire parandab v\u00f5i asendab defektsed detailid oma \u00e4ran\u00e4gemisel. Garantii ei kata transpordi-, t\u00f6\u00f6j\u00f5u-, pakendamis- ega muid seotud kulusid, v\u00e4lja arvatud juhul, kui Dreamfire on selleks kirjalikult n\u00f5usoleku andnud.<\/p>\n<p><\/p>\n<hr data-start=\"786\" data-end=\"789\" \/>\n<h3 data-section-id=\"kb8hv4\" data-start=\"791\" data-end=\"822\">Kuidas garantiid aktiveerida<\/h3>\n<p><\/p>\n<p data-start=\"824\" data-end=\"1098\">Garantii j\u00f5ustub, kui registreerite oma Kamado grilli 30 p\u00e4eva jooksul alates ostukuup\u00e4evast aadressil <a href=\"https:\/\/dreamfiregrill.com\/et\/registreeri-dreamfire-grill\/\">https:\/\/dreamfiregrill.com\/et\/registreeri-dreamfire-grill\/ <\/a>ning laadite \u00fcles ostut\u0161eki foto v\u00f5i koopia. Kui \u00fcleslaadimine ei ole v\u00f5imalik, tuleb originaalt\u0161ekk alles hoida.<\/p>\n<p><\/p>\n<hr data-start=\"1100\" data-end=\"1103\" \/>\n<h3 data-section-id=\"14hsh2l\" data-start=\"1105\" data-end=\"1125\">Garantiiperioodid<\/h3>\n<p><\/p>\n<p data-start=\"1127\" data-end=\"1426\">Garantii kehtib j\u00e4rgmiselt: keraamilisele korpusele kehtib piiratud eluaegne garantii; keraamilisele tuleasemele ja deflektorplaatidele kehtib kaheaastane garantii; kupli termomeetrile, tihendile ja puidust detailidele kehtib \u00fcheaastane garantii; k\u00f5ikidele metallosadele kehtib 180-p\u00e4evane garantii.<\/p>\n<p><\/p>\n<hr data-start=\"1428\" data-end=\"1431\" \/>\n<h3 data-section-id=\"sikjmg\" data-start=\"1433\" data-end=\"1457\">Mida garantii ei kata<\/h3>\n<p><\/p>\n<p data-start=\"1459\" data-end=\"1836\">Garantii ei kehti tavap\u00e4rase kulumise korral (n\u00e4iteks kriimud, m\u00f5lgid v\u00f5i kosmeetilised muutused), mis ei m\u00f5juta toote toimimist. Samuti ei kata garantii kahjustusi, mis on tekkinud mitteotstarbelise kasutamise, vale kokkupaneku, hoolduse v\u00f5i paigalduse, eba\u00f5ige hoiustamise, loodus\u00f5nnetuste, transpordikahjustuste v\u00f5i volitamata muudatuste ja lisaseadmete t\u00f5ttu.<\/p>\n<p><\/p>\n<p data-start=\"1838\" data-end=\"2116\">Garantii ei kehti, kui toodet on kahjustanud liigne niiskus, sobimatud keskkonnatingimused v\u00f5i kui grill on paigutatud s\u00fcttivale pinnale. Samuti ei kehti garantii, kui on kasutatud sobimatuid k\u00fctuseid v\u00f5i vedelikke (n\u00e4iteks s\u00fc\u00fctevedelik, kemikaalid v\u00f5i muud mittesobivad ained).<\/p>\n<p><\/p>\n<p data-start=\"2118\" data-end=\"2405\">Puidust detailide ilmastikust tingitud kahjustused (n\u00e4iteks praod, pleekimine v\u00f5i hallitus) ei kuulu garantii alla. Metallosade oks\u00fcdeerumine, rooste v\u00f5i v\u00e4rvimuutused ei kuulu samuti garantii alla. V\u00e4ikesed kosmeetilised puudused, mis ei m\u00f5juta seadme toimimist, ei kuulu garantii alla.<\/p>\n<p><\/p>\n<hr data-start=\"2407\" data-end=\"2410\" \/>\n<h3 data-section-id=\"pq26lt\" data-start=\"2412\" data-end=\"2432\">Garantiipiirangud<\/h3>\n<p><\/p>\n<p data-start=\"2434\" data-end=\"2716\">Garantii kaotab kehtivuse, kui kasutaja ei teavita m\u00fc\u00fcjat kohe p\u00e4rast vea avastamist ning j\u00e4tkab toote kasutamist. Samuti ei kehti garantii toodetele, mis on ostetud volitamata edasim\u00fc\u00fcjatelt v\u00f5i kolmandatelt isikutelt. Garantii kehtib ainult algsele ostjale ning ei ole edasiantav.<\/p>\n<p><\/p>\n<p data-start=\"2718\" data-end=\"3072\">Dreamfire ei vastuta kaudsete, juhuslike ega tagaj\u00e4rjel tekkivate kahjude eest, sealhulgas kasutusv\u00f5imaluse kaotuse v\u00f5i ebamugavuste eest. Samuti ei vastuta Dreamfire viivituste eest, mis on p\u00f5hjustatud ettev\u00f5ttest s\u00f5ltumatutest asjaoludest, sealhulgas v\u00e4\u00e4ramatu j\u00f5u, s\u00f5ja, valitsuse piirangute, streikide, tulekahju, \u00fcleujutuste v\u00f5i tarneraskuste t\u00f5ttu.<\/p>\n<p><\/p>\n<hr data-start=\"3074\" data-end=\"3077\" \/>\n<h3 data-section-id=\"1n3ha9t\" data-start=\"3079\" data-end=\"3096\">Garantiin\u00f5uded<\/h3>\n<p><\/p>\n<p data-start=\"3098\" data-end=\"3241\">Ostuhetkel n\u00e4htavad defektid tuleb m\u00e4rkida ostudokumendile. Pretensiooni esitamisel tuleb esitada ostut\u00f5end ning v\u00f5imalusel fotod kahjustusest.<\/p>\n<p><\/p>\n<p data-start=\"3243\" data-end=\"3480\">Garantiiteenuse kasutamiseks v\u00f5tke \u00fchendust kohaliku edasim\u00fc\u00fcjaga v\u00f5i selle riigi edasim\u00fc\u00fcjaga, kust toode osteti. Enne p\u00f6\u00f6rdumist palume valmis panna j\u00e4rgmine teave: mudeli nimetus, v\u00e4rv, ostut\u00f5end, ostukuup\u00e4ev ning probleemi kirjeldus.<\/p>\n\t\t\t\t\t\t\t\t<\/div>\n\t\t\t\t<\/div>\n\t\t\t\t\t<\/div>\n\t\t<\/div>\n\t\t\t\t\t<\/div>\n\t\t<\/section>\n\t\t\t\t<\/div>\n\t\t","protected":false},"excerpt":{"rendered":"<p>Soovime, et teie Dreamfire Kamado grill kestaks aastaid.Allpool leiate selge \u00fclevaate sellest, kuidas meie garantii toimib ja mida see katab. Garantiitingimuste l\u00fchikokkuv\u00f5te Garantii kehtib ainult erakliendile ja algsele ostjale Garantii aktiveerimiseks tuleb toode registreerida 30 p\u00e4eva jooksul aadressil https:\/\/dreamfiregrill.com\/et\/registreeri-dreamfire-grill\/ Keraamiline korpus: piiratud eluaegne garantii Muud osad: 2 aastat (tulease, deflektorplaadid), 1 aasta (termomeeter, tihend, puidust [&hellip;]<\/p>\n","protected":false},"author":51,"featured_media":0,"parent":0,"menu_order":0,"comment_status":"closed","ping_status":"closed","template":"","meta":{"footnotes":""},"class_list":["post-16214","page","type-page","status-publish","hentry"],"blocksy_meta":[],"_links":{"self":[{"href":"https:\/\/dreamfiregrill.com\/et\/wp-json\/wp\/v2\/pages\/16214","targetHints":{"allow":["GET"]}}],"collection":[{"href":"https:\/\/dreamfiregrill.com\/et\/wp-json\/wp\/v2\/pages"}],"about":[{"href":"https:\/\/dreamfiregrill.com\/et\/wp-json\/wp\/v2\/types\/page"}],"author":[{"embeddable":true,"href":"https:\/\/dreamfiregrill.com\/et\/wp-json\/wp\/v2\/users\/51"}],"replies":[{"embeddable":true,"href":"https:\/\/dreamfiregrill.com\/et\/wp-json\/wp\/v2\/comments?post=16214"}],"version-history":[{"count":3,"href":"https:\/\/dreamfiregrill.com\/et\/wp-json\/wp\/v2\/pages\/16214\/revisions"}],"predecessor-version":[{"id":16271,"href":"https:\/\/dreamfiregrill.com\/et\/wp-json\/wp\/v2\/pages\/16214\/revisions\/16271"}],"wp:attachment":[{"href":"https:\/\/dreamfiregrill.com\/et\/wp-json\/wp\/v2\/media?parent=16214"}],"curies":[{"name":"wp","href":"https:\/\/api.w.org\/{rel}","templated":true}]}}