{"id":16234,"date":"2026-04-30T13:50:03","date_gmt":"2026-04-30T10:50:03","guid":{"rendered":"https:\/\/dreamfiregrill.com\/kasutusjuhend\/"},"modified":"2026-05-06T14:58:48","modified_gmt":"2026-05-06T11:58:48","slug":"kasutusjuhend","status":"publish","type":"page","link":"https:\/\/dreamfiregrill.com\/et\/kasutusjuhend\/","title":{"rendered":"Kasutusjuhend"},"content":{"rendered":"\t\t<div data-elementor-type=\"wp-page\" data-elementor-id=\"16234\" class=\"elementor elementor-16234 elementor-16226\" data-elementor-post-type=\"page\">\n\t\t\t\t\t\t<section class=\"elementor-section elementor-top-section elementor-element elementor-element-88c4752 elementor-section-boxed elementor-section-height-default elementor-section-height-default\" data-id=\"88c4752\" data-element_type=\"section\" data-e-type=\"section\">\n\t\t\t\t\t\t<div class=\"elementor-container elementor-column-gap-default\">\n\t\t\t\t\t<div class=\"elementor-column elementor-col-100 elementor-top-column elementor-element elementor-element-017989d\" data-id=\"017989d\" data-element_type=\"column\" data-e-type=\"column\">\n\t\t\t<div class=\"elementor-widget-wrap elementor-element-populated\">\n\t\t\t\t\t\t<div class=\"elementor-element elementor-element-ca19638 elementor-widget elementor-widget-text-editor\" data-id=\"ca19638\" data-element_type=\"widget\" data-e-type=\"widget\" data-widget_type=\"text-editor.default\">\n\t\t\t\t<div class=\"elementor-widget-container\">\n\t\t\t\t\t\t\t\t\t<p data-start=\"0\" data-end=\"77\">Eemaldage hoolikalt kogu pakend ning hoidke kasutusjuhend edaspidiseks alles.<\/p>\n<p><\/p>\n<p data-start=\"79\" data-end=\"186\" data-is-last-node=\"\" data-is-only-node=\"\">Enne grilli kasutamist lugege k\u00e4esolev kasutusjuhend t\u00e4helepanelikult l\u00e4bi ja j\u00e4rgige k\u00f5iki ohutusjuhiseid.<\/p>\n\t\t\t\t\t\t\t\t<\/div>\n\t\t\t\t<\/div>\n\t\t\t\t<div class=\"elementor-element elementor-element-b1765d1 elementor-widget elementor-widget-spacer\" data-id=\"b1765d1\" data-element_type=\"widget\" data-e-type=\"widget\" data-widget_type=\"spacer.default\">\n\t\t\t\t<div class=\"elementor-widget-container\">\n\t\t\t\t\t\t\t<div class=\"elementor-spacer\">\n\t\t\t<div class=\"elementor-spacer-inner\"><\/div>\n\t\t<\/div>\n\t\t\t\t\t\t<\/div>\n\t\t\t\t<\/div>\n\t\t\t\t\t<\/div>\n\t\t<\/div>\n\t\t\t\t\t<\/div>\n\t\t<\/section>\n\t\t\t\t<section class=\"elementor-section elementor-top-section elementor-element elementor-element-a2d5320 elementor-section-boxed elementor-section-height-default elementor-section-height-default\" data-id=\"a2d5320\" data-element_type=\"section\" data-e-type=\"section\">\n\t\t\t\t\t\t<div class=\"elementor-container elementor-column-gap-default\">\n\t\t\t\t\t<div class=\"elementor-column elementor-col-100 elementor-top-column elementor-element elementor-element-fb0d21f\" data-id=\"fb0d21f\" data-element_type=\"column\" data-e-type=\"column\">\n\t\t\t<div class=\"elementor-widget-wrap elementor-element-populated\">\n\t\t\t\t\t\t<div class=\"elementor-element elementor-element-5b74c18 elementor-widget elementor-widget-text-editor\" data-id=\"5b74c18\" data-element_type=\"widget\" data-e-type=\"widget\" data-widget_type=\"text-editor.default\">\n\t\t\t\t<div class=\"elementor-widget-container\">\n\t\t\t\t\t\t\t\t\t<h2 data-section-id=\"1e9bfgp\" data-start=\"85\" data-end=\"101\">Ohutusjuhised<\/h2>\n<p><\/p>\n<h3 data-section-id=\"p8qyw6\" data-start=\"103\" data-end=\"124\">\u00dcldine kasutamine<\/h3>\n<p><\/p>\n<ul>\n<li>See Kamado on m\u00f5eldud kasutamiseks ainult v\u00e4listingimustes. \u00c4rge kasutage seda siseruumides, r\u00f5dudel, paatides ega kinnistes ruumides, v\u00e4lja arvatud juhul, kui ala vastab t\u00e4ielikult k\u00f5ikidele tuleohutusn\u00f5uetele.<\/li>\n<li>Hoidke lapsed ja lemmikloomad kuuma grilli kasutamise ajal ohutus kauguses.<\/li>\n<li>\u00c4rge kunagi j\u00e4tke p\u00f5levat grilli j\u00e4relevalveta.<\/li>\n<li>Kasutamise ajal v\u00f5ib grillist eralduda kuumi s\u00fcsi v\u00f5i s\u00e4demeid \u2013 tuleoht.<\/li>\n<\/ul>\n<hr data-start=\"449\" data-end=\"452\" \/>\n<h3 data-section-id=\"17taye1\" data-start=\"454\" data-end=\"479\">S\u00fc\u00fctamine ja k\u00fctus<\/h3>\n<p><\/p>\n<ul data-start=\"481\" data-end=\"813\">\n<li data-section-id=\"krvzyw\" data-start=\"0\" data-end=\"89\">\u00c4RGE kasutage grilli s\u00fc\u00fctamiseks bensiini, s\u00fc\u00fctevedelikku, alkoholi ega muid kemikaale.<\/li>\n<li data-section-id=\"11j5f31\" data-start=\"91\" data-end=\"187\">Kasutage ainult toidu valmistamiseks m\u00f5eldud ja toiduohutuid s\u00fc\u00fctetablette v\u00f5i s\u00fc\u00fctevahendeid.<\/li>\n<li data-section-id=\"16iziyf\" data-start=\"189\" data-end=\"283\">Soovitatav on kasutada suuret\u00fckilist grills\u00fctt, kuna see p\u00f5leb kauem ja tekitab v\u00e4hem tuhka.<\/li>\n<li data-section-id=\"ksxmxr\" data-start=\"285\" data-end=\"359\" data-is-last-node=\"\">\u00c4rge kasutage kivis\u00fctt, puitu, briketti ega muid mittesobivaid k\u00fctuseid.<\/li>\n<\/ul>\n<hr data-start=\"815\" data-end=\"818\" \/>\n<h3 data-section-id=\"1ksycr4\" data-start=\"820\" data-end=\"840\">Kaane avamine<\/h3>\n<p><\/p>\n<ul data-start=\"842\" data-end=\"1037\">\n<li data-section-id=\"1cvipe2\" data-start=\"0\" data-end=\"42\">Kui grill on kuum, avage kaas aeglaselt.<\/li>\n<li data-section-id=\"19rqdxf\" data-start=\"44\" data-end=\"111\">T\u00f5stke kaas esmalt veidi \u00fcles, et \u00f5hk p\u00e4\u00e4seks j\u00e4rk-j\u00e4rgult sisse.<\/li>\n<li data-section-id=\"1pmleua\" data-start=\"113\" data-end=\"194\" data-is-last-node=\"\">Kaane liiga kiire avamine v\u00f5ib p\u00f5hjustada j\u00e4rsu leegis\u00e4hvatuse ja vigastusohtu.<\/li>\n<\/ul>\n<hr data-start=\"1039\" data-end=\"1042\" \/>\n<h3 data-section-id=\"mwkfiu\" data-start=\"1044\" data-end=\"1061\">Tuleohutus<\/h3>\n<p><\/p>\n<ul data-start=\"1063\" data-end=\"1349\">\n<li data-section-id=\"bif41o\" data-start=\"0\" data-end=\"79\">\u00c4rge kasutage Kamadot puitterrassidel ega muudel kergestis\u00fcttivatel pindadel.<\/li>\n<li data-section-id=\"1bqnjyb\" data-start=\"81\" data-end=\"157\">Hoidke grill v\u00e4hemalt 3 meetri kaugusel kergestis\u00fcttivatest materjalidest.<\/li>\n<li data-section-id=\"9sqz8g\" data-start=\"159\" data-end=\"203\">J\u00e4rgige alati kohalikke tuleohutusn\u00f5udeid.<\/li>\n<li data-section-id=\"1q7ndb4\" data-start=\"205\" data-end=\"254\" data-is-last-node=\"\">Hoidke kasutamise ajal tulekustuti k\u00e4eulatuses.<\/li>\n<\/ul>\n<hr data-start=\"1351\" data-end=\"1354\" \/>\n<h3 data-section-id=\"grpvbu\" data-start=\"1356\" data-end=\"1384\">Kuumus ja k\u00e4sitsemine<\/h3>\n<p><\/p>\n<ul data-start=\"1386\" data-end=\"1642\">\n<li data-section-id=\"6mjibu\" data-start=\"0\" data-end=\"116\">\u00c4rge kunagi liigutage Kamadot kasutamise ajal ega siis, kui see on veel kuum \u2013 jahtumine v\u00f5ib v\u00f5tta kuni 12 tundi.<\/li>\n<li data-section-id=\"r8a68i\" data-start=\"118\" data-end=\"196\">Kuumade pindade v\u00f5i toidu k\u00e4sitsemisel kasutage alati kuumakindlaid kindaid.<\/li>\n<li data-section-id=\"sqq6ue\" data-start=\"198\" data-end=\"280\" data-is-last-node=\"\">\u00d5huavad p\u00fcsivad kuumad ka p\u00e4rast k\u00fcpsetamise l\u00f5ppu \u2013 v\u00e4ltige otsest kokkupuudet.<\/li>\n<\/ul>\n<hr data-start=\"1644\" data-end=\"1647\" \/>\n<h3 data-section-id=\"msqp2r\" data-start=\"1649\" data-end=\"1681\">Liigutamine ja stabiilsus<\/h3>\n<p><\/p>\n<ul data-start=\"1683\" data-end=\"1933\">\n<li data-section-id=\"12uvky6\" data-start=\"0\" data-end=\"73\">Laske grillil enne liigutamist v\u00f5i hoiustamist t\u00e4ielikult maha jahtuda.<\/li>\n<li data-section-id=\"7kqugb\" data-start=\"75\" data-end=\"129\">\u00c4rge l\u00fckake Kamadot enda ees \u2013 see v\u00f5ib \u00fcmber minna.<\/li>\n<li data-section-id=\"4ouy3m\" data-start=\"131\" data-end=\"156\">Lukustage alati rattad.<\/li>\n<li data-section-id=\"481oxd\" data-start=\"158\" data-end=\"243\" data-is-last-node=\"\">\u00c4rge asetage ega hoidke grilli servadel v\u00f5i libedatel pindadel tugeva tuule korral.<\/li>\n<\/ul>\n<hr data-start=\"1935\" data-end=\"1938\" \/>\n<h3 data-section-id=\"9w3dpj\" data-start=\"1940\" data-end=\"1971\">Ilmastik ja hoiustamine<\/h3>\n<p><\/p>\n<ul data-start=\"1973\" data-end=\"2148\">\n<li data-section-id=\"53haq9\" data-start=\"1973\" data-end=\"2043\">Kui grilli pikemat aega ei kasutata, eemaldage puidust k\u00fcljelauad.<\/li>\n<li data-section-id=\"1qgpp79\" data-start=\"2044\" data-end=\"2095\">Soovitame kasutada Dreamfire Kamado vihmakatet.<\/li>\n<li data-section-id=\"1yoo6pg\" data-start=\"2096\" data-end=\"2148\">\u00c4rge asetage katet kuumale v\u00f5i soojale grillile.<\/li>\n<\/ul>\n<p><\/p>\n<p data-start=\"2150\" data-end=\"2162\"><strong data-start=\"2150\" data-end=\"2162\">Oluline:<\/strong><\/p>\n<ul data-start=\"2163\" data-end=\"2358\">\n<li data-section-id=\"qmbz7x\" data-start=\"2163\" data-end=\"2228\">Alla +5 \u00b0C v\u00e4ltige niiskuse sattumist keraamilisse korpusesse<\/li>\n<li data-section-id=\"8kx0gb\" data-start=\"2229\" data-end=\"2276\">Niiskus v\u00f5ib j\u00e4\u00e4tuda ja p\u00f5hjustada pragusid<\/li>\n<li data-section-id=\"n48r95\" data-start=\"2277\" data-end=\"2358\">Kui vett satub sisse, kuivatage see ja soojendage grill madalal temperatuuril<\/li>\n<\/ul>\n<hr data-start=\"2360\" data-end=\"2363\" \/>\n<h3 data-section-id=\"1bssp6s\" data-start=\"2365\" data-end=\"2393\">Kasutamise soovitused<\/h3>\n<p><\/p>\n<ul data-start=\"2395\" data-end=\"2745\">\n<li data-section-id=\"1s0rbkz\" data-start=\"2395\" data-end=\"2444\">\u00c4rge kasutage Kamadot kamina v\u00f5i tuleasemena.<\/li>\n<li data-section-id=\"s3m1yj\" data-start=\"2561\" data-end=\"2632\">Laske tulel p\u00f5leda umbes 30 minutit enne esimest toiduvalmistamist.<\/li>\n<li data-section-id=\"ib4yoz\" data-start=\"2674\" data-end=\"2745\">Kasutage grilli ainult tasasel, mittes\u00fcttival ja stabiilsel pinnal.<\/li>\n<\/ul>\n<hr data-start=\"2747\" data-end=\"2750\" \/>\n<h3 data-section-id=\"mdskm2\" data-start=\"2752\" data-end=\"2766\">Hooldus<\/h3>\n<p><\/p>\n<ul data-start=\"2768\" data-end=\"2984\">\n<li data-section-id=\"1wsiken\" data-start=\"2768\" data-end=\"2834\">Kontrollige enne kasutamist grilli v\u00f5imalike kahjustuste osas.<\/li>\n<li data-section-id=\"8yt7zd\" data-start=\"2835\" data-end=\"2918\">Kontrollige regulaarselt k\u00f5iki polte ja kinnitusi (v\u00e4hemalt kaks korda aastas).<\/li>\n<li data-section-id=\"1xp5v19\" data-start=\"2919\" data-end=\"2984\">Metallv\u00f6\u00f6 v\u00f5ib kuumuse m\u00f5jul l\u00f5dveneda \u2013 vajadusel pingutage, aga ainult siis, kui grill on k\u00fclm.<\/li>\n<\/ul>\n<hr data-start=\"2986\" data-end=\"2989\" \/>\n<h3 data-section-id=\"1osje14\" data-start=\"2991\" data-end=\"3009\">Kustutamine<\/h3>\n<p><\/p>\n<ul data-start=\"3011\" data-end=\"3108\">\n<li data-section-id=\"1xims0n\" data-start=\"3040\" data-end=\"3072\">Sulgege k\u00f5ik \u00f5huavad ja kaas<\/li>\n<li data-section-id=\"h0q06a\" data-start=\"3073\" data-end=\"3108\">Laske tulel loomulikult kustuda<\/li>\n<\/ul>\n<p><\/p>\n<p data-start=\"3110\" data-end=\"3214\">\u00c4rge kasutage s\u00f6e kustutamiseks vett \u2013 see v\u00f5ib p\u00f5hjustada leegi \u00e4kilist t\u00f5usu v\u00f5i kahjustada grilli<\/p>\n\t\t\t\t\t\t\t\t<\/div>\n\t\t\t\t<\/div>\n\t\t\t\t<div class=\"elementor-element elementor-element-8ab60d6 elementor-widget elementor-widget-spacer\" data-id=\"8ab60d6\" data-element_type=\"widget\" data-e-type=\"widget\" data-widget_type=\"spacer.default\">\n\t\t\t\t<div class=\"elementor-widget-container\">\n\t\t\t\t\t\t\t<div class=\"elementor-spacer\">\n\t\t\t<div class=\"elementor-spacer-inner\"><\/div>\n\t\t<\/div>\n\t\t\t\t\t\t<\/div>\n\t\t\t\t<\/div>\n\t\t\t\t\t<\/div>\n\t\t<\/div>\n\t\t\t\t\t<\/div>\n\t\t<\/section>\n\t\t\t\t<section class=\"elementor-section elementor-top-section elementor-element elementor-element-7103b5b elementor-section-boxed elementor-section-height-default elementor-section-height-default\" data-id=\"7103b5b\" data-element_type=\"section\" data-e-type=\"section\">\n\t\t\t\t\t\t<div class=\"elementor-container elementor-column-gap-default\">\n\t\t\t\t\t<div class=\"elementor-column elementor-col-100 elementor-top-column elementor-element elementor-element-4f171d7\" data-id=\"4f171d7\" data-element_type=\"column\" data-e-type=\"column\">\n\t\t\t<div class=\"elementor-widget-wrap elementor-element-populated\">\n\t\t\t\t\t\t<div class=\"elementor-element elementor-element-e3b0cc9 elementor-widget elementor-widget-text-editor\" data-id=\"e3b0cc9\" data-element_type=\"widget\" data-e-type=\"widget\" data-widget_type=\"text-editor.default\">\n\t\t\t\t<div class=\"elementor-widget-container\">\n\t\t\t\t\t\t\t\t\t<h2 data-section-id=\"1f6nep1\" data-start=\"82\" data-end=\"95\">Kokkupanek<\/h2>\n<p><\/p>\n<p data-start=\"97\" data-end=\"178\">Enne Dreamfire Kamado grilli kokkupanemist lugege k\u00e4esolev juhend hoolikalt l\u00e4bi.<\/p>\n<p><\/p>\n<p data-start=\"180\" data-end=\"334\">Paigaldage grill pehmele pinnale, et kaitsta seda juhuslike kahjustuste (nt kriimustuste) eest. Hoidke see juhend koos grilliga edaspidiseks kasutamiseks.<\/p>\n<p><\/p>\n<p data-start=\"336\" data-end=\"633\">Hoiatus: \u00c4rge pingutage mutreid ja polte \u00fcle, kuna see v\u00f5ib p\u00f5hjustada nende purunemise v\u00f5i keraamilise korpuse kahjustumise. Need peavad olema piisavalt kinni, et p\u00fcsida kindlalt paigal, kuid mitte \u00fclem\u00e4\u00e4ra pingul. Kontrollige k\u00f5iki polte ja mutreid regulaarselt (v\u00e4hemalt kaks korda aastas).<\/p>\n<p><\/p>\n<p data-start=\"635\" data-end=\"876\">Hoiatus: Eemaldage Dreamfire Kamado \u00fcmbert pakend ettevaatlikult. \u00c4rge visake kasutusjuhendit minema. Hoidke kaas kokkupaneku ajal suletuna. Enne kokkupaneku alustamist eemaldage ja pakkige lahti k\u00f5ik grilli sees ja pakendis olevad osad.<\/p>\n<p><\/p>\n<hr data-start=\"878\" data-end=\"881\" \/>\n<h4 data-section-id=\"14bfrxm\" data-start=\"883\" data-end=\"909\">1. Jalaraami kokkupanek<\/h4>\n<p><\/p>\n<p data-start=\"911\" data-end=\"962\">Kergemaks kokkupanekuks keerake jalaraam tagurpidi.<\/p>\n<ul data-start=\"964\" data-end=\"1354\">\n<li data-section-id=\"12j1dbt\" data-start=\"964\" data-end=\"1018\">Sisestage kaks metallist risttala jalgade otstesse<\/li>\n<li data-section-id=\"1szy0nx\" data-start=\"1019\" data-end=\"1061\">Kinnitage need kaasasolevate poltidega<\/li>\n<li data-section-id=\"14u2928\" data-start=\"1062\" data-end=\"1152\">Soovitatav on poldid l\u00f5plikult pingutada alles siis, kui k\u00f5ik poldid on \u00f5igesti paigas<\/li>\n<li data-section-id=\"1ktfm2\" data-start=\"1153\" data-end=\"1228\">Kinnitage jalgadele 8 isekleepuvat pehmenduspatja, nagu pildil n\u00e4idatud<\/li>\n<li data-section-id=\"szy47r\" data-start=\"1229\" data-end=\"1285\">Sisestage rattad jalgade otstes olevatesse aukudesse<\/li>\n<li data-section-id=\"90g3qg\" data-start=\"1286\" data-end=\"1354\">Kinnitage rattad mutrite ja seibidega ning pingutage rattapoldid<\/li>\n<\/ul>\n<p><\/p>\n<p data-start=\"1356\" data-end=\"1430\">Lukustatavad rattad peavad paiknema k\u00f5rvuti ning asuma grilli esiosas<\/p>\n\t\t\t\t\t\t\t\t<\/div>\n\t\t\t\t<\/div>\n\t\t\t\t<div class=\"elementor-element elementor-element-a1cb343 elementor-widget elementor-widget-image\" data-id=\"a1cb343\" data-element_type=\"widget\" data-e-type=\"widget\" data-widget_type=\"image.default\">\n\t\t\t\t<div class=\"elementor-widget-container\">\n\t\t\t\t\t\t\t\t\t\t\t\t\t\t\t<img fetchpriority=\"high\" decoding=\"async\" width=\"1078\" height=\"457\" src=\"https:\/\/dreamfiregrill.com\/wp-content\/uploads\/2023\/09\/jalaraam-1.png\" class=\"attachment-full size-full wp-image-12977\" alt=\"\" srcset=\"https:\/\/dreamfiregrill.com\/wp-content\/uploads\/2023\/09\/jalaraam-1.png 1078w, https:\/\/dreamfiregrill.com\/wp-content\/uploads\/2023\/09\/jalaraam-1-500x212.png 500w, https:\/\/dreamfiregrill.com\/wp-content\/uploads\/2023\/09\/jalaraam-1-700x297.png 700w, https:\/\/dreamfiregrill.com\/wp-content\/uploads\/2023\/09\/jalaraam-1-300x127.png 300w, https:\/\/dreamfiregrill.com\/wp-content\/uploads\/2023\/09\/jalaraam-1-1024x434.png 1024w, https:\/\/dreamfiregrill.com\/wp-content\/uploads\/2023\/09\/jalaraam-1-768x326.png 768w\" sizes=\"(max-width: 1078px) 100vw, 1078px\" title=\"\">\t\t\t\t\t\t\t\t\t\t\t\t\t\t\t<\/div>\n\t\t\t\t<\/div>\n\t\t\t\t<div class=\"elementor-element elementor-element-cf07088 elementor-widget elementor-widget-text-editor\" data-id=\"cf07088\" data-element_type=\"widget\" data-e-type=\"widget\" data-widget_type=\"text-editor.default\">\n\t\t\t\t<div class=\"elementor-widget-container\">\n\t\t\t\t\t\t\t\t\t<h4 data-section-id=\"8d7v9i\" data-start=\"0\" data-end=\"30\">2. K\u00fcljelaudade kinnitused<\/h4>\n<p><\/p>\n<ul data-start=\"32\" data-end=\"289\" data-is-last-node=\"\" data-is-only-node=\"\">\n<li data-section-id=\"1izklea\" data-start=\"32\" data-end=\"122\">Keerake lahti keraamilise korpuse allosas oleva metallv\u00f6\u00f6 m\u00f5lemal k\u00fcljel olevad mutrid<\/li>\n<li data-section-id=\"dhs9ec\" data-start=\"123\" data-end=\"161\">Asetage lauainnitused poltidele<\/li>\n<li data-section-id=\"1kp69ls\" data-start=\"162\" data-end=\"219\">Veenduge, et kinnituste avaused on suunatud \u00fclespoole<\/li>\n<li data-section-id=\"cwy3j5\" data-start=\"220\" data-end=\"289\" data-is-last-node=\"\">Paigaldage mutrid tagasi ja pingutage need kaasasoleva mutriv\u00f5tmega<\/li>\n<\/ul>\n\t\t\t\t\t\t\t\t<\/div>\n\t\t\t\t<\/div>\n\t\t\t\t<div class=\"elementor-element elementor-element-4a71558 elementor-widget elementor-widget-image\" data-id=\"4a71558\" data-element_type=\"widget\" data-e-type=\"widget\" data-widget_type=\"image.default\">\n\t\t\t\t<div class=\"elementor-widget-container\">\n\t\t\t\t\t\t\t\t\t\t\t\t\t\t\t<img decoding=\"async\" width=\"625\" height=\"348\" src=\"https:\/\/dreamfiregrill.com\/wp-content\/uploads\/2023\/09\/kuljeriiul.png\" class=\"attachment-full size-full wp-image-12988\" alt=\"\" srcset=\"https:\/\/dreamfiregrill.com\/wp-content\/uploads\/2023\/09\/kuljeriiul.png 625w, https:\/\/dreamfiregrill.com\/wp-content\/uploads\/2023\/09\/kuljeriiul-500x278.png 500w, https:\/\/dreamfiregrill.com\/wp-content\/uploads\/2023\/09\/kuljeriiul-300x167.png 300w\" sizes=\"(max-width: 625px) 100vw, 625px\" title=\"\">\t\t\t\t\t\t\t\t\t\t\t\t\t\t\t<\/div>\n\t\t\t\t<\/div>\n\t\t\t\t<div class=\"elementor-element elementor-element-8d101ef elementor-widget elementor-widget-text-editor\" data-id=\"8d101ef\" data-element_type=\"widget\" data-e-type=\"widget\" data-widget_type=\"text-editor.default\">\n\t\t\t\t<div class=\"elementor-widget-container\">\n\t\t\t\t\t\t\t\t\t<h4 data-section-id=\"1uur9hr\" data-start=\"82\" data-end=\"110\">3. Tuleaseme kokkupanek<\/h4>\n<p><\/p>\n<p data-start=\"111\" data-end=\"211\"><em data-start=\"111\" data-end=\"211\">(Olenevalt mudelist \u2013 kui tegemist on \u00fcheosalise tuleasemega, liikuge edasi j\u00e4rgmise sammu juurde)<\/em><\/p>\n<h5 data-section-id=\"f5zoit\" data-start=\"213\" data-end=\"225\">Samm 1<\/h5>\n<p><\/p>\n<p data-start=\"226\" data-end=\"370\">Kinnitage aluspaneel viie tugijala k\u00fclge, kasutades 5 kruvi, nagu on n\u00e4idatud pildil 1.<br data-start=\"313\" data-end=\"316\" \/>Veenduge, et k\u00f5ik kruvid on t\u00e4ielikult kinni keeratud.<\/p>\n<h4 data-section-id=\"z4s70r\" data-start=\"1657\" data-end=\"1681\"><img decoding=\"async\" class=\"aligncenter wp-image-12995 size-full\" src=\"https:\/\/dreamfiregrill.com\/wp-content\/uploads\/2023\/09\/tulease-1.png\" alt=\"\" width=\"525\" height=\"320\" title=\"\" srcset=\"https:\/\/dreamfiregrill.com\/wp-content\/uploads\/2023\/09\/tulease-1.png 525w, https:\/\/dreamfiregrill.com\/wp-content\/uploads\/2023\/09\/tulease-1-500x305.png 500w, https:\/\/dreamfiregrill.com\/wp-content\/uploads\/2023\/09\/tulease-1-300x183.png 300w\" sizes=\"(max-width: 525px) 100vw, 525px\" \/><\/h4>\n<hr data-start=\"372\" data-end=\"375\" \/>\n<h5 data-section-id=\"f5znqe\" data-start=\"377\" data-end=\"389\">Samm 2<\/h5>\n<p><\/p>\n<p data-start=\"390\" data-end=\"542\">Kinnitage \u00fclemine metallr\u00f5ngas tugijalgade k\u00fclge, kasutades 5 kruvi ja mutrit, nagu on n\u00e4idatud pildil 2.<br data-start=\"495\" data-end=\"498\" \/>\u00c4rge pingutage neid mutreid veel t\u00e4ielikult.<\/p>\n<p><\/p>\n<p data-start=\"390\" data-end=\"542\"><img loading=\"lazy\" decoding=\"async\" class=\"aligncenter wp-image-13006 size-full\" src=\"https:\/\/dreamfiregrill.com\/wp-content\/uploads\/2023\/09\/tulease-2.png\" alt=\"\" width=\"510\" height=\"314\" title=\"\" srcset=\"https:\/\/dreamfiregrill.com\/wp-content\/uploads\/2023\/09\/tulease-2.png 510w, https:\/\/dreamfiregrill.com\/wp-content\/uploads\/2023\/09\/tulease-2-500x308.png 500w, https:\/\/dreamfiregrill.com\/wp-content\/uploads\/2023\/09\/tulease-2-300x185.png 300w\" sizes=\"(max-width: 510px) 100vw, 510px\" \/><\/p>\n<p><\/p>\n<hr data-start=\"544\" data-end=\"547\" \/>\n<h5 data-section-id=\"f5zq7b\" data-start=\"549\" data-end=\"561\">Samm 3<\/h5>\n<p><\/p>\n<p data-start=\"562\" data-end=\"642\">Asetage \u00fcheksa keraamilist tuleaseme osa metallraami, nagu on n\u00e4idatud pildil 3.<\/p>\n<p><\/p>\n<p data-start=\"562\" data-end=\"642\"><img loading=\"lazy\" decoding=\"async\" class=\"aligncenter wp-image-13017 size-full\" src=\"https:\/\/dreamfiregrill.com\/wp-content\/uploads\/2023\/09\/tulease-3.png\" alt=\"\" width=\"500\" height=\"313\" title=\"\" srcset=\"https:\/\/dreamfiregrill.com\/wp-content\/uploads\/2023\/09\/tulease-3.png 500w, https:\/\/dreamfiregrill.com\/wp-content\/uploads\/2023\/09\/tulease-3-300x188.png 300w\" sizes=\"(max-width: 500px) 100vw, 500px\" \/><\/p>\n<p><\/p>\n<hr data-start=\"644\" data-end=\"647\" \/>\n<h5 data-section-id=\"f5ziow\" data-start=\"649\" data-end=\"661\">Samm 4<\/h5>\n<p><\/p>\n<p data-start=\"662\" data-end=\"758\">Kinnitage pingutuspolt ja mutter \u00fclemise r\u00f5nga k\u00fclge, nagu on n\u00e4idatud pildil 4, ning pingutage.<\/p>\n<p><\/p>\n<p data-start=\"760\" data-end=\"848\">Pingutage piisavalt, et keraamilised osad p\u00fcsiksid kindlalt paigal, kuid mitte liigselt.<\/p>\n<p><\/p>\n<p data-start=\"850\" data-end=\"928\">J\u00e4tke keraamilistele osadele paisumisruumi, et v\u00e4ltida nende pragunemist.<\/p>\n<p><\/p>\n<p data-start=\"930\" data-end=\"982\">L\u00f5puks pingutage 5 mutrit, mis paigaldati 2. sammus.<\/p>\n<p><\/p>\n<p data-start=\"930\" data-end=\"982\"><img loading=\"lazy\" decoding=\"async\" class=\"aligncenter wp-image-13028 size-full\" src=\"https:\/\/dreamfiregrill.com\/wp-content\/uploads\/2023\/09\/tulease-4.png\" alt=\"\" width=\"502\" height=\"309\" title=\"\" srcset=\"https:\/\/dreamfiregrill.com\/wp-content\/uploads\/2023\/09\/tulease-4.png 502w, https:\/\/dreamfiregrill.com\/wp-content\/uploads\/2023\/09\/tulease-4-500x308.png 500w, https:\/\/dreamfiregrill.com\/wp-content\/uploads\/2023\/09\/tulease-4-300x185.png 300w\" sizes=\"(max-width: 502px) 100vw, 502px\" \/><\/p>\n<p><\/p>\n<hr data-start=\"984\" data-end=\"987\" \/>\n<h4 data-section-id=\"159e1r6\" data-start=\"989\" data-end=\"1009\">L\u00f5plik kokkupanek<\/h4>\n<p><\/p>\n<p data-start=\"1011\" data-end=\"1089\">Eemaldage k\u00f5ik osad keraamilise korpuse seest enne selle jalaraamile t\u00f5stmist.<\/p>\n<p><\/p>\n<p data-start=\"1091\" data-end=\"1266\">Kamado on raske ja selle t\u00f5stmiseks on vaja kahte inimest.<br data-start=\"1149\" data-end=\"1152\" \/>T\u00f5stmiseks kasutage k\u00fcljeriiuli kinnitusi.<\/p>\n<p><\/p>\n<p data-start=\"1268\" data-end=\"1321\">Veenduge, et grill p\u00fcsib t\u00f5stmise ajal tasakaalus.<\/p>\n<ul data-start=\"1323\" data-end=\"1466\">\n<li data-section-id=\"1a8dn98\" data-start=\"1323\" data-end=\"1353\">Asetage Kamado jalaraamile<\/li>\n<li data-section-id=\"hsnvca\" data-start=\"1354\" data-end=\"1408\">Veenduge, et lukustatavad rattad on grilli esiosas<\/li>\n<li data-section-id=\"ccp6w3\" data-start=\"1409\" data-end=\"1466\">Veenduge, et alumine siiber asub jalgade vahel keskel<\/li>\n<\/ul>\n<p><\/p>\n<p data-start=\"1468\" data-end=\"1510\">Sulgege kaas ja paigaldage \u00fclemine siiber.<\/p>\n<p><\/p>\n<p data-start=\"1512\" data-end=\"1582\">Kinnitage k\u00e4epide kaane k\u00fclge (hinge vastask\u00fcljel \u2013 grilli esik\u00fcljel).<\/p>\n<p><\/p>\n<hr data-start=\"1584\" data-end=\"1587\" \/>\n<h4 data-section-id=\"7f28t2\" data-start=\"1589\" data-end=\"1610\">Sisemine paigaldus<\/h4>\n<p><\/p>\n<ul data-start=\"1612\" data-end=\"1826\">\n<li data-section-id=\"1wobozq\" data-start=\"1612\" data-end=\"1678\">Asetage tulease grilli sisse (kas mitmeosaline v\u00f5i \u00fcheosaline)<\/li>\n<li data-section-id=\"13gpfit\" data-start=\"1679\" data-end=\"1717\">Paigaldage s\u00f6ekorv tuleaseme sisse<\/li>\n<li data-section-id=\"1408bhz\" data-start=\"1718\" data-end=\"1782\">Asetage LUX mitmetasandiline k\u00fcpsetuss\u00fcsteem tuleaseme peale<\/li>\n<li data-section-id=\"ri7vtq\" data-start=\"1783\" data-end=\"1826\">Lisage kuumuse hajutajad ja grillrestid<img loading=\"lazy\" decoding=\"async\" class=\"aligncenter wp-image-13036 size-full\" src=\"https:\/\/dreamfiregrill.com\/wp-content\/uploads\/2023\/09\/komplekteerimine.png\" alt=\"\" width=\"215\" height=\"639\" title=\"\" srcset=\"https:\/\/dreamfiregrill.com\/wp-content\/uploads\/2023\/09\/komplekteerimine.png 215w, https:\/\/dreamfiregrill.com\/wp-content\/uploads\/2023\/09\/komplekteerimine-101x300.png 101w\" sizes=\"(max-width: 215px) 100vw, 215px\" \/><\/li>\n<\/ul>\n\t\t\t\t\t\t\t\t<\/div>\n\t\t\t\t<\/div>\n\t\t\t\t\t<\/div>\n\t\t<\/div>\n\t\t\t\t\t<\/div>\n\t\t<\/section>\n\t\t\t\t<\/div>\n\t\t","protected":false},"excerpt":{"rendered":"<p>Eemaldage hoolikalt kogu pakend ning hoidke kasutusjuhend edaspidiseks alles. Enne grilli kasutamist lugege k\u00e4esolev kasutusjuhend t\u00e4helepanelikult l\u00e4bi ja j\u00e4rgige k\u00f5iki ohutusjuhiseid. Ohutusjuhised \u00dcldine kasutamine See Kamado on m\u00f5eldud kasutamiseks ainult v\u00e4listingimustes. \u00c4rge kasutage seda siseruumides, r\u00f5dudel, paatides ega kinnistes ruumides, v\u00e4lja arvatud juhul, kui ala vastab t\u00e4ielikult k\u00f5ikidele tuleohutusn\u00f5uetele. Hoidke lapsed ja lemmikloomad kuuma grilli [&hellip;]<\/p>\n","protected":false},"author":51,"featured_media":0,"parent":0,"menu_order":0,"comment_status":"closed","ping_status":"closed","template":"","meta":{"footnotes":""},"class_list":["post-16234","page","type-page","status-publish","hentry"],"blocksy_meta":[],"_links":{"self":[{"href":"https:\/\/dreamfiregrill.com\/et\/wp-json\/wp\/v2\/pages\/16234","targetHints":{"allow":["GET"]}}],"collection":[{"href":"https:\/\/dreamfiregrill.com\/et\/wp-json\/wp\/v2\/pages"}],"about":[{"href":"https:\/\/dreamfiregrill.com\/et\/wp-json\/wp\/v2\/types\/page"}],"author":[{"embeddable":true,"href":"https:\/\/dreamfiregrill.com\/et\/wp-json\/wp\/v2\/users\/51"}],"replies":[{"embeddable":true,"href":"https:\/\/dreamfiregrill.com\/et\/wp-json\/wp\/v2\/comments?post=16234"}],"version-history":[{"count":9,"href":"https:\/\/dreamfiregrill.com\/et\/wp-json\/wp\/v2\/pages\/16234\/revisions"}],"predecessor-version":[{"id":16278,"href":"https:\/\/dreamfiregrill.com\/et\/wp-json\/wp\/v2\/pages\/16234\/revisions\/16278"}],"wp:attachment":[{"href":"https:\/\/dreamfiregrill.com\/et\/wp-json\/wp\/v2\/media?parent=16234"}],"curies":[{"name":"wp","href":"https:\/\/api.w.org\/{rel}","templated":true}]}}