{"id":10078,"date":"2021-04-21T09:32:32","date_gmt":"2022-05-20T10:59:25","guid":{"rendered":"https:\/\/dreamfiregrill.com\/product\/dreamfire-kamado-smokey-ii\/"},"modified":"2024-05-08T11:37:50","modified_gmt":"2024-05-08T08:37:50","slug":"dreamfire-kamado-smokey-ii","status":"publish","type":"product","link":"https:\/\/dreamfiregrill.com\/et\/toode\/dreamfire-kamado-smokey-ii\/","title":{"rendered":"Dreamfire Kamado Smokey II"},"content":{"rendered":"<p><strong>Dreamfire Kamado Smokey II\u00a0<\/strong>on unikaalne tippklassi kamado j\u00e4rgnevate omaduste ja lisadega:<\/p>\n<p>&nbsp;<\/p>\n<p><strong>Kolmetasandiline uuendatud k\u00fcpsetus\u00fcsteem LUX PRO<\/strong> \u2013 Kolm tasandit,\u00a0 6 <em>heavy-duty\u00a0<\/em>poolkuu roostevabast terasest resti, kaks keraamilist poolkuu deflektorplaati ja mugavad k\u00e4epidemed kogu s\u00fcsteemi t\u00f5stmiseks \u2013 see teeb Dreamfire Kamado Smokey II t\u00f5eliselt paindlikuks grilliks, kus saad kasutada reste ja deflektoreid k\u00fcmnetes eri konfiguratsioonides.<\/p>\n<p><strong>Uue disainiga\u00a0<em>FeatherTouch<\/em>\u00a0hing<\/strong> \u2013 revolutsiooniline uue disainiga hing, mis teeb kaane avamise sulgkergeks.<\/p>\n<p><strong>Roostevabast terasest s\u00f6ekorv \u2013\u00a0<\/strong>Dreamfire Kamado Smokey II komplektis sisaldub lihtsalt kasutatav s\u00f6ekorv, t\u00e4nu millele saab mugavalt lahti \u00fcleliigsest tuhast s\u00f6e vahel, kindlustades s\u00f6ele perfektse \u00f5huvoolu. Enne kamado kasutamist t\u00f5sta s\u00f6ekorv grillist v\u00e4lja, raputa tuhk ja pisike s\u00f6epuru v\u00e4lja ning aseta korv tagasi tuleaseme sisse. S\u00f6ekorviga ei teki iial probleemi, et s\u00f6erest oleks tuhakihi all, mis takistaks s\u00fctt efektiivselt p\u00f5lemast.<\/p>\n<p><strong>Suitsutuslaastu ja -klotsi lisamise ava keres<\/strong> \u2013 Lisa suitsulaaste\/klotse\/pelleteid mugavalt l\u00e4bi spetsiaalse avause Dreamfire Kamado Smokey II keres. Enam ei ole tarvis avada oma grilli kaant ja v\u00f5tta grillist v\u00e4lja kogu restis\u00fcsteem vaid selleks, et lisada suitsutuslaastu. T\u00e4nu sellele p\u00fcsib niiskus, suits ja loomulikult ka kuumus grilli sees ja ei l\u00e4he asjatult kaduma.<\/p>\n<p><strong>Dreamfire Meatspotter 100 Bluetooth termomeeter \u2013\u00a0<\/strong>Meie Bluetooth termomeeter Meatspotter 100 annab grillijale meelerahu ning v\u00f5imaluse tegeleda muude asjadega samal ajal, kui Smokey II valmistab j\u00e4rjekordset maitsvat rooga. Kui kas grilli temperatuuri v\u00f5i toidu sisetemperatuur saavutab etteantud kraadi, siis Meatspotteri app telefonis annab sellest teada.\u00a0 Olles grillist eemal saab toimuvat j\u00e4lgida telefonist ning grilli k\u00f5rval olles n\u00e4eb temperatuure suure taustavalgusega ekraani pealt.<\/p>\n<p><strong>Mitmeosaline keraamiline tulepesa \u2013\u00a0<\/strong>Dreamfire Kamado Smokey II on unikaalse mitmeosalise tulepesaga. Mitmeosaline tulepesa talub suuri temperatuurimuutuseid, t\u00e4nu millele ei pea enam iial muretsema sisemise keraamika purunemisele nagu klassikalise kamado tuleasemega. Metallraam teeb mugavaks tulepesa grillist v\u00e4lja t\u00f5stmise juhul, kui grilli on vaja transportida v\u00f5i p\u00f5hjalikult puhastada.<\/p>\n<p><strong>Vihmakate \u2013\u00a0<\/strong>Dreamfire Kamado Smokey II komplektis sisaldub kvaliteetne vihmakate, mis hoiab grilli puhtana ja kaitseb seda UV kiirguse, vihma, lume ja (\u00f5ie)tolmu eest.<\/p>\n<p><strong>Suitsutuslaastu lisamise vahend ja tuharoop \u2013\u00a0<\/strong>Komplektis on metallist spetsiaalne tuharoop mugavaks tuha eemaldamiseks ning spetsiaalne vahend suitsutuslaastude lisamiseks kere avausse.<\/p>\n<p><strong>Katusega \u00fclemine siiber roostevabast terasest <\/strong>\u2013 Dreamfire Kamado Smokey II \u00fclemine katusega siiber kaitseb grilli sisemust vihma ees ning annab konkurentsitult parima kontrolli grilli \u00fcle. Siibril on kuumakindel k\u00e4epide, tagamaks muretu kuumuse reguleerimise.<\/p>\n<p><strong>Ekstratugevad roostevabast terasest restid \u2013\u00a0<\/strong>Dreamfire Kamado Smokey II grillil on ainukesena Dreamfire valikust erakordselt paksust roostevabast terasest restid, mis k\u00e4ituvad sarnaselt malmile soojuse salvestamises. Antud restidel on \u00e4\u00e4rmiselt pikk eluiga t\u00e4nu paksule materjalile. Roostevabad poolkuu reste on mugav puhastada ning need ei paindu ega sula.<\/p>\n<p><strong>Roostevabad detailid \u2013\u00a0<\/strong>Smokey II kamadol on k\u00f5rgkvaliteetsed 304 roostevabast terasest osad, sealhulgas siibrid, raam, k\u00e4epide ja metallv\u00f6\u00f6d. Roostevabast terasest osadega ei pea muretsema, et kamadol l\u00e4heks juba m\u00f5ne kuuga metallosad rooste.<\/p>\n<p><strong>Roostevabast terasest raam koos ekstra vastupidavate ratastega \u2013\u00a0<\/strong>Dreamfire Kamado Smokey II komplektis on tugev roostevaba jalaraam, millel on kvaliteetsed rattad. T\u00e4nu sellele on kamadol stiilne kodu ja seda saab h\u00f5lpsasti liigutada.<\/p>\n<p><strong>Ekstra paks ja tihe keraamika \u2013\u00a0<\/strong>Dreamfire Kamado Smokey II keraamiline kere on tehtud ekstra paksust ja ekstra tihedast keraamikast, mis teeb Smokey II eriti vastupidavaks ning paremini soojust hoidvaks kui teised kamado t\u00fc\u00fcpi grillid. Paks keraamika hoiab ka grilli v\u00e4lispinna jahedamana kui metallist grillidel, mis teeb omakorda kamado ka ohutuimaks grillit\u00fc\u00fcbiks.<\/p>\n<p><strong>Ekstra efektiivne tihend kere ja kaane vahel \u2013<\/strong> Kvaliteetne tihend t\u00e4hendab, et kogu grillis olev \u00f5hk on Sinu kontrolli all l\u00e4bi siibrite reguleerimise. T\u00e4nu sellele on k\u00fcpsetamisprotsess lihtne kuna temperatuur ei k\u00f5igu. Samuti t\u00e4hendab see seda, et p\u00e4rast k\u00fcpsetamise l\u00f5petamist kustub allesj\u00e4\u00e4nud grills\u00fcsi \u00e4ra vaid minutitega v\u00e4hendades m\u00e4rgatavalt s\u00f6ekulu.<\/p>\n<p><strong>Puidust k\u00fcljelauad riputuskonksudega \u2013\u00a0<\/strong>Eemaldatavad puidust k\u00fcljelauad annavad grillile t\u00f6\u00f6pinda, kuhu saab mugavalt asetada tarvikuid. Konksude otsa saab mugavalt riputada oma tangid, labidad, laastude lisamise vahendi ja palju muud.<\/p>\n<p><strong>Lihtne monteerida \u2013\u00a0<\/strong>Dreamfire Kamado Smokey II on suures osas eelmonteeritud pakendis, mis t\u00e4hendab, et grillile peab panema vaid raami kokku, komplekteerima tuleaseme ning keerama k\u00e4epideme ja k\u00fcljelauad k\u00fclge. K\u00f5ik muu on juba eelmonteeritud ehk kamado saab kokku juba alla 30 minutiga.<\/p>\n<p>&nbsp;<\/p>\n<p><strong>Dreamfire Kamado Smokey II<\/strong> on sobilik terrassidele ja koduaedadesse ning see on \u00fchtlasi k\u00f5ige populaarsem kamado suurus. Sel grillil on v\u00f5imalik valmistada n\u00e4iteks ~14-16 sea sisefileed korraga (12-15+ inimest). Grillil on piisavalt ruumi, et valmistada korraga liha, juurvilju ja muid k\u00f5rvalroogasid. Smokey II sobib ideaalselt ka v\u00e4iksematesse toidukohtadesse BBQ pakkumiseks.<\/p>\n<p><strong>Dreamfire Kamado Smokey II\u00a0<\/strong>ekstra paks keraamiline kere hoiustab efektiivselt niiskust ja suitsu, t\u00e4nu millele j\u00e4\u00e4b toit eriti pehme ja maitsev. Kere p\u00fcsib v\u00e4ljast jahedam kui tavalisel grillil ning on seet\u00f5ttu ka ohutum. T\u00e4nu paksule keraamikale on Dreamfire Kamado Smokey II ideaalne kasutamiseks kasv\u00f5i s\u00fcdatalvel k\u00f5va pakasega. Dreamfire Kamado Smokey II hoiab stabiilset temperatuuri pikki tunde ilma erilist reguleerimist vajamata \u2013 suitsuta sinki v\u00f5i k\u00fcpseta rebitud liha korraga kuni 20 tundi ilma mureta. Kuna Smokey II on eriti soojusefektiivne, siis Smokey II kulutab v\u00f5rreldes tavagrilliga kordades v\u00e4hem s\u00fctt. Grilli ovaalne kuju teeb sisemise \u00f5huvoolu k\u00fcpsetamise jaoks ideaalseks.<\/p>\n<p><strong>Piiratud eluaegne garantii <\/strong>\u2013 Piiratud eluaegne garantii keraamilisele kerele.<\/p>\n<p>&nbsp;<\/p>\n<p><strong>Spetsifikatsioon:<\/strong><\/p>\n<ul>\n<li>V\u00e4rv:\u00a0<em>Night Sky\u00a0<\/em>(\u00d6ine taevas)<\/li>\n<li>Kere v\u00e4lidiameeter: 56,5cm (22\u201d)<\/li>\n<li>Kere sisediameeter: 50cm (20\u201d)<\/li>\n<li>Resti diameeter: 47cm (19\u201d)<\/li>\n<li>K\u00fcpsetusala \u00fchel tasandil: 1735 cm<sup>2<\/sup><\/li>\n<li>K\u00fcpsetusala kolmel tasandil kokku LUX PRO s\u00fcsteemiga: 5205 cm<sup>2<\/sup><\/li>\n<li>Piiratud eluaegne garantii<\/li>\n<li>Eksklusiivne sileda kerega disain<\/li>\n<\/ul>\n<p>Kasutus ja garantiijuhend:\u00a0<a href=\"https:\/\/dreamfiregrill.com\/manuals\/\">https:\/\/dreamfiregrill.com\/manuals\/<\/a><\/p>\n","protected":false},"excerpt":{"rendered":"<p>Dreamfire Kamado Smokey II &#8211; t\u00f5eliselt unikaalne kamado t\u00f5sistele grillimishuvilistele. Smokey II on disainitud t\u00f5sisele grillimise entusiastile, kes hindab iga v\u00e4ikest detaili ning ootab oma kamadolt nii parimaid materjale, kui ka \u00fclimat funktsionaalsust. Smokey II on maailmas ainulaadne kolmekordse k\u00fcpsetuss\u00fcsteemiga kamado, mille kuue poolkuu k\u00fcpsetusrestiga on v\u00f5imalik tekitada hulgaliselt erinevaid kombinatsioone. Smokey II on loodud grillif\u00e4nnide poolt teiste grillif\u00e4nnide jaoks.<\/p>\n","protected":false},"featured_media":12686,"template":"","meta":[],"product_brand":[],"product_cat":[91],"product_tag":[],"class_list":{"0":"post-10078","1":"product","2":"type-product","3":"status-publish","4":"has-post-thumbnail","6":"product_cat-grillid","8":"first","9":"instock","10":"taxable","11":"shipping-taxable","12":"purchasable","13":"product-type-simple"},"_links":{"self":[{"href":"https:\/\/dreamfiregrill.com\/et\/wp-json\/wp\/v2\/product\/10078","targetHints":{"allow":["GET"]}}],"collection":[{"href":"https:\/\/dreamfiregrill.com\/et\/wp-json\/wp\/v2\/product"}],"about":[{"href":"https:\/\/dreamfiregrill.com\/et\/wp-json\/wp\/v2\/types\/product"}],"wp:featuredmedia":[{"embeddable":true,"href":"https:\/\/dreamfiregrill.com\/et\/wp-json\/wp\/v2\/media\/12686"}],"wp:attachment":[{"href":"https:\/\/dreamfiregrill.com\/et\/wp-json\/wp\/v2\/media?parent=10078"}],"wp:term":[{"taxonomy":"product_brand","embeddable":true,"href":"https:\/\/dreamfiregrill.com\/et\/wp-json\/wp\/v2\/product_brand?post=10078"},{"taxonomy":"product_cat","embeddable":true,"href":"https:\/\/dreamfiregrill.com\/et\/wp-json\/wp\/v2\/product_cat?post=10078"},{"taxonomy":"product_tag","embeddable":true,"href":"https:\/\/dreamfiregrill.com\/et\/wp-json\/wp\/v2\/product_tag?post=10078"}],"curies":[{"name":"wp","href":"https:\/\/api.w.org\/{rel}","templated":true}]}}