{"id":10092,"date":"2021-04-22T16:30:54","date_gmt":"2022-05-24T08:11:24","guid":{"rendered":"https:\/\/dreamfiregrill.com\/product\/dreamfire-kamado-comfy-brick\/"},"modified":"2026-03-11T09:07:24","modified_gmt":"2026-03-11T07:07:24","slug":"dreamfire-kamado-comfy-brick","status":"publish","type":"product","link":"https:\/\/dreamfiregrill.com\/et\/toode\/dreamfire-kamado-comfy-brick\/","title":{"rendered":"Dreamfire Kamado Comfy Classic Brick"},"content":{"rendered":"<p>Dreamfire Kamado Comfy on j\u00e4rgmiste omaduste ja lisadega:<\/p>\n<p><strong>Eksklusiivne kuusnurkadest koosnev v\u00e4lidisain \u2013 n\u00fc\u00fcd rohkemates v\u00e4rvides kui eal!<br \/>\n<\/strong>\u00c4ra lepi igavate disainidega \u2013 meie oleme t\u00e4iesti n\u00f5us, et grill on tagaaias lisaks k\u00fcpsetusvahendile ka disainielement. Comfy mudelitega v\u00f5ib kindel olla, et Sinu kamado on unikaalse ja maitseka disainiga, aga samas ei anna hetkekski j\u00e4rgi kvaliteedi ega funktsionaalsuse poolelt.<\/p>\n<p><strong>Kahetasandiline k\u00fcpsetuss\u00fcsteem LUX PRO\u00a0<\/strong>\u2013 Kaks tasandit, neli<em>\u00a0<\/em>poolkuu roostevabast terasest resti, kaks keraamilist poolkuu deflektorplaati ja mugavad k\u00e4epidemed kogu s\u00fcsteemi t\u00f5stmiseks \u2013 see teeb Dreamfire Kamado Comfy t\u00f5eliselt paindlikuks grilliks, kus saad kasutada reste ja deflektoreid k\u00fcmnetes eri konfiguratsioonides.<\/p>\n<p><strong>Uue disainiga <em>FeatherTouch<\/em> hing<\/strong> &#8211; revolutsiooniline uue disainiga hing, mis teeb Comfy Classicu kaane avamise sulgkergeks.<\/p>\n<p><strong>Roostevabast terasest s\u00f6ekorv \u2013\u00a0<\/strong>Dreamfire Kamado Comfy komplektis sisaldub lihtsalt kasutatav s\u00f6ekorv, t\u00e4nu millele saab mugavalt lahti \u00fcleliigsest tuhast s\u00f6e vahel, kindlustades s\u00f6ele perfektse \u00f5huvoolu. Enne kamado kasutamist t\u00f5sta s\u00f6ekorv grillist v\u00e4lja, raputa tuhk ja pisike s\u00f6epuru v\u00e4lja ning aseta korv tagasi tuleaseme sisse. S\u00f6ekorviga ei teki iial probleemi, et s\u00f6erest oleks tuhakihi all, mis takistaks s\u00fctt efektiivselt p\u00f5lemast.<\/p>\n<p><strong>Dreamfire Meatspotter 100 Bluetooth termomeeter \u2013\u00a0<\/strong>Meie Bluetooth termomeeter Meatspotter 100 annab grillijale meelerahu ning v\u00f5imaluse tegeleda muude asjadega samal ajal, kui Smokey II valmistab j\u00e4rjekordset maitsvat rooga. Kui kas grilli temperatuuri v\u00f5i toidu sisetemperatuur saavutab etteantud kraadi, siis Meatspotteri app telefonis annab sellest teada.\u00a0 Olles grillist eemal saab toimuvat j\u00e4lgida telefonist ning grilli k\u00f5rval olles n\u00e4eb temperatuure suure taustavalgusega ekraani pealt.<\/p>\n<p><strong>Mitmeosaline keraamiline tulepesa \u2013\u00a0<\/strong>Dreamfire Kamado Comfy Classic on unikaalse mitmeosalise tulepesaga. Mitmeosaline tulepesa talub suuri temperatuurimuutuseid, t\u00e4nu millele ei pea enam iial muretsema sisemise keraamika purunemisele nagu klassikalise kamado tuleasemega. Metallraam teeb mugavaks tulepesa grillist v\u00e4lja t\u00f5stmise juhul, kui grilli on vaja transportida v\u00f5i p\u00f5hjalikult puhastada.<\/p>\n<p><strong>Vihmakate \u2013<\/strong>\u00a0komplektis sisaldub kvaliteetne vihmakate, mis hoiab grilli puhtana ja kaitseb seda UV kiirguse, vihma, lume ja (\u00f5ie)tolmu eest.<\/p>\n<p><strong>Dreamfire tuharoop\u00a0<\/strong>\u2013 Teeb grillist alumisest sahtlist tuha eemaldamise lihtsaks. Sobib h\u00e4sti ka s\u00f6e segamiseks grilli sees!<\/p>\n<p><strong>Roostevabast terasest \u00fclemine siiber katusega \u2013\u00a0<\/strong>Comfy \u00fclemisel siibril on pikk k\u00e4epide koos kuumuskindla otsaga, mis tagab selle lihtsa ja ohutu kasutamise. Kvaliteetne roostevaba teras annab sellele suurep\u00e4rase vastupidavuse ja vihmakatus teeb grilli v\u00e4ljas hoidmise muretuks aastaringselt. Olgu kui vihmane tahes \u00f5ues, grill j\u00e4\u00e4b seest kuivaks.<\/p>\n<p><strong>Tugevad roostevabast terasest restid \u2013 <\/strong>Dreamfire Kamado Comfy grillil on paksud roostevabast terasest restid. Antud restidel on \u00e4\u00e4rmiselt pikk eluiga t\u00e4nu paksule materjalile. Roostevabad poolkuu reste on mugav puhastada ning need ei paindu ega sula.<\/p>\n<p><strong>Roostevabast terasest raam koos ekstra vastupidavate ratastega \u2013\u00a0<\/strong>Dreamfire Kamado Comfy Classic komplektis on tugev roostevaba jalaraam, millel on kvaliteetsed rattad. T\u00e4nu sellele on kamadol stiilne kodu ja seda saab h\u00f5lpsasti liigutada.<\/p>\n<p><strong>Roostevabad detailid \u2013\u00a0<\/strong>Comfy kamadol on k\u00f5rgkvaliteetsed 304 roostevabast terasest osad, sealhulgas siibrid, raam ja metallv\u00f6\u00f6d. Roostevabast terasest osadega ei pea muretsema, et kamadol l\u00e4heks juba m\u00f5ne kuuga metallosad rooste.<\/p>\n<p><strong>Ekstra paks ja tihe keraamika \u2013\u00a0<\/strong>Dreamfire Kamado Comfy keraamiline kere on tehtud ekstra paksust ja ekstra tihedast keraamikast, mis teeb Comfy eriti vastupidavaks ning paremini soojust hoidvaks kui teised kamado t\u00fc\u00fcpi grillid. Paks keraamika hoiab ka grilli v\u00e4lispinna jahedamana kui metallist grillidel, mis teeb omakorda kamado ka ohutumaks grillit\u00fc\u00fcbiks.<\/p>\n<p><strong>Ekstra efektiivne tihend kere ja kaane vahel \u2013<\/strong>\u00a0Kvaliteetne tihend t\u00e4hendab, et kogu grillis olev \u00f5hk on Sinu kontrolli all l\u00e4bi siibrite reguleerimise. T\u00e4nu sellele on k\u00fcpsetamisprotsess lihtne kuna temperatuur ei k\u00f5igu. Samuti t\u00e4hendab see seda, et p\u00e4rast k\u00fcpsetamise l\u00f5petamist kustub allesj\u00e4\u00e4nud grills\u00fcsi \u00e4ra vaid minutitega v\u00e4hendades m\u00e4rgatavalt s\u00f6ekulu.<\/p>\n<p><strong>Puidust k\u00fcljelauad riputuskonksudega \u2013\u00a0<\/strong>Eemaldatavad puidust k\u00fcljelauad annavad grillile t\u00f6\u00f6pinda, kuhu saab mugavalt asetada tarvikuid. Konksude otsa saab mugavalt riputada oma tangid, labidad ja palju muud.<\/p>\n<p>&nbsp;<\/p>\n<p><strong>Piiratud eluaegne garantii\u00a0<\/strong>\u2013 Piiratud eluaegne garantii keraamilisele kerele.<\/p>\n<p><strong>\u00a0<\/strong><\/p>\n<h3>Spetsifikatsioon:<\/h3>\n<ul>\n<li>V\u00e4rvid: <a href=\"https:\/\/dreamfiregrill.com\/et\/toode\/dreamfire-kamado-comfy-black\/\">Must<\/a>, <a href=\"https:\/\/dreamfiregrill.com\/et\/toode\/dreamfire-kamado-comfy-classic-blue\/\">Sinine<\/a>, <a href=\"https:\/\/dreamfiregrill.com\/et\/toode\/dreamfire-kamado-comfy-brick\/\">\u201cTellis\u201d<\/a>, <a href=\"https:\/\/dreamfiregrill.com\/et\/toode\/dreamfire-kamado-comfy-gray\/\">Hall<\/a><\/li>\n<li>Kere v\u00e4lidiameeter: 56,5cm (22\u201d)<\/li>\n<li>Kere sisediameeter: 50cm (20\u201d)<\/li>\n<li>Resti diameeter: 47cm (19\u201d)<\/li>\n<li>K\u00fcpsetusala \u00fchel tasandil: 1735 cm<sup>2<\/sup><\/li>\n<li>K\u00fcpsetusala kaheltasandil kokku LUX PRO s\u00fcsteemiga: 3470 cm<sup>2<\/sup><\/li>\n<li>Piiratud eluaegne garantii<\/li>\n<li>Eksklusiivne kuusnurkse mustriga disain<\/li>\n<\/ul>\n<p>Kasutus ja garantiijuhend:\u00a0<a href=\"https:\/\/dreamfiregrill.com\/manuals\/\">https:\/\/dreamfiregrill.com\/manuals\/<\/a><\/p>\n","protected":false},"excerpt":{"rendered":"<p>Dreamfire Kamado Comfy Classic &#8211; loodud Sinu aeda! Ainulaadne patenteeritud disain ning valik 3 erinevat tooni korpuse vahel teeb Comfy Classicu iga aia p\u00e4rliks. Comfy komplektis tuleb kaasa k\u00f5ik grillimiseks vajalik nagu kahekorruseline k\u00fcpsetuss\u00fcsteem hajutitega, bluetooth termomeeter Meatspotter 100, vihmakate, mitmeosaline tulease ja palju muud. Comfy Classic pakub peale ilusa disaini ka erakordselt h\u00e4id k\u00fcpsetusomadusi &#8211; mahlane liha, karamelliseeritud juurviljad, kr\u00f5bedad k\u00fcpsetised \u2013 Dreamfire Kamado Comfy grilliga on ainus limiit enda kujutlusv\u00f5ime!<\/p>\n","protected":false},"featured_media":12306,"template":"","meta":[],"product_brand":[],"product_cat":[91],"product_tag":[],"class_list":{"0":"post-10092","1":"product","2":"type-product","3":"status-publish","4":"has-post-thumbnail","6":"product_cat-grillid","8":"first","9":"instock","10":"taxable","11":"shipping-taxable","12":"purchasable","13":"product-type-simple"},"_links":{"self":[{"href":"https:\/\/dreamfiregrill.com\/et\/wp-json\/wp\/v2\/product\/10092","targetHints":{"allow":["GET"]}}],"collection":[{"href":"https:\/\/dreamfiregrill.com\/et\/wp-json\/wp\/v2\/product"}],"about":[{"href":"https:\/\/dreamfiregrill.com\/et\/wp-json\/wp\/v2\/types\/product"}],"wp:featuredmedia":[{"embeddable":true,"href":"https:\/\/dreamfiregrill.com\/et\/wp-json\/wp\/v2\/media\/12306"}],"wp:attachment":[{"href":"https:\/\/dreamfiregrill.com\/et\/wp-json\/wp\/v2\/media?parent=10092"}],"wp:term":[{"taxonomy":"product_brand","embeddable":true,"href":"https:\/\/dreamfiregrill.com\/et\/wp-json\/wp\/v2\/product_brand?post=10092"},{"taxonomy":"product_cat","embeddable":true,"href":"https:\/\/dreamfiregrill.com\/et\/wp-json\/wp\/v2\/product_cat?post=10092"},{"taxonomy":"product_tag","embeddable":true,"href":"https:\/\/dreamfiregrill.com\/et\/wp-json\/wp\/v2\/product_tag?post=10092"}],"curies":[{"name":"wp","href":"https:\/\/api.w.org\/{rel}","templated":true}]}}