{"id":10103,"date":"2021-11-01T15:13:57","date_gmt":"2022-05-26T07:41:37","guid":{"rendered":"https:\/\/dreamfiregrill.com\/product\/dreamfire-rummivaadist-suitsutusklotsid-2kg\/"},"modified":"2023-07-07T14:58:54","modified_gmt":"2023-07-07T11:58:54","slug":"dreamfire-rummivaadist-suitsutusklotsid-2kg","status":"publish","type":"product","link":"https:\/\/dreamfiregrill.com\/et\/toode\/dreamfire-rummivaadist-suitsutusklotsid-2kg\/","title":{"rendered":"Dreamfire\u00ae rummivaadist suitsutusklotsid 2kg"},"content":{"rendered":"<p>Dreamfire\u00ae rummivaadist suitsutuskoltsid on valmistatud rummivaatide laudadest. Rummivaadist suitsutusklotsid annavad tugevat suitsumaitset. Sobilik kasutada nii kamado grillides kui ka suitsuahjudes. Sobilik sea-, veise- ja kanalihaga.<\/p>\n<p>Suitsutusklotsid on kuubiku kujuga ning iga k\u00fclg on umbes 5cm pikk ning sobivad seet\u00f5ttu ideaalselt s\u00f6egrillis s\u00fcte vahele panemiseks. Klotside suurus pakendis v\u00f5ib varieeruda. Klotse v\u00f5ib enne vees leotada v\u00f5i panna kuivana s\u00fcte vahele.<\/p>\n","protected":false},"excerpt":{"rendered":"<p>Dreamfire\u00ae rummivaadist suitsutuskoltsid on valmistatud rummivaatide laudadest. Rummivaadist suitsutusklotsid annavad tugevat suitsumaitset. Sobilik kasutada nii kamado grillides kui ka suitsuahjudes. Sobilik sea-, veise- ja kanalihaga. Suitsutusklotsid on kuubiku kujuga ning iga k\u00fclg on umbes 5cm pikk ning sobivad seet\u00f5ttu ideaalselt s\u00f6egrillis s\u00fcte vahele panemiseks. Klotside suurus pakendis v\u00f5ib varieeruda. Klotse v\u00f5ib enne vees leotada v\u00f5i [&hellip;]<\/p>\n","protected":false},"featured_media":11737,"template":"","meta":[],"product_brand":[],"product_cat":[142],"product_tag":[],"class_list":{"0":"post-10103","1":"product","2":"type-product","3":"status-publish","4":"has-post-thumbnail","6":"product_cat-susi-ja-suitsutamistarvikud","8":"first","9":"outofstock","10":"taxable","11":"shipping-taxable","12":"purchasable","13":"product-type-simple"},"_links":{"self":[{"href":"https:\/\/dreamfiregrill.com\/et\/wp-json\/wp\/v2\/product\/10103","targetHints":{"allow":["GET"]}}],"collection":[{"href":"https:\/\/dreamfiregrill.com\/et\/wp-json\/wp\/v2\/product"}],"about":[{"href":"https:\/\/dreamfiregrill.com\/et\/wp-json\/wp\/v2\/types\/product"}],"wp:featuredmedia":[{"embeddable":true,"href":"https:\/\/dreamfiregrill.com\/et\/wp-json\/wp\/v2\/media\/11737"}],"wp:attachment":[{"href":"https:\/\/dreamfiregrill.com\/et\/wp-json\/wp\/v2\/media?parent=10103"}],"wp:term":[{"taxonomy":"product_brand","embeddable":true,"href":"https:\/\/dreamfiregrill.com\/et\/wp-json\/wp\/v2\/product_brand?post=10103"},{"taxonomy":"product_cat","embeddable":true,"href":"https:\/\/dreamfiregrill.com\/et\/wp-json\/wp\/v2\/product_cat?post=10103"},{"taxonomy":"product_tag","embeddable":true,"href":"https:\/\/dreamfiregrill.com\/et\/wp-json\/wp\/v2\/product_tag?post=10103"}],"curies":[{"name":"wp","href":"https:\/\/api.w.org\/{rel}","templated":true}]}}