{"id":10106,"date":"2021-04-22T17:08:44","date_gmt":"2022-05-26T07:49:24","guid":{"rendered":"https:\/\/dreamfiregrill.com\/product\/dreamfire-grillimismatt-40x33cm\/"},"modified":"2024-02-20T13:57:51","modified_gmt":"2024-02-20T11:57:51","slug":"dreamfire-grillimismatt-40x33cm","status":"publish","type":"product","link":"https:\/\/dreamfiregrill.com\/et\/toode\/dreamfire-grillimismatt-40x33cm\/","title":{"rendered":"Dreamfire grillimismatt 40x33cm"},"content":{"rendered":"<p>Dreamfire grillimismatt on m\u00f5eldud kasutamiseks k\u00f5ikide grillide peal v\u00f5i ahjus. Aseta grillmatt grilli peale ning toit k\u00fcpsetusmatile.<\/p>\n<p>Talub temperatuure -40\u00b0 kuni +250\u00b0C<\/p>\n<p>100% toidukvaliteediga silikoon<\/p>\n<p>Alternatiiv \u00fchekordsele k\u00fcpsetuspaberile<\/p>\n<p>Lihtne puhastada<\/p>\n","protected":false},"excerpt":{"rendered":"<p>Dreamfire grillimismatt on m\u00f5eldud kasutamiseks k\u00f5ikide grillide peal v\u00f5i ahjus. Aseta grillmatt grilli peale ning toit k\u00fcpsetusmatile.<\/p>\n<p>Talub temperatuure -40\u00b0 kuni +250\u00b0C<\/p>\n<p>100% toidukvaliteediga silikoon<\/p>\n<p>Alternatiiv \u00fchekordsele k\u00fcpsetuspaberile<\/p>\n<p>Lihtne puhastada<\/p>\n","protected":false},"featured_media":9713,"template":"","meta":[],"product_brand":[],"product_cat":[92],"product_tag":[],"class_list":{"0":"post-10106","1":"product","2":"type-product","3":"status-publish","4":"has-post-thumbnail","6":"product_cat-lisavarustus","8":"first","9":"instock","10":"taxable","11":"shipping-taxable","12":"purchasable","13":"product-type-simple"},"_links":{"self":[{"href":"https:\/\/dreamfiregrill.com\/et\/wp-json\/wp\/v2\/product\/10106","targetHints":{"allow":["GET"]}}],"collection":[{"href":"https:\/\/dreamfiregrill.com\/et\/wp-json\/wp\/v2\/product"}],"about":[{"href":"https:\/\/dreamfiregrill.com\/et\/wp-json\/wp\/v2\/types\/product"}],"wp:featuredmedia":[{"embeddable":true,"href":"https:\/\/dreamfiregrill.com\/et\/wp-json\/wp\/v2\/media\/9713"}],"wp:attachment":[{"href":"https:\/\/dreamfiregrill.com\/et\/wp-json\/wp\/v2\/media?parent=10106"}],"wp:term":[{"taxonomy":"product_brand","embeddable":true,"href":"https:\/\/dreamfiregrill.com\/et\/wp-json\/wp\/v2\/product_brand?post=10106"},{"taxonomy":"product_cat","embeddable":true,"href":"https:\/\/dreamfiregrill.com\/et\/wp-json\/wp\/v2\/product_cat?post=10106"},{"taxonomy":"product_tag","embeddable":true,"href":"https:\/\/dreamfiregrill.com\/et\/wp-json\/wp\/v2\/product_tag?post=10106"}],"curies":[{"name":"wp","href":"https:\/\/api.w.org\/{rel}","templated":true}]}}