{"id":10109,"date":"2021-04-22T16:58:37","date_gmt":"2022-05-26T08:22:49","guid":{"rendered":"https:\/\/dreamfiregrill.com\/product\/dreamfire-kupsetussusteem-lux-pro\/"},"modified":"2023-07-07T14:59:00","modified_gmt":"2023-07-07T11:59:00","slug":"dreamfire-kupsetussusteem-lux-pro","status":"publish","type":"product","link":"https:\/\/dreamfiregrill.com\/et\/toode\/dreamfire-kupsetussusteem-lux-pro\/","title":{"rendered":"Dreamfire\u00ae k\u00fcpsetuss\u00fcsteem LUX PRO"},"content":{"rendered":"<p>Dreamfire\u00ae LUX PRO k\u00fcpsetuss\u00fcsteemid on disainitud Eestis ja valmistatud eriti paksust roostevabast metallist. K\u00fcpsetuss\u00fcsteemiga saad oma grilli pinda suurendada ning paremni kontrollida temperatuuri.<\/p>\n","protected":false},"excerpt":{"rendered":"<p>Komplekt sisaldab:<\/p>\n<p>-2 tk poolkuu k\u00fcpsetusrest<br \/>\n-2tk poolkuu keraamiline kuumusehajutaja<br \/>\n-1 tk poti\/woki hoidmise r\u00f5ngas<br \/>\n-Tugevast ja ekstra paksust roostevabast terasest k\u00fcpsetuss\u00fcsteemi raam t\u00f5stesangadega<\/p>\n","protected":false},"featured_media":11571,"template":"","meta":[],"product_brand":[],"product_cat":[92],"product_tag":[],"class_list":{"0":"post-10109","1":"product","2":"type-product","3":"status-publish","4":"has-post-thumbnail","6":"product_cat-lisavarustus","8":"first","9":"instock","10":"taxable","11":"shipping-taxable","12":"purchasable","13":"product-type-simple"},"_links":{"self":[{"href":"https:\/\/dreamfiregrill.com\/et\/wp-json\/wp\/v2\/product\/10109","targetHints":{"allow":["GET"]}}],"collection":[{"href":"https:\/\/dreamfiregrill.com\/et\/wp-json\/wp\/v2\/product"}],"about":[{"href":"https:\/\/dreamfiregrill.com\/et\/wp-json\/wp\/v2\/types\/product"}],"wp:featuredmedia":[{"embeddable":true,"href":"https:\/\/dreamfiregrill.com\/et\/wp-json\/wp\/v2\/media\/11571"}],"wp:attachment":[{"href":"https:\/\/dreamfiregrill.com\/et\/wp-json\/wp\/v2\/media?parent=10109"}],"wp:term":[{"taxonomy":"product_brand","embeddable":true,"href":"https:\/\/dreamfiregrill.com\/et\/wp-json\/wp\/v2\/product_brand?post=10109"},{"taxonomy":"product_cat","embeddable":true,"href":"https:\/\/dreamfiregrill.com\/et\/wp-json\/wp\/v2\/product_cat?post=10109"},{"taxonomy":"product_tag","embeddable":true,"href":"https:\/\/dreamfiregrill.com\/et\/wp-json\/wp\/v2\/product_tag?post=10109"}],"curies":[{"name":"wp","href":"https:\/\/api.w.org\/{rel}","templated":true}]}}