{"id":10115,"date":"2021-04-22T13:21:42","date_gmt":"2022-05-26T08:35:43","guid":{"rendered":"https:\/\/dreamfiregrill.com\/product\/dreamfire-lepapuust-susi-50l\/"},"modified":"2025-12-02T13:56:40","modified_gmt":"2025-12-02T11:56:40","slug":"dreamfire-lepapuust-susi-50l","status":"publish","type":"product","link":"https:\/\/dreamfiregrill.com\/et\/toode\/dreamfire-lepapuust-susi-50l\/","title":{"rendered":"Dreamfire\u00ae lepapuust s\u00fcsi 50L"},"content":{"rendered":"<p>Dreamfire\u00ae k\u00f5rgekvaliteediline lepapuidust grills\u00fcsi eriti suure fraktsiooniga. Ideaalne s\u00fcsi kodus grillimiseks, restoranides kasutamiseks.<\/p>\n<p>Suur ja \u00fchtlane fraktsioon ning restoranikvaliteet tagab \u00fchtlase kuumuse ja madala s\u00f6ekulu. Sobib ideaalselt pikkade grillimiste ning suitsetamiste jaoks. Selle grills\u00f6e kvaliteedin\u00e4itajad on k\u00f5rgeimad Eestis pakutavate grills\u00fcte hulgas. S\u00fc\u00fctamiseks kulub umbes 5-10 minutit.<\/p>\n","protected":false},"excerpt":{"rendered":"<p>Suurus: 50L<\/p>\n","protected":false},"featured_media":11648,"template":"","meta":[],"product_brand":[],"product_cat":[142],"product_tag":[],"class_list":{"0":"post-10115","1":"product","2":"type-product","3":"status-publish","4":"has-post-thumbnail","6":"product_cat-susi-ja-suitsutamistarvikud","8":"first","9":"instock","10":"taxable","11":"shipping-taxable","12":"purchasable","13":"product-type-simple"},"_links":{"self":[{"href":"https:\/\/dreamfiregrill.com\/et\/wp-json\/wp\/v2\/product\/10115","targetHints":{"allow":["GET"]}}],"collection":[{"href":"https:\/\/dreamfiregrill.com\/et\/wp-json\/wp\/v2\/product"}],"about":[{"href":"https:\/\/dreamfiregrill.com\/et\/wp-json\/wp\/v2\/types\/product"}],"wp:featuredmedia":[{"embeddable":true,"href":"https:\/\/dreamfiregrill.com\/et\/wp-json\/wp\/v2\/media\/11648"}],"wp:attachment":[{"href":"https:\/\/dreamfiregrill.com\/et\/wp-json\/wp\/v2\/media?parent=10115"}],"wp:term":[{"taxonomy":"product_brand","embeddable":true,"href":"https:\/\/dreamfiregrill.com\/et\/wp-json\/wp\/v2\/product_brand?post=10115"},{"taxonomy":"product_cat","embeddable":true,"href":"https:\/\/dreamfiregrill.com\/et\/wp-json\/wp\/v2\/product_cat?post=10115"},{"taxonomy":"product_tag","embeddable":true,"href":"https:\/\/dreamfiregrill.com\/et\/wp-json\/wp\/v2\/product_tag?post=10115"}],"curies":[{"name":"wp","href":"https:\/\/api.w.org\/{rel}","templated":true}]}}