{"id":10117,"date":"2021-04-22T13:19:41","date_gmt":"2022-05-26T08:50:51","guid":{"rendered":"https:\/\/dreamfiregrill.com\/product\/dreamfire-tulekindel-grilli-alune-kaitsematt\/"},"modified":"2026-05-04T19:31:03","modified_gmt":"2026-05-04T16:31:03","slug":"dreamfire-tulekindel-grilli-alune-kaitsematt","status":"publish","type":"product","link":"https:\/\/dreamfiregrill.com\/et\/toode\/dreamfire-tulekindel-grilli-alune-kaitsematt\/","title":{"rendered":"Dreamfire\u00ae tulekindel grilli alune kaitsematt"},"content":{"rendered":"<p>Kaitsematt asetatakse grilli alla ning see kaitseb aluspinda rasva ning s\u00f6e kahjustuste eest. Tulekindel kaitsematt sobib igat t\u00fc\u00fcpi grillide alla. Mati diameeter on 92cm.<\/p>\n","protected":false},"excerpt":{"rendered":"<p>Kaitsematt asetatakse grilli alla ning see kaitseb aluspinda rasva ning s\u00f6e kahjustuste eest. Tulekindel kaitsematt sobib igat t\u00fc\u00fcpi grillide alla. Mati diameeter on 92cm.<\/p>\n","protected":false},"featured_media":9665,"template":"","meta":[],"product_brand":[],"product_cat":[92],"product_tag":[],"class_list":{"0":"post-10117","1":"product","2":"type-product","3":"status-publish","4":"has-post-thumbnail","6":"product_cat-lisavarustus","8":"first","9":"instock","10":"taxable","11":"shipping-taxable","12":"purchasable","13":"product-type-simple"},"_links":{"self":[{"href":"https:\/\/dreamfiregrill.com\/et\/wp-json\/wp\/v2\/product\/10117","targetHints":{"allow":["GET"]}}],"collection":[{"href":"https:\/\/dreamfiregrill.com\/et\/wp-json\/wp\/v2\/product"}],"about":[{"href":"https:\/\/dreamfiregrill.com\/et\/wp-json\/wp\/v2\/types\/product"}],"wp:featuredmedia":[{"embeddable":true,"href":"https:\/\/dreamfiregrill.com\/et\/wp-json\/wp\/v2\/media\/9665"}],"wp:attachment":[{"href":"https:\/\/dreamfiregrill.com\/et\/wp-json\/wp\/v2\/media?parent=10117"}],"wp:term":[{"taxonomy":"product_brand","embeddable":true,"href":"https:\/\/dreamfiregrill.com\/et\/wp-json\/wp\/v2\/product_brand?post=10117"},{"taxonomy":"product_cat","embeddable":true,"href":"https:\/\/dreamfiregrill.com\/et\/wp-json\/wp\/v2\/product_cat?post=10117"},{"taxonomy":"product_tag","embeddable":true,"href":"https:\/\/dreamfiregrill.com\/et\/wp-json\/wp\/v2\/product_tag?post=10117"}],"curies":[{"name":"wp","href":"https:\/\/api.w.org\/{rel}","templated":true}]}}