{"id":10121,"date":"2021-04-22T13:14:45","date_gmt":"2022-05-26T08:58:30","guid":{"rendered":"https:\/\/dreamfiregrill.com\/product\/dreamfire-pitsalabidas\/"},"modified":"2023-07-07T14:59:06","modified_gmt":"2023-07-07T11:59:06","slug":"dreamfire-pitsalabidas","status":"publish","type":"product","link":"https:\/\/dreamfiregrill.com\/et\/toode\/dreamfire-pitsalabidas\/","title":{"rendered":"Dreamfire\u00ae pitsalabidas"},"content":{"rendered":"<p>Dreamfire alumiiniumist pitsalabidas on t\u00f5eline professionaali t\u00f6\u00f6riist, mis v\u00f5imaldab h\u00f5lpsalt Dreamfire pitsaplaadi pealt pitsa maha t\u00f5sta. \u00d5hukest pitsalabidat on kerge l\u00fckata pitsa v\u00f5i muu k\u00fcpsetise alla ning pikk k\u00e4epide tagab ohutuse kuuma ahju l\u00e4heduses.<\/p>\n","protected":false},"excerpt":{"rendered":"<p>Pikkus: 64cm<\/p>\n","protected":false},"featured_media":9681,"template":"","meta":[],"product_brand":[],"product_cat":[92],"product_tag":[],"class_list":{"0":"post-10121","1":"product","2":"type-product","3":"status-publish","4":"has-post-thumbnail","6":"product_cat-lisavarustus","8":"first","9":"instock","10":"taxable","11":"shipping-taxable","12":"purchasable","13":"product-type-simple"},"_links":{"self":[{"href":"https:\/\/dreamfiregrill.com\/et\/wp-json\/wp\/v2\/product\/10121","targetHints":{"allow":["GET"]}}],"collection":[{"href":"https:\/\/dreamfiregrill.com\/et\/wp-json\/wp\/v2\/product"}],"about":[{"href":"https:\/\/dreamfiregrill.com\/et\/wp-json\/wp\/v2\/types\/product"}],"wp:featuredmedia":[{"embeddable":true,"href":"https:\/\/dreamfiregrill.com\/et\/wp-json\/wp\/v2\/media\/9681"}],"wp:attachment":[{"href":"https:\/\/dreamfiregrill.com\/et\/wp-json\/wp\/v2\/media?parent=10121"}],"wp:term":[{"taxonomy":"product_brand","embeddable":true,"href":"https:\/\/dreamfiregrill.com\/et\/wp-json\/wp\/v2\/product_brand?post=10121"},{"taxonomy":"product_cat","embeddable":true,"href":"https:\/\/dreamfiregrill.com\/et\/wp-json\/wp\/v2\/product_cat?post=10121"},{"taxonomy":"product_tag","embeddable":true,"href":"https:\/\/dreamfiregrill.com\/et\/wp-json\/wp\/v2\/product_tag?post=10121"}],"curies":[{"name":"wp","href":"https:\/\/api.w.org\/{rel}","templated":true}]}}